{"id":1051,"date":"2025-12-08T13:19:42","date_gmt":"2025-12-08T12:19:42","guid":{"rendered":"https:\/\/www.blueoceanmaldives.com\/hope\/"},"modified":"2026-01-10T19:46:41","modified_gmt":"2026-01-10T18:46:41","slug":"hope","status":"publish","type":"page","link":"https:\/\/www.blueoceanmaldives.com\/es\/nuestros-barcos\/hope\/","title":{"rendered":"HOPE CRUISER"},"content":{"rendered":"\t\t<div data-elementor-type=\"wp-page\" data-elementor-id=\"1051\" class=\"elementor elementor-1051 elementor-424\" data-elementor-post-type=\"page\">\n\t\t\t\t<div class=\"elementor-element elementor-element-7245f1f e-flex e-con-boxed e-con e-parent\" data-id=\"7245f1f\" data-element_type=\"container\">\n\t\t\t\t\t<div class=\"e-con-inner\">\n\t\t\t\t<div class=\"elementor-element elementor-element-659000a elementor-widget elementor-widget-heading\" data-id=\"659000a\" data-element_type=\"widget\" data-widget_type=\"heading.default\">\n\t\t\t\t\t<h2 class=\"elementor-heading-title elementor-size-default\">Parte de Nuestro Equipo<\/h2>\t\t\t\t<\/div>\n\t\t\t\t<div class=\"elementor-element elementor-element-89fc373 elementor-widget elementor-widget-text-editor\" data-id=\"89fc373\" data-element_type=\"widget\" data-widget_type=\"text-editor.default\">\n\t\t\t\t\t\t\t\t\t<p><b>Hope Cruiser<\/b> es parte de nuestra flota, es un barco ideal para grupos peque\u00f1os, desde un m\u00ednimo de 6 personas hasta 12, distribuidas en 6 cabinas dobles, todas ellas con ba\u00f1os privados. Su excelente tripulaci\u00f3n y magn\u00edfico chef har\u00e1n su viaje inolvidable. Adem\u00e1s, podr\u00e1 conocer a uno de nuestros gu\u00edas o incluso contratar nuestro servicio de fotograf\u00eda a bordo.  <\/p>\t\t\t\t\t\t\t\t<\/div>\n\t\t<div class=\"elementor-element elementor-element-780ca78 e-grid e-con-full e-con e-child\" data-id=\"780ca78\" data-element_type=\"container\">\n\t\t\t\t<div class=\"elementor-element elementor-element-32d9240 elementor-widget elementor-widget-text-editor\" data-id=\"32d9240\" data-element_type=\"widget\" data-widget_type=\"text-editor.default\">\n\t\t\t\t\t\t\t\t\t<ul><li>ESLORA (LONGITUD): 87 pies \/ 26,52 METROS<\/li><li>MANGA (ANCHO): 24 pies \/ 7,32 METROS<\/li><li>CAMAROTES: 6 camarotes y 1 para la tripulaci\u00f3n<\/li><li>ALOJAMIENTO N\u00daMERO DE PASAJEROS: 12 PERSONAS<\/li><li>TRIPULACI\u00d3N: 7<\/li><\/ul>\t\t\t\t\t\t\t\t<\/div>\n\t\t\t\t<div class=\"elementor-element elementor-element-3353640 elementor-widget elementor-widget-text-editor\" data-id=\"3353640\" data-element_type=\"widget\" data-widget_type=\"text-editor.default\">\n\t\t\t\t\t\t\t\t\t<ul><li>ELECTRICIDAD: 220 y 110 voltios de corriente alterna.<\/li><li>VELOCIDAD DE CRUCERO: 10-12 NUDOS<\/li><li>PLANTAS DESALINIZADORAS: 6 toneladas de capacidad de agua.<\/li><li>AIRE ACONDICIONADO: 6 camarotes con aire acondicionado.<\/li><\/ul>\t\t\t\t\t\t\t\t<\/div>\n\t\t\t\t<\/div>\n\t\t\t\t<div class=\"elementor-element elementor-element-ebba2e0 elementor-arrows-position-inside elementor-widget elementor-widget-image-carousel\" data-id=\"ebba2e0\" data-element_type=\"widget\" data-settings=\"{&quot;slides_to_show&quot;:&quot;4&quot;,&quot;navigation&quot;:&quot;arrows&quot;,&quot;lazyload&quot;:&quot;yes&quot;,&quot;autoplay&quot;:&quot;yes&quot;,&quot;pause_on_hover&quot;:&quot;yes&quot;,&quot;pause_on_interaction&quot;:&quot;yes&quot;,&quot;autoplay_speed&quot;:5000,&quot;infinite&quot;:&quot;yes&quot;,&quot;speed&quot;:500}\" data-widget_type=\"image-carousel.default\">\n\t\t\t\t\t\t\t<div class=\"elementor-image-carousel-wrapper swiper\" role=\"region\" aria-roledescription=\"carousel\" aria-label=\"Image Carousel\" dir=\"ltr\">\n\t\t\t<div class=\"elementor-image-carousel swiper-wrapper\" aria-live=\"off\">\n\t\t\t\t\t\t\t\t<div class=\"swiper-slide\" role=\"group\" aria-roledescription=\"slide\" aria-label=\"1 de 10\"><a data-elementor-open-lightbox=\"yes\" data-elementor-lightbox-slideshow=\"ebba2e0\" data-elementor-lightbox-title=\"hope aereo 2 (25)\" data-e-action-hash=\"#elementor-action%3Aaction%3Dlightbox%26settings%3DeyJpZCI6OTE2LCJ1cmwiOiJodHRwczpcL1wvd3d3LmJsdWVvY2Vhbm1hbGRpdmVzLmNvbVwvd3AtY29udGVudFwvdXBsb2Fkc1wvMjAyMVwvMTJcL2hvcGUtYWVyZW8tMi0yNS5qcGciLCJzbGlkZXNob3ciOiJlYmJhMmUwIn0%3D\" href=\"https:\/\/www.blueoceanmaldives.com\/wp-content\/uploads\/2021\/12\/hope-aereo-2-25.jpg\"><figure class=\"swiper-slide-inner\"><img class=\"swiper-slide-image swiper-lazy\" data-src=\"https:\/\/www.blueoceanmaldives.com\/wp-content\/uploads\/2021\/12\/hope-aereo-2-25-1024x768.jpg\" alt=\"hope aereo 2 (25)\" \/><div class=\"swiper-lazy-preloader\"><\/div><\/figure><\/a><\/div><div class=\"swiper-slide\" role=\"group\" aria-roledescription=\"slide\" aria-label=\"2 de 10\"><a data-elementor-open-lightbox=\"yes\" data-elementor-lightbox-slideshow=\"ebba2e0\" data-elementor-lightbox-title=\"hope 10 (19)\" data-e-action-hash=\"#elementor-action%3Aaction%3Dlightbox%26settings%3DeyJpZCI6OTE1LCJ1cmwiOiJodHRwczpcL1wvd3d3LmJsdWVvY2Vhbm1hbGRpdmVzLmNvbVwvd3AtY29udGVudFwvdXBsb2Fkc1wvMjAyMVwvMTJcL2hvcGUtMTAtMTkuanBnIiwic2xpZGVzaG93IjoiZWJiYTJlMCJ9\" href=\"https:\/\/www.blueoceanmaldives.com\/wp-content\/uploads\/2021\/12\/hope-10-19.jpg\"><figure class=\"swiper-slide-inner\"><img class=\"swiper-slide-image swiper-lazy\" data-src=\"https:\/\/www.blueoceanmaldives.com\/wp-content\/uploads\/2021\/12\/hope-10-19.jpg\" alt=\"hope 10 (19)\" \/><div class=\"swiper-lazy-preloader\"><\/div><\/figure><\/a><\/div><div class=\"swiper-slide\" role=\"group\" aria-roledescription=\"slide\" aria-label=\"3 de 10\"><a data-elementor-open-lightbox=\"yes\" data-elementor-lightbox-slideshow=\"ebba2e0\" data-elementor-lightbox-title=\"hope 9 (17)\" data-e-action-hash=\"#elementor-action%3Aaction%3Dlightbox%26settings%3DeyJpZCI6OTE0LCJ1cmwiOiJodHRwczpcL1wvd3d3LmJsdWVvY2Vhbm1hbGRpdmVzLmNvbVwvd3AtY29udGVudFwvdXBsb2Fkc1wvMjAyMVwvMTJcL2hvcGUtOS0xNy5qcGciLCJzbGlkZXNob3ciOiJlYmJhMmUwIn0%3D\" href=\"https:\/\/www.blueoceanmaldives.com\/wp-content\/uploads\/2021\/12\/hope-9-17.jpg\"><figure class=\"swiper-slide-inner\"><img class=\"swiper-slide-image swiper-lazy\" data-src=\"https:\/\/www.blueoceanmaldives.com\/wp-content\/uploads\/2021\/12\/hope-9-17-1024x680.jpg\" alt=\"hope 9 (17)\" \/><div class=\"swiper-lazy-preloader\"><\/div><\/figure><\/a><\/div><div class=\"swiper-slide\" role=\"group\" aria-roledescription=\"slide\" aria-label=\"4 de 10\"><a data-elementor-open-lightbox=\"yes\" data-elementor-lightbox-slideshow=\"ebba2e0\" data-elementor-lightbox-title=\"hope 6\" data-e-action-hash=\"#elementor-action%3Aaction%3Dlightbox%26settings%3DeyJpZCI6OTEzLCJ1cmwiOiJodHRwczpcL1wvd3d3LmJsdWVvY2Vhbm1hbGRpdmVzLmNvbVwvd3AtY29udGVudFwvdXBsb2Fkc1wvMjAyMVwvMTJcL2hvcGUtNi5qcGciLCJzbGlkZXNob3ciOiJlYmJhMmUwIn0%3D\" href=\"https:\/\/www.blueoceanmaldives.com\/wp-content\/uploads\/2021\/12\/hope-6.jpg\"><figure class=\"swiper-slide-inner\"><img class=\"swiper-slide-image swiper-lazy\" data-src=\"https:\/\/www.blueoceanmaldives.com\/wp-content\/uploads\/2021\/12\/hope-6-1024x577.jpg\" alt=\"hope 6\" \/><div class=\"swiper-lazy-preloader\"><\/div><\/figure><\/a><\/div><div class=\"swiper-slide\" role=\"group\" aria-roledescription=\"slide\" aria-label=\"5 de 10\"><a data-elementor-open-lightbox=\"yes\" data-elementor-lightbox-slideshow=\"ebba2e0\" data-elementor-lightbox-title=\"hope 5 (9)\" data-e-action-hash=\"#elementor-action%3Aaction%3Dlightbox%26settings%3DeyJpZCI6OTEyLCJ1cmwiOiJodHRwczpcL1wvd3d3LmJsdWVvY2Vhbm1hbGRpdmVzLmNvbVwvd3AtY29udGVudFwvdXBsb2Fkc1wvMjAyMVwvMTJcL2hvcGUtNS05LmpwZyIsInNsaWRlc2hvdyI6ImViYmEyZTAifQ%3D%3D\" href=\"https:\/\/www.blueoceanmaldives.com\/wp-content\/uploads\/2021\/12\/hope-5-9.jpg\"><figure class=\"swiper-slide-inner\"><img class=\"swiper-slide-image swiper-lazy\" data-src=\"https:\/\/www.blueoceanmaldives.com\/wp-content\/uploads\/2021\/12\/hope-5-9-1024x683.jpg\" alt=\"hope 5 (9)\" \/><div class=\"swiper-lazy-preloader\"><\/div><\/figure><\/a><\/div><div class=\"swiper-slide\" role=\"group\" aria-roledescription=\"slide\" aria-label=\"6 de 10\"><a data-elementor-open-lightbox=\"yes\" data-elementor-lightbox-slideshow=\"ebba2e0\" data-elementor-lightbox-title=\"hope 4 (7)\" data-e-action-hash=\"#elementor-action%3Aaction%3Dlightbox%26settings%3DeyJpZCI6OTExLCJ1cmwiOiJodHRwczpcL1wvd3d3LmJsdWVvY2Vhbm1hbGRpdmVzLmNvbVwvd3AtY29udGVudFwvdXBsb2Fkc1wvMjAyMVwvMTJcL2hvcGUtNC03LmpwZyIsInNsaWRlc2hvdyI6ImViYmEyZTAifQ%3D%3D\" href=\"https:\/\/www.blueoceanmaldives.com\/wp-content\/uploads\/2021\/12\/hope-4-7.jpg\"><figure class=\"swiper-slide-inner\"><img class=\"swiper-slide-image swiper-lazy\" data-src=\"https:\/\/www.blueoceanmaldives.com\/wp-content\/uploads\/2021\/12\/hope-4-7-1024x768.jpg\" alt=\"hope 4 (7)\" \/><div class=\"swiper-lazy-preloader\"><\/div><\/figure><\/a><\/div><div class=\"swiper-slide\" role=\"group\" aria-roledescription=\"slide\" aria-label=\"7 de 10\"><a data-elementor-open-lightbox=\"yes\" data-elementor-lightbox-slideshow=\"ebba2e0\" data-elementor-lightbox-title=\"hope 3\" data-e-action-hash=\"#elementor-action%3Aaction%3Dlightbox%26settings%3DeyJpZCI6OTEwLCJ1cmwiOiJodHRwczpcL1wvd3d3LmJsdWVvY2Vhbm1hbGRpdmVzLmNvbVwvd3AtY29udGVudFwvdXBsb2Fkc1wvMjAyMVwvMTJcL2hvcGUtMy5qcGciLCJzbGlkZXNob3ciOiJlYmJhMmUwIn0%3D\" href=\"https:\/\/www.blueoceanmaldives.com\/wp-content\/uploads\/2021\/12\/hope-3.jpg\"><figure class=\"swiper-slide-inner\"><img class=\"swiper-slide-image swiper-lazy\" data-src=\"https:\/\/www.blueoceanmaldives.com\/wp-content\/uploads\/2021\/12\/hope-3-1024x768.jpg\" alt=\"hope 3\" \/><div class=\"swiper-lazy-preloader\"><\/div><\/figure><\/a><\/div><div class=\"swiper-slide\" role=\"group\" aria-roledescription=\"slide\" aria-label=\"8 de 10\"><a data-elementor-open-lightbox=\"yes\" data-elementor-lightbox-slideshow=\"ebba2e0\" data-elementor-lightbox-title=\"IMG-20200116-WA0020\" data-e-action-hash=\"#elementor-action%3Aaction%3Dlightbox%26settings%3DeyJpZCI6OTE3LCJ1cmwiOiJodHRwczpcL1wvd3d3LmJsdWVvY2Vhbm1hbGRpdmVzLmNvbVwvd3AtY29udGVudFwvdXBsb2Fkc1wvMjAyMVwvMTJcL0lNRy0yMDIwMDExNi1XQTAwMjAuanBnIiwic2xpZGVzaG93IjoiZWJiYTJlMCJ9\" href=\"https:\/\/www.blueoceanmaldives.com\/wp-content\/uploads\/2021\/12\/IMG-20200116-WA0020.jpg\"><figure class=\"swiper-slide-inner\"><img class=\"swiper-slide-image swiper-lazy\" data-src=\"https:\/\/www.blueoceanmaldives.com\/wp-content\/uploads\/2021\/12\/IMG-20200116-WA0020-1024x795.jpg\" alt=\"IMG-20200116-WA0020\" \/><div class=\"swiper-lazy-preloader\"><\/div><\/figure><\/a><\/div><div class=\"swiper-slide\" role=\"group\" aria-roledescription=\"slide\" aria-label=\"9 de 10\"><a data-elementor-open-lightbox=\"yes\" data-elementor-lightbox-slideshow=\"ebba2e0\" data-elementor-lightbox-title=\"IMG-20200116-WA0024\" data-e-action-hash=\"#elementor-action%3Aaction%3Dlightbox%26settings%3DeyJpZCI6OTE4LCJ1cmwiOiJodHRwczpcL1wvd3d3LmJsdWVvY2Vhbm1hbGRpdmVzLmNvbVwvd3AtY29udGVudFwvdXBsb2Fkc1wvMjAyMVwvMTJcL0lNRy0yMDIwMDExNi1XQTAwMjQuanBnIiwic2xpZGVzaG93IjoiZWJiYTJlMCJ9\" href=\"https:\/\/www.blueoceanmaldives.com\/wp-content\/uploads\/2021\/12\/IMG-20200116-WA0024.jpg\"><figure class=\"swiper-slide-inner\"><img class=\"swiper-slide-image swiper-lazy\" data-src=\"https:\/\/www.blueoceanmaldives.com\/wp-content\/uploads\/2021\/12\/IMG-20200116-WA0024-1024x682.jpg\" alt=\"IMG-20200116-WA0024\" \/><div class=\"swiper-lazy-preloader\"><\/div><\/figure><\/a><\/div><div class=\"swiper-slide\" role=\"group\" aria-roledescription=\"slide\" aria-label=\"10 de 10\"><a data-elementor-open-lightbox=\"yes\" data-elementor-lightbox-slideshow=\"ebba2e0\" data-elementor-lightbox-title=\"IMG-20200116-WA0025\" data-e-action-hash=\"#elementor-action%3Aaction%3Dlightbox%26settings%3DeyJpZCI6OTE5LCJ1cmwiOiJodHRwczpcL1wvd3d3LmJsdWVvY2Vhbm1hbGRpdmVzLmNvbVwvd3AtY29udGVudFwvdXBsb2Fkc1wvMjAyMVwvMTJcL0lNRy0yMDIwMDExNi1XQTAwMjUuanBnIiwic2xpZGVzaG93IjoiZWJiYTJlMCJ9\" href=\"https:\/\/www.blueoceanmaldives.com\/wp-content\/uploads\/2021\/12\/IMG-20200116-WA0025.jpg\"><figure class=\"swiper-slide-inner\"><img class=\"swiper-slide-image swiper-lazy\" data-src=\"https:\/\/www.blueoceanmaldives.com\/wp-content\/uploads\/2021\/12\/IMG-20200116-WA0025-1024x682.jpg\" alt=\"IMG-20200116-WA0025\" \/><div class=\"swiper-lazy-preloader\"><\/div><\/figure><\/a><\/div>\t\t\t<\/div>\n\t\t\t\t\t\t\t\t\t\t\t\t<div class=\"elementor-swiper-button elementor-swiper-button-prev\" role=\"button\" tabindex=\"0\">\n\t\t\t\t\t\t<svg aria-hidden=\"true\" class=\"e-font-icon-svg e-eicon-chevron-left\" viewBox=\"0 0 1000 1000\" xmlns=\"http:\/\/www.w3.org\/2000\/svg\"><path d=\"M646 125C629 125 613 133 604 142L308 442C296 454 292 471 292 487 292 504 296 521 308 533L604 854C617 867 629 875 646 875 663 875 679 871 692 858 704 846 713 829 713 812 713 796 708 779 692 767L438 487 692 225C700 217 708 204 708 187 708 171 704 154 692 142 675 129 663 125 646 125Z\"><\/path><\/svg>\t\t\t\t\t<\/div>\n\t\t\t\t\t<div class=\"elementor-swiper-button elementor-swiper-button-next\" role=\"button\" tabindex=\"0\">\n\t\t\t\t\t\t<svg aria-hidden=\"true\" class=\"e-font-icon-svg e-eicon-chevron-right\" viewBox=\"0 0 1000 1000\" xmlns=\"http:\/\/www.w3.org\/2000\/svg\"><path d=\"M696 533C708 521 713 504 713 487 713 471 708 454 696 446L400 146C388 133 375 125 354 125 338 125 325 129 313 142 300 154 292 171 292 187 292 204 296 221 308 233L563 492 304 771C292 783 288 800 288 817 288 833 296 850 308 863 321 871 338 875 354 875 371 875 388 867 400 854L696 533Z\"><\/path><\/svg>\t\t\t\t\t<\/div>\n\t\t\t\t\n\t\t\t\t\t\t\t\t\t<\/div>\n\t\t\t\t\t\t<\/div>\n\t\t\t\t\t<\/div>\n\t\t\t\t<\/div>\n\t\t<div class=\"elementor-element elementor-element-51db65d e-flex e-con-boxed e-con e-parent\" data-id=\"51db65d\" data-element_type=\"container\">\n\t\t\t\t\t<div class=\"e-con-inner\">\n\t\t\t\t<div class=\"elementor-element elementor-element-8d6be80 elementor-widget elementor-widget-template\" data-id=\"8d6be80\" data-element_type=\"widget\" data-widget_type=\"template.default\">\n\t\t\t\t<div class=\"elementor-widget-container\">\n\t\t\t\t\t\t\t<div class=\"elementor-template\">\n\t\t\t\t\t<div data-elementor-type=\"container\" data-elementor-id=\"3385\" class=\"elementor elementor-3385 elementor-3101\" data-elementor-post-type=\"elementor_library\">\n\t\t\t\t<div class=\"elementor-element elementor-element-95d8553 e-flex e-con-boxed e-con e-parent\" data-id=\"95d8553\" data-element_type=\"container\">\n\t\t\t\t\t<div class=\"e-con-inner\">\n\t\t\t\t<div class=\"elementor-element elementor-element-558ba8c elementor-align-center elementor-widget elementor-widget-button\" data-id=\"558ba8c\" data-element_type=\"widget\" data-widget_type=\"button.default\">\n\t\t\t\t\t\t\t\t\t\t<a class=\"elementor-button elementor-button-link elementor-size-sm\" href=\"https:\/\/www.blueoceanmaldives.com\/es\/contacto\/\">\n\t\t\t\t\t\t<span class=\"elementor-button-content-wrapper\">\n\t\t\t\t\t\t\t\t\t<span class=\"elementor-button-text\">SOLICITAR M\u00c1S INFORMACI\u00d3N<\/span>\n\t\t\t\t\t<\/span>\n\t\t\t\t\t<\/a>\n\t\t\t\t\t\t\t\t<\/div>\n\t\t\t\t\t<\/div>\n\t\t\t\t<\/div>\n\t\t\t\t<\/div>\n\t\t\t\t<\/div>\n\t\t\t\t\t\t<\/div>\n\t\t\t\t<\/div>\n\t\t\t\t\t<\/div>\n\t\t\t\t<\/div>\n\t\t\t\t<\/div>\n\t\t","protected":false},"excerpt":{"rendered":"<p>Parte de Nuestro Equipo Hope Cruiser es parte de nuestra flota, es un barco ideal para grupos peque\u00f1os, desde un m\u00ednimo de 6 personas hasta 12, distribuidas en 6 cabinas dobles, todas ellas con ba\u00f1os privados. Su excelente tripulaci\u00f3n y magn\u00edfico chef har\u00e1n su viaje inolvidable. Adem\u00e1s, podr\u00e1 conocer a uno de nuestros gu\u00edas o [&hellip;]<\/p>\n","protected":false},"author":1,"featured_media":909,"parent":1058,"menu_order":0,"comment_status":"closed","ping_status":"closed","template":"","meta":{"_acf_changed":false,"footnotes":""},"class_list":["post-1051","page","type-page","status-publish","has-post-thumbnail","hentry"],"acf":[],"yoast_head":"<!-- This site is optimized with the Yoast SEO plugin v26.7 - https:\/\/yoast.com\/wordpress\/plugins\/seo\/ -->\n<title>HOPE CRUISER - Blue Ocean Maldives<\/title>\n<meta name=\"description\" content=\"Hope Cruiser Maldives liveaboard: surf-focused trips and ocean adventures, comfortable onboard stay, top atolls itineraries, and seamless logistics for your Maldives trip.\" \/>\n<meta name=\"robots\" content=\"index, follow, max-snippet:-1, max-image-preview:large, max-video-preview:-1\" \/>\n<link rel=\"canonical\" href=\"https:\/\/www.blueoceanmaldives.com\/es\/nuestros-barcos\/hope\/\" \/>\n<meta property=\"og:locale\" content=\"es_ES\" \/>\n<meta property=\"og:type\" content=\"article\" \/>\n<meta property=\"og:title\" content=\"Hope Cruiser Maldives | Liveaboard Trips for Surf &amp; Ocean Adventures\" \/>\n<meta property=\"og:description\" content=\"Join Hope Cruiser in the Maldives for surf sessions and ocean adventures. Plus, enjoy comfortable onboard living, top atoll routes, and smooth logistics.\" \/>\n<meta property=\"og:url\" content=\"https:\/\/www.blueoceanmaldives.com\/es\/nuestros-barcos\/hope\/\" \/>\n<meta property=\"og:site_name\" content=\"Blue Ocean Maldives\" \/>\n<meta property=\"article:publisher\" content=\"https:\/\/www.facebook.com\/Blueoceanmaldives\/\" \/>\n<meta property=\"article:modified_time\" content=\"2026-01-10T18:46:41+00:00\" \/>\n<meta property=\"og:image\" content=\"https:\/\/www.blueoceanmaldives.com\/wp-content\/uploads\/2021\/12\/hope-4-7-1024x768.jpg\" \/>\n<meta name=\"twitter:card\" content=\"summary_large_image\" \/>\n<meta name=\"twitter:label1\" content=\"Tiempo de lectura\" \/>\n\t<meta name=\"twitter:data1\" content=\"1 minuto\" \/>\n<script type=\"application\/ld+json\" class=\"yoast-schema-graph\">{\"@context\":\"https:\/\/schema.org\",\"@graph\":[{\"@type\":\"WebPage\",\"@id\":\"https:\/\/www.blueoceanmaldives.com\/es\/nuestros-barcos\/hope\/\",\"url\":\"https:\/\/www.blueoceanmaldives.com\/es\/nuestros-barcos\/hope\/\",\"name\":\"HOPE CRUISER - Blue Ocean Maldives\",\"isPartOf\":{\"@id\":\"https:\/\/www.blueoceanmaldives.com\/#website\"},\"primaryImageOfPage\":{\"@id\":\"https:\/\/www.blueoceanmaldives.com\/es\/nuestros-barcos\/hope\/#primaryimage\"},\"image\":{\"@id\":\"https:\/\/www.blueoceanmaldives.com\/es\/nuestros-barcos\/hope\/#primaryimage\"},\"thumbnailUrl\":\"https:\/\/www.blueoceanmaldives.com\/wp-content\/uploads\/2021\/12\/portada_hope.jpg\",\"datePublished\":\"2025-12-08T12:19:42+00:00\",\"dateModified\":\"2026-01-10T18:46:41+00:00\",\"description\":\"Hope Cruiser Maldives liveaboard: surf-focused trips and ocean adventures, comfortable onboard stay, top atolls itineraries, and seamless logistics for your Maldives trip.\",\"breadcrumb\":{\"@id\":\"https:\/\/www.blueoceanmaldives.com\/es\/nuestros-barcos\/hope\/#breadcrumb\"},\"inLanguage\":\"es\",\"potentialAction\":[{\"@type\":\"ReadAction\",\"target\":[\"https:\/\/www.blueoceanmaldives.com\/es\/nuestros-barcos\/hope\/\"]}]},{\"@type\":\"ImageObject\",\"inLanguage\":\"es\",\"@id\":\"https:\/\/www.blueoceanmaldives.com\/es\/nuestros-barcos\/hope\/#primaryimage\",\"url\":\"https:\/\/www.blueoceanmaldives.com\/wp-content\/uploads\/2021\/12\/portada_hope.jpg\",\"contentUrl\":\"https:\/\/www.blueoceanmaldives.com\/wp-content\/uploads\/2021\/12\/portada_hope.jpg\",\"width\":2048,\"height\":946},{\"@type\":\"BreadcrumbList\",\"@id\":\"https:\/\/www.blueoceanmaldives.com\/es\/nuestros-barcos\/hope\/#breadcrumb\",\"itemListElement\":[{\"@type\":\"ListItem\",\"position\":1,\"name\":\"Home\",\"item\":\"https:\/\/www.blueoceanmaldives.com\/es\/\"},{\"@type\":\"ListItem\",\"position\":2,\"name\":\"Nuestros barcos\",\"item\":\"https:\/\/www.blueoceanmaldives.com\/es\/nuestros-barcos\/\"},{\"@type\":\"ListItem\",\"position\":3,\"name\":\"HOPE CRUISER\"}]},{\"@type\":\"WebSite\",\"@id\":\"https:\/\/www.blueoceanmaldives.com\/#website\",\"url\":\"https:\/\/www.blueoceanmaldives.com\/\",\"name\":\"Blue Ocean Maldives\",\"description\":\"Un para\u00edso para disfrutar\",\"publisher\":{\"@id\":\"https:\/\/www.blueoceanmaldives.com\/#organization\"},\"potentialAction\":[{\"@type\":\"SearchAction\",\"target\":{\"@type\":\"EntryPoint\",\"urlTemplate\":\"https:\/\/www.blueoceanmaldives.com\/?s={search_term_string}\"},\"query-input\":{\"@type\":\"PropertyValueSpecification\",\"valueRequired\":true,\"valueName\":\"search_term_string\"}}],\"inLanguage\":\"es\"},{\"@type\":\"Organization\",\"@id\":\"https:\/\/www.blueoceanmaldives.com\/#organization\",\"name\":\"Blue Ocean Maldives\",\"url\":\"https:\/\/www.blueoceanmaldives.com\/\",\"logo\":{\"@type\":\"ImageObject\",\"inLanguage\":\"es\",\"@id\":\"https:\/\/www.blueoceanmaldives.com\/#\/schema\/logo\/image\/\",\"url\":\"https:\/\/www.blueoceanmaldives.com\/wp-content\/uploads\/2021\/11\/BOM_logo2-color.png\",\"contentUrl\":\"https:\/\/www.blueoceanmaldives.com\/wp-content\/uploads\/2021\/11\/BOM_logo2-color.png\",\"width\":2339,\"height\":577,\"caption\":\"Blue Ocean Maldives\"},\"image\":{\"@id\":\"https:\/\/www.blueoceanmaldives.com\/#\/schema\/logo\/image\/\"},\"sameAs\":[\"https:\/\/www.facebook.com\/Blueoceanmaldives\/\",\"https:\/\/www.instagram.com\/blueocean_maldives\/?hl=es\"]}]}<\/script>\n<!-- \/ Yoast SEO plugin. -->","yoast_head_json":{"title":"HOPE CRUISER - Blue Ocean Maldives","description":"Hope Cruiser Maldives liveaboard: surf-focused trips and ocean adventures, comfortable onboard stay, top atolls itineraries, and seamless logistics for your Maldives trip.","robots":{"index":"index","follow":"follow","max-snippet":"max-snippet:-1","max-image-preview":"max-image-preview:large","max-video-preview":"max-video-preview:-1"},"canonical":"https:\/\/www.blueoceanmaldives.com\/es\/nuestros-barcos\/hope\/","og_locale":"es_ES","og_type":"article","og_title":"Hope Cruiser Maldives | Liveaboard Trips for Surf & Ocean Adventures","og_description":"Join Hope Cruiser in the Maldives for surf sessions and ocean adventures. Plus, enjoy comfortable onboard living, top atoll routes, and smooth logistics.","og_url":"https:\/\/www.blueoceanmaldives.com\/es\/nuestros-barcos\/hope\/","og_site_name":"Blue Ocean Maldives","article_publisher":"https:\/\/www.facebook.com\/Blueoceanmaldives\/","article_modified_time":"2026-01-10T18:46:41+00:00","og_image":[{"url":"https:\/\/www.blueoceanmaldives.com\/wp-content\/uploads\/2021\/12\/hope-4-7-1024x768.jpg","type":"","width":"","height":""}],"twitter_card":"summary_large_image","twitter_misc":{"Tiempo de lectura":"1 minuto"},"schema":{"@context":"https:\/\/schema.org","@graph":[{"@type":"WebPage","@id":"https:\/\/www.blueoceanmaldives.com\/es\/nuestros-barcos\/hope\/","url":"https:\/\/www.blueoceanmaldives.com\/es\/nuestros-barcos\/hope\/","name":"HOPE CRUISER - Blue Ocean Maldives","isPartOf":{"@id":"https:\/\/www.blueoceanmaldives.com\/#website"},"primaryImageOfPage":{"@id":"https:\/\/www.blueoceanmaldives.com\/es\/nuestros-barcos\/hope\/#primaryimage"},"image":{"@id":"https:\/\/www.blueoceanmaldives.com\/es\/nuestros-barcos\/hope\/#primaryimage"},"thumbnailUrl":"https:\/\/www.blueoceanmaldives.com\/wp-content\/uploads\/2021\/12\/portada_hope.jpg","datePublished":"2025-12-08T12:19:42+00:00","dateModified":"2026-01-10T18:46:41+00:00","description":"Hope Cruiser Maldives liveaboard: surf-focused trips and ocean adventures, comfortable onboard stay, top atolls itineraries, and seamless logistics for your Maldives trip.","breadcrumb":{"@id":"https:\/\/www.blueoceanmaldives.com\/es\/nuestros-barcos\/hope\/#breadcrumb"},"inLanguage":"es","potentialAction":[{"@type":"ReadAction","target":["https:\/\/www.blueoceanmaldives.com\/es\/nuestros-barcos\/hope\/"]}]},{"@type":"ImageObject","inLanguage":"es","@id":"https:\/\/www.blueoceanmaldives.com\/es\/nuestros-barcos\/hope\/#primaryimage","url":"https:\/\/www.blueoceanmaldives.com\/wp-content\/uploads\/2021\/12\/portada_hope.jpg","contentUrl":"https:\/\/www.blueoceanmaldives.com\/wp-content\/uploads\/2021\/12\/portada_hope.jpg","width":2048,"height":946},{"@type":"BreadcrumbList","@id":"https:\/\/www.blueoceanmaldives.com\/es\/nuestros-barcos\/hope\/#breadcrumb","itemListElement":[{"@type":"ListItem","position":1,"name":"Home","item":"https:\/\/www.blueoceanmaldives.com\/es\/"},{"@type":"ListItem","position":2,"name":"Nuestros barcos","item":"https:\/\/www.blueoceanmaldives.com\/es\/nuestros-barcos\/"},{"@type":"ListItem","position":3,"name":"HOPE CRUISER"}]},{"@type":"WebSite","@id":"https:\/\/www.blueoceanmaldives.com\/#website","url":"https:\/\/www.blueoceanmaldives.com\/","name":"Blue Ocean Maldives","description":"Un para\u00edso para disfrutar","publisher":{"@id":"https:\/\/www.blueoceanmaldives.com\/#organization"},"potentialAction":[{"@type":"SearchAction","target":{"@type":"EntryPoint","urlTemplate":"https:\/\/www.blueoceanmaldives.com\/?s={search_term_string}"},"query-input":{"@type":"PropertyValueSpecification","valueRequired":true,"valueName":"search_term_string"}}],"inLanguage":"es"},{"@type":"Organization","@id":"https:\/\/www.blueoceanmaldives.com\/#organization","name":"Blue Ocean Maldives","url":"https:\/\/www.blueoceanmaldives.com\/","logo":{"@type":"ImageObject","inLanguage":"es","@id":"https:\/\/www.blueoceanmaldives.com\/#\/schema\/logo\/image\/","url":"https:\/\/www.blueoceanmaldives.com\/wp-content\/uploads\/2021\/11\/BOM_logo2-color.png","contentUrl":"https:\/\/www.blueoceanmaldives.com\/wp-content\/uploads\/2021\/11\/BOM_logo2-color.png","width":2339,"height":577,"caption":"Blue Ocean Maldives"},"image":{"@id":"https:\/\/www.blueoceanmaldives.com\/#\/schema\/logo\/image\/"},"sameAs":["https:\/\/www.facebook.com\/Blueoceanmaldives\/","https:\/\/www.instagram.com\/blueocean_maldives\/?hl=es"]}]}},"_links":{"self":[{"href":"https:\/\/www.blueoceanmaldives.com\/es\/wp-json\/wp\/v2\/pages\/1051","targetHints":{"allow":["GET"]}}],"collection":[{"href":"https:\/\/www.blueoceanmaldives.com\/es\/wp-json\/wp\/v2\/pages"}],"about":[{"href":"https:\/\/www.blueoceanmaldives.com\/es\/wp-json\/wp\/v2\/types\/page"}],"author":[{"embeddable":true,"href":"https:\/\/www.blueoceanmaldives.com\/es\/wp-json\/wp\/v2\/users\/1"}],"replies":[{"embeddable":true,"href":"https:\/\/www.blueoceanmaldives.com\/es\/wp-json\/wp\/v2\/comments?post=1051"}],"version-history":[{"count":7,"href":"https:\/\/www.blueoceanmaldives.com\/es\/wp-json\/wp\/v2\/pages\/1051\/revisions"}],"predecessor-version":[{"id":4973,"href":"https:\/\/www.blueoceanmaldives.com\/es\/wp-json\/wp\/v2\/pages\/1051\/revisions\/4973"}],"up":[{"embeddable":true,"href":"https:\/\/www.blueoceanmaldives.com\/es\/wp-json\/wp\/v2\/pages\/1058"}],"wp:featuredmedia":[{"embeddable":true,"href":"https:\/\/www.blueoceanmaldives.com\/es\/wp-json\/wp\/v2\/media\/909"}],"wp:attachment":[{"href":"https:\/\/www.blueoceanmaldives.com\/es\/wp-json\/wp\/v2\/media?parent=1051"}],"curies":[{"name":"wp","href":"https:\/\/api.w.org\/{rel}","templated":true}]}}