{"id":1089,"date":"2021-12-21T11:02:17","date_gmt":"2021-12-21T10:02:17","guid":{"rendered":"https:\/\/www.blueoceanmaldives.com\/travel-advice\/"},"modified":"2026-01-13T18:46:55","modified_gmt":"2026-01-13T17:46:55","slug":"consejo-de-viaje","status":"publish","type":"page","link":"https:\/\/www.blueoceanmaldives.com\/es\/consejo-de-viaje\/","title":{"rendered":"Consejo de viaje"},"content":{"rendered":"\t\t<div data-elementor-type=\"wp-page\" data-elementor-id=\"1089\" class=\"elementor elementor-1089 elementor-330\" data-elementor-post-type=\"page\">\n\t\t\t\t<div class=\"elementor-element elementor-element-4bccb4fa e-flex e-con-boxed e-con e-parent\" data-id=\"4bccb4fa\" data-element_type=\"container\">\n\t\t\t\t\t<div class=\"e-con-inner\">\n\t\t\t\t<div class=\"elementor-element elementor-element-1b824e04 elementor-widget elementor-widget-text-editor\" data-id=\"1b824e04\" data-element_type=\"widget\" data-widget_type=\"text-editor.default\">\n\t\t\t\t\t\t\t\t\t<h1 data-start=\"100\" data-end=\"114\"><strong>CONSEJOS DE VIAJE<\/strong><\/h1><p data-start=\"116\" data-end=\"275\">Para disfrutar de una experiencia completa en Maldivas y aprovechar al m\u00e1ximo tu viaje, te recomendamos tener en cuenta los siguientes consejos pr\u00e1cticos antes de tu salida.<\/p><h4 data-start=\"277\" data-end=\"291\"><strong>\u2708\ufe0f Billetes de avi\u00f3n<\/strong><\/h4><p data-start=\"292\" data-end=\"494\">Si deseas asesoramiento personalizado para la busqueda de tus vuelos a Maldivas, puedes contactar con nosotros y te osesoraremos con las mejores mejores opciones en cuanto a rutas, horarios y precios. <\/p><h4><strong>\ud83d\udeeb Llegada y salida del viaje<\/strong><\/h4><p data-start=\"525\" data-end=\"746\">Siempre recomendamos llegar a Maldivas a primera hora del d\u00eda de inicio del viaje y, para el regreso, programar vuelos por la tarde o noche. De este modo, podr\u00e1s disfrutar plenamente del primer y \u00faltimo d\u00eda de la experiencia. <\/p><p data-start=\"748\" data-end=\"909\">Las aerol\u00edneas Emirates, Qatar Airways y Etihad Airways ofrecen muy buenas conexiones y horarios desde Europa, lo que facilita una planificaci\u00f3n c\u00f3moda y eficiente del viaje.Airlines such as Emirates, Qatar Airways, and Etihad Airways offer excellent connections and schedules from Europe, making travel planning smooth and convenient.<\/p><h4 data-start=\"911\" data-end=\"936\"><strong>\ud83d\udec2 Tr\u00e1mites de entrada al pa\u00eds<\/strong><\/h4><p>Antes de viajar, aseg\u00farate de que tu pasaporte tenga una vigencia m\u00ednima de seis meses desde la fecha de entrada al pa\u00eds.<\/p><p data-start=\"937\" data-end=\"1017\">Antes de volar, es obligatorio completar el Travel Immigration Form de Maldivas.<\/p><p data-start=\"1019\" data-end=\"1118\">Puedes hacerlo online a trav\u00e9s del siguiente enlace oficial:<br data-start=\"1070\" data-end=\"1073\">\ud83d\udc49 <a class=\"decorated-link\" href=\"https:\/\/imuga.immigration.gov.mv\/traveller\" target=\"_new\" rel=\"noopener\" data-start=\"1076\" data-end=\"1118\">https:\/\/imuga.immigration.gov.mv\/traveller<\/a><\/p><p data-start=\"1120\" data-end=\"1198\">Te recomendamos realizar este tr\u00e1mite con antelaci\u00f3n (48h) para evitar cualquier contratiempo a la llegada.<\/p><h4 data-start=\"1200\" data-end=\"1239\"><strong>\ud83e\ude7a Salud y recomendaciones generales<\/strong><\/h4><ul data-start=\"1240\" data-end=\"1588\"><li data-start=\"1240\" data-end=\"1309\"><p data-start=\"1242\" data-end=\"1309\">No se requieren vacunas obligatorias para viajar a Maldivas.<\/p><\/li><li data-start=\"1310\" data-end=\"1376\"><p data-start=\"1312\" data-end=\"1376\">Es recomendable viajar con un peque\u00f1o botiqu\u00edn b\u00e1sico de viaje.<\/p><\/li><li data-start=\"1377\" data-end=\"1408\"><p data-start=\"1379\" data-end=\"1408\">Beber siempre agua embotellada<\/p><\/li><li data-start=\"1409\" data-end=\"1444\"><p data-start=\"1411\" data-end=\"1444\">Utilizar protecci\u00f3n solar adecuada<\/p><\/li><li data-start=\"1445\" data-end=\"1521\"><p data-start=\"1447\" data-end=\"1521\">Seguir las indicaciones del equipo local en actividades acu\u00e1ticas<\/p><\/li><li data-start=\"1522\" data-end=\"1588\"><p data-start=\"1524\" data-end=\"1588\">Contar con un seguro de viaje adecuado es imprescindible para viajar con tranquilidad.<\/p><\/li><\/ul><h4 data-start=\"1590\" data-end=\"1613\"><strong>\ud83d\udedf Seguro de viaje<\/strong><\/h4><p data-start=\"1614\" data-end=\"1772\">Es obligatorio contar con un seguro de viaje que cubra actividades acu\u00e1ticas, especialmente si vas a realizar surf, snorkel, buceo u otras experiencias en el mar.<\/p><h4 data-start=\"109\" data-end=\"270\">\ud83d\udedf <strong data-start=\"112\" data-end=\"138\">Seguro de cancelaci\u00f3n<\/strong><\/h4><p data-start=\"109\" data-end=\"270\">Recomendamos encarecidamente la contrataci\u00f3n de un seguro de cancelaci\u00f3n que cubra posibles imprevistos antes del inicio del viaje.<\/p><p data-start=\"272\" data-end=\"496\">Blue Ocean Tours SL no se hace responsable de cualquier incidencia, circunstancia personal o causa ajena a la organizaci\u00f3n que impida al cliente realizar el viaje una vez confirmada la reserva.<\/p><p data-start=\"498\" data-end=\"665\">Por este motivo, aconsejamos contratar un seguro de viaje y cancelaci\u00f3n adecuado que permita evitar p\u00e9rdidas econ\u00f3micas en caso de situaciones inesperadas.<\/p><h4 data-start=\"1774\" data-end=\"1788\"><strong>\ud83c\udf92 Equipaje<\/strong><\/h4><p data-start=\"1789\" data-end=\"1900\">Te recomendamos viajar con equipaje ligero y funcional. En Maldivas el ambiente es relajado y casual. <\/p><p data-start=\"1902\" data-end=\"1918\">Suggested items:<\/p><ul data-start=\"1919\" data-end=\"2195\"><li data-start=\"1919\" data-end=\"1955\"><p data-start=\"1921\" data-end=\"1955\">Ropa fresca y transpirable<\/p><\/li><li data-start=\"1956\" data-end=\"1982\"><p data-start=\"1958\" data-end=\"1982\">Ba\u00f1adores y ropa de playa<\/p><\/li><li data-start=\"1983\" data-end=\"2021\"><p data-start=\"1985\" data-end=\"2021\">Chanclas o calzado c\u00f3modo<\/p><\/li><li data-start=\"2022\" data-end=\"2073\"><p data-start=\"2024\" data-end=\"2073\">Protecci\u00f3n solar (preferiblemente reef-safe)<\/p><\/li><li data-start=\"2074\" data-end=\"2100\"><p data-start=\"2076\" data-end=\"2100\">Gorra y gafas de sol<\/p><\/li><li data-start=\"2101\" data-end=\"2195\"><p data-start=\"2103\" data-end=\"2195\">En viajes de surf o actividades acu\u00e1ticas: licra, escarpines y material personal si lo deseas<\/p><\/li><\/ul><p data-start=\"2197\" data-end=\"2337\">En los traslados internos (hidroavi\u00f3n o avioneta) puede haber limitaciones de peso, por lo que es importante no sobrecargar el equipaje.<\/p><h4 data-start=\"2339\" data-end=\"2365\"><strong>\ud83d\udcb0 Moneda y pagos<\/strong><\/h4><p data-start=\"2366\" data-end=\"2515\">La moneda local es la Rufiyaa maldiva (MVR), aunque en resorts, barcos y establecimientos tur\u00edsticos se aceptan d\u00f3lares estadounidenses (USD).<\/p><p data-start=\"2517\" data-end=\"2633\">Recomendamos llevar efectivo en USD para gastos personales y las propinas que son obligatorias en todas las experiencias con vida a bordo.<\/p><h4 data-start=\"2635\" data-end=\"2650\"><strong>\ud83c\udf26\ufe0f Clima<\/strong><\/h4><p data-start=\"2651\" data-end=\"2758\">Maldivas goza de un clima tropical durante todo el a\u00f1o, con temperaturas medias entre 26 \u00b0C y 30 \u00b0C.<\/p><ul data-start=\"2760\" data-end=\"3047\"><li data-start=\"2760\" data-end=\"2820\"><p data-start=\"2762\" data-end=\"2820\">La temporada m\u00e1s seca suele ir de noviembre a abril<\/p><\/li><li data-start=\"2821\" data-end=\"2951\"><p data-start=\"2823\" data-end=\"2951\">De mayo a octubre pueden darse lluvias puntuales, aunque siguen siendo meses muy valorados para surf y vida a bordo<\/p><\/li><li data-start=\"2952\" data-end=\"3047\"><p data-start=\"2954\" data-end=\"3047\">Las lluvias suelen ser breves y no afectan de forma significativa a la experiencia del viaje.<\/p><\/li><\/ul><h4 data-start=\"3049\" data-end=\"3082\"><strong>\ud83d\udd0c Electricidad y conectividad<\/strong><\/h4><ul data-start=\"3083\" data-end=\"3185\"><li data-start=\"3083\" data-end=\"3100\"><p data-start=\"3085\" data-end=\"3100\">El voltaje es de 230V<\/p><\/li><li data-start=\"3101\" data-end=\"3138\"><p data-start=\"3103\" data-end=\"3138\">Los enchufes suelen ser de tipo brit\u00e1nico (tipo G)<\/p><\/li><li data-start=\"3139\" data-end=\"3185\"><p data-start=\"3141\" data-end=\"3185\">Te recomendamos llevar un adaptador universal.<\/p><\/li><\/ul><p data-start=\"3187\" data-end=\"3425\">A la llegada al aeropuerto de Male se pueden adquirir tarjetas SIM a partir de 50USD aproximadamente para poder tener internet en nuestros smartphones. La conectividad es buena aunque durante la navegaci\u00f3n en algunas zonas puede ser limitada o intermitente. <\/p>\t\t\t\t\t\t\t\t<\/div>\n\t\t\t\t\t<\/div>\n\t\t\t\t<\/div>\n\t\t<div class=\"elementor-element elementor-element-6becba4 e-flex e-con-boxed e-con e-parent\" data-id=\"6becba4\" data-element_type=\"container\">\n\t\t\t\t\t<div class=\"e-con-inner\">\n\t\t\t\t<div class=\"elementor-element elementor-element-071e84d elementor-widget elementor-widget-template\" data-id=\"071e84d\" data-element_type=\"widget\" data-widget_type=\"template.default\">\n\t\t\t\t<div class=\"elementor-widget-container\">\n\t\t\t\t\t\t\t<div class=\"elementor-template\">\n\t\t\t\t\t<div data-elementor-type=\"container\" data-elementor-id=\"3385\" class=\"elementor elementor-3385 elementor-3101\" data-elementor-post-type=\"elementor_library\">\n\t\t\t\t<div class=\"elementor-element elementor-element-95d8553 e-flex e-con-boxed e-con e-parent\" data-id=\"95d8553\" data-element_type=\"container\">\n\t\t\t\t\t<div class=\"e-con-inner\">\n\t\t\t\t<div class=\"elementor-element elementor-element-558ba8c elementor-align-center elementor-widget elementor-widget-button\" data-id=\"558ba8c\" data-element_type=\"widget\" data-widget_type=\"button.default\">\n\t\t\t\t\t\t\t\t\t\t<a class=\"elementor-button elementor-button-link elementor-size-sm\" href=\"https:\/\/www.blueoceanmaldives.com\/es\/contacto\/\">\n\t\t\t\t\t\t<span class=\"elementor-button-content-wrapper\">\n\t\t\t\t\t\t\t\t\t<span class=\"elementor-button-text\">SOLICITAR M\u00c1S INFORMACI\u00d3N<\/span>\n\t\t\t\t\t<\/span>\n\t\t\t\t\t<\/a>\n\t\t\t\t\t\t\t\t<\/div>\n\t\t\t\t\t<\/div>\n\t\t\t\t<\/div>\n\t\t\t\t<\/div>\n\t\t\t\t<\/div>\n\t\t\t\t\t\t<\/div>\n\t\t\t\t<\/div>\n\t\t\t\t\t<\/div>\n\t\t\t\t<\/div>\n\t\t\t\t<\/div>\n\t\t","protected":false},"excerpt":{"rendered":"<p>CONSEJOS DE VIAJE Para disfrutar de una experiencia completa en Maldivas y aprovechar al m\u00e1ximo tu viaje, te recomendamos tener en cuenta los siguientes consejos pr\u00e1cticos antes de tu salida. \u2708\ufe0f Billetes de avi\u00f3n Si deseas asesoramiento personalizado para la busqueda de tus vuelos a Maldivas, puedes contactar con nosotros y te osesoraremos con las [&hellip;]<\/p>\n","protected":false},"author":1,"featured_media":5310,"parent":0,"menu_order":0,"comment_status":"closed","ping_status":"closed","template":"","meta":{"_acf_changed":false,"footnotes":""},"class_list":["post-1089","page","type-page","status-publish","has-post-thumbnail","hentry"],"acf":[],"yoast_head":"<!-- This site is optimized with the Yoast SEO plugin v26.7 - https:\/\/yoast.com\/wordpress\/plugins\/seo\/ -->\n<title>Consejo de viaje - Blue Ocean Maldives<\/title>\n<meta name=\"robots\" content=\"index, follow, max-snippet:-1, max-image-preview:large, max-video-preview:-1\" \/>\n<link rel=\"canonical\" href=\"https:\/\/www.blueoceanmaldives.com\/es\/consejo-de-viaje\/\" \/>\n<meta property=\"og:locale\" content=\"es_ES\" \/>\n<meta property=\"og:type\" content=\"article\" \/>\n<meta property=\"og:title\" content=\"Consejo de viaje - Blue Ocean Maldives\" \/>\n<meta property=\"og:description\" content=\"CONSEJOS DE VIAJE Para disfrutar de una experiencia completa en Maldivas y aprovechar al m\u00e1ximo tu viaje, te recomendamos tener en cuenta los siguientes consejos pr\u00e1cticos antes de tu salida. \u2708\ufe0f Billetes de avi\u00f3n Si deseas asesoramiento personalizado para la busqueda de tus vuelos a Maldivas, puedes contactar con nosotros y te osesoraremos con las [&hellip;]\" \/>\n<meta property=\"og:url\" content=\"https:\/\/www.blueoceanmaldives.com\/es\/consejo-de-viaje\/\" \/>\n<meta property=\"og:site_name\" content=\"Blue Ocean Maldives\" \/>\n<meta property=\"article:publisher\" content=\"https:\/\/www.facebook.com\/Blueoceanmaldives\/\" \/>\n<meta property=\"article:modified_time\" content=\"2026-01-13T17:46:55+00:00\" \/>\n<meta property=\"og:image\" content=\"https:\/\/www.blueoceanmaldives.com\/wp-content\/uploads\/2026\/01\/DSC04000-scaled.jpg\" \/>\n\t<meta property=\"og:image:width\" content=\"2560\" \/>\n\t<meta property=\"og:image:height\" content=\"1439\" \/>\n\t<meta property=\"og:image:type\" content=\"image\/jpeg\" \/>\n<meta name=\"twitter:card\" content=\"summary_large_image\" \/>\n<meta name=\"twitter:label1\" content=\"Tiempo de lectura\" \/>\n\t<meta name=\"twitter:data1\" content=\"2 minutos\" \/>\n<script type=\"application\/ld+json\" class=\"yoast-schema-graph\">{\"@context\":\"https:\/\/schema.org\",\"@graph\":[{\"@type\":\"WebPage\",\"@id\":\"https:\/\/www.blueoceanmaldives.com\/es\/consejo-de-viaje\/\",\"url\":\"https:\/\/www.blueoceanmaldives.com\/es\/consejo-de-viaje\/\",\"name\":\"Consejo de viaje - Blue Ocean Maldives\",\"isPartOf\":{\"@id\":\"https:\/\/www.blueoceanmaldives.com\/#website\"},\"primaryImageOfPage\":{\"@id\":\"https:\/\/www.blueoceanmaldives.com\/es\/consejo-de-viaje\/#primaryimage\"},\"image\":{\"@id\":\"https:\/\/www.blueoceanmaldives.com\/es\/consejo-de-viaje\/#primaryimage\"},\"thumbnailUrl\":\"https:\/\/www.blueoceanmaldives.com\/wp-content\/uploads\/2026\/01\/DSC04000-scaled.jpg\",\"datePublished\":\"2021-12-21T10:02:17+00:00\",\"dateModified\":\"2026-01-13T17:46:55+00:00\",\"breadcrumb\":{\"@id\":\"https:\/\/www.blueoceanmaldives.com\/es\/consejo-de-viaje\/#breadcrumb\"},\"inLanguage\":\"es\",\"potentialAction\":[{\"@type\":\"ReadAction\",\"target\":[\"https:\/\/www.blueoceanmaldives.com\/es\/consejo-de-viaje\/\"]}]},{\"@type\":\"ImageObject\",\"inLanguage\":\"es\",\"@id\":\"https:\/\/www.blueoceanmaldives.com\/es\/consejo-de-viaje\/#primaryimage\",\"url\":\"https:\/\/www.blueoceanmaldives.com\/wp-content\/uploads\/2026\/01\/DSC04000-scaled.jpg\",\"contentUrl\":\"https:\/\/www.blueoceanmaldives.com\/wp-content\/uploads\/2026\/01\/DSC04000-scaled.jpg\",\"width\":2560,\"height\":1439},{\"@type\":\"BreadcrumbList\",\"@id\":\"https:\/\/www.blueoceanmaldives.com\/es\/consejo-de-viaje\/#breadcrumb\",\"itemListElement\":[{\"@type\":\"ListItem\",\"position\":1,\"name\":\"Home\",\"item\":\"https:\/\/www.blueoceanmaldives.com\/es\/\"},{\"@type\":\"ListItem\",\"position\":2,\"name\":\"Consejo de viaje\"}]},{\"@type\":\"WebSite\",\"@id\":\"https:\/\/www.blueoceanmaldives.com\/#website\",\"url\":\"https:\/\/www.blueoceanmaldives.com\/\",\"name\":\"Blue Ocean Maldives\",\"description\":\"Un para\u00edso para disfrutar\",\"publisher\":{\"@id\":\"https:\/\/www.blueoceanmaldives.com\/#organization\"},\"potentialAction\":[{\"@type\":\"SearchAction\",\"target\":{\"@type\":\"EntryPoint\",\"urlTemplate\":\"https:\/\/www.blueoceanmaldives.com\/?s={search_term_string}\"},\"query-input\":{\"@type\":\"PropertyValueSpecification\",\"valueRequired\":true,\"valueName\":\"search_term_string\"}}],\"inLanguage\":\"es\"},{\"@type\":\"Organization\",\"@id\":\"https:\/\/www.blueoceanmaldives.com\/#organization\",\"name\":\"Blue Ocean Maldives\",\"url\":\"https:\/\/www.blueoceanmaldives.com\/\",\"logo\":{\"@type\":\"ImageObject\",\"inLanguage\":\"es\",\"@id\":\"https:\/\/www.blueoceanmaldives.com\/#\/schema\/logo\/image\/\",\"url\":\"https:\/\/www.blueoceanmaldives.com\/wp-content\/uploads\/2021\/11\/BOM_logo2-color.png\",\"contentUrl\":\"https:\/\/www.blueoceanmaldives.com\/wp-content\/uploads\/2021\/11\/BOM_logo2-color.png\",\"width\":2339,\"height\":577,\"caption\":\"Blue Ocean Maldives\"},\"image\":{\"@id\":\"https:\/\/www.blueoceanmaldives.com\/#\/schema\/logo\/image\/\"},\"sameAs\":[\"https:\/\/www.facebook.com\/Blueoceanmaldives\/\",\"https:\/\/www.instagram.com\/blueocean_maldives\/?hl=es\"]}]}<\/script>\n<!-- \/ Yoast SEO plugin. -->","yoast_head_json":{"title":"Consejo de viaje - Blue Ocean Maldives","robots":{"index":"index","follow":"follow","max-snippet":"max-snippet:-1","max-image-preview":"max-image-preview:large","max-video-preview":"max-video-preview:-1"},"canonical":"https:\/\/www.blueoceanmaldives.com\/es\/consejo-de-viaje\/","og_locale":"es_ES","og_type":"article","og_title":"Consejo de viaje - Blue Ocean Maldives","og_description":"CONSEJOS DE VIAJE Para disfrutar de una experiencia completa en Maldivas y aprovechar al m\u00e1ximo tu viaje, te recomendamos tener en cuenta los siguientes consejos pr\u00e1cticos antes de tu salida. \u2708\ufe0f Billetes de avi\u00f3n Si deseas asesoramiento personalizado para la busqueda de tus vuelos a Maldivas, puedes contactar con nosotros y te osesoraremos con las [&hellip;]","og_url":"https:\/\/www.blueoceanmaldives.com\/es\/consejo-de-viaje\/","og_site_name":"Blue Ocean Maldives","article_publisher":"https:\/\/www.facebook.com\/Blueoceanmaldives\/","article_modified_time":"2026-01-13T17:46:55+00:00","og_image":[{"width":2560,"height":1439,"url":"https:\/\/www.blueoceanmaldives.com\/wp-content\/uploads\/2026\/01\/DSC04000-scaled.jpg","type":"image\/jpeg"}],"twitter_card":"summary_large_image","twitter_misc":{"Tiempo de lectura":"2 minutos"},"schema":{"@context":"https:\/\/schema.org","@graph":[{"@type":"WebPage","@id":"https:\/\/www.blueoceanmaldives.com\/es\/consejo-de-viaje\/","url":"https:\/\/www.blueoceanmaldives.com\/es\/consejo-de-viaje\/","name":"Consejo de viaje - Blue Ocean Maldives","isPartOf":{"@id":"https:\/\/www.blueoceanmaldives.com\/#website"},"primaryImageOfPage":{"@id":"https:\/\/www.blueoceanmaldives.com\/es\/consejo-de-viaje\/#primaryimage"},"image":{"@id":"https:\/\/www.blueoceanmaldives.com\/es\/consejo-de-viaje\/#primaryimage"},"thumbnailUrl":"https:\/\/www.blueoceanmaldives.com\/wp-content\/uploads\/2026\/01\/DSC04000-scaled.jpg","datePublished":"2021-12-21T10:02:17+00:00","dateModified":"2026-01-13T17:46:55+00:00","breadcrumb":{"@id":"https:\/\/www.blueoceanmaldives.com\/es\/consejo-de-viaje\/#breadcrumb"},"inLanguage":"es","potentialAction":[{"@type":"ReadAction","target":["https:\/\/www.blueoceanmaldives.com\/es\/consejo-de-viaje\/"]}]},{"@type":"ImageObject","inLanguage":"es","@id":"https:\/\/www.blueoceanmaldives.com\/es\/consejo-de-viaje\/#primaryimage","url":"https:\/\/www.blueoceanmaldives.com\/wp-content\/uploads\/2026\/01\/DSC04000-scaled.jpg","contentUrl":"https:\/\/www.blueoceanmaldives.com\/wp-content\/uploads\/2026\/01\/DSC04000-scaled.jpg","width":2560,"height":1439},{"@type":"BreadcrumbList","@id":"https:\/\/www.blueoceanmaldives.com\/es\/consejo-de-viaje\/#breadcrumb","itemListElement":[{"@type":"ListItem","position":1,"name":"Home","item":"https:\/\/www.blueoceanmaldives.com\/es\/"},{"@type":"ListItem","position":2,"name":"Consejo de viaje"}]},{"@type":"WebSite","@id":"https:\/\/www.blueoceanmaldives.com\/#website","url":"https:\/\/www.blueoceanmaldives.com\/","name":"Blue Ocean Maldives","description":"Un para\u00edso para disfrutar","publisher":{"@id":"https:\/\/www.blueoceanmaldives.com\/#organization"},"potentialAction":[{"@type":"SearchAction","target":{"@type":"EntryPoint","urlTemplate":"https:\/\/www.blueoceanmaldives.com\/?s={search_term_string}"},"query-input":{"@type":"PropertyValueSpecification","valueRequired":true,"valueName":"search_term_string"}}],"inLanguage":"es"},{"@type":"Organization","@id":"https:\/\/www.blueoceanmaldives.com\/#organization","name":"Blue Ocean Maldives","url":"https:\/\/www.blueoceanmaldives.com\/","logo":{"@type":"ImageObject","inLanguage":"es","@id":"https:\/\/www.blueoceanmaldives.com\/#\/schema\/logo\/image\/","url":"https:\/\/www.blueoceanmaldives.com\/wp-content\/uploads\/2021\/11\/BOM_logo2-color.png","contentUrl":"https:\/\/www.blueoceanmaldives.com\/wp-content\/uploads\/2021\/11\/BOM_logo2-color.png","width":2339,"height":577,"caption":"Blue Ocean Maldives"},"image":{"@id":"https:\/\/www.blueoceanmaldives.com\/#\/schema\/logo\/image\/"},"sameAs":["https:\/\/www.facebook.com\/Blueoceanmaldives\/","https:\/\/www.instagram.com\/blueocean_maldives\/?hl=es"]}]}},"_links":{"self":[{"href":"https:\/\/www.blueoceanmaldives.com\/es\/wp-json\/wp\/v2\/pages\/1089","targetHints":{"allow":["GET"]}}],"collection":[{"href":"https:\/\/www.blueoceanmaldives.com\/es\/wp-json\/wp\/v2\/pages"}],"about":[{"href":"https:\/\/www.blueoceanmaldives.com\/es\/wp-json\/wp\/v2\/types\/page"}],"author":[{"embeddable":true,"href":"https:\/\/www.blueoceanmaldives.com\/es\/wp-json\/wp\/v2\/users\/1"}],"replies":[{"embeddable":true,"href":"https:\/\/www.blueoceanmaldives.com\/es\/wp-json\/wp\/v2\/comments?post=1089"}],"version-history":[{"count":40,"href":"https:\/\/www.blueoceanmaldives.com\/es\/wp-json\/wp\/v2\/pages\/1089\/revisions"}],"predecessor-version":[{"id":5937,"href":"https:\/\/www.blueoceanmaldives.com\/es\/wp-json\/wp\/v2\/pages\/1089\/revisions\/5937"}],"wp:featuredmedia":[{"embeddable":true,"href":"https:\/\/www.blueoceanmaldives.com\/es\/wp-json\/wp\/v2\/media\/5310"}],"wp:attachment":[{"href":"https:\/\/www.blueoceanmaldives.com\/es\/wp-json\/wp\/v2\/media?parent=1089"}],"curies":[{"name":"wp","href":"https:\/\/api.w.org\/{rel}","templated":true}]}}