{"id":1095,"date":"2021-12-20T22:37:59","date_gmt":"2021-12-20T21:37:59","guid":{"rendered":"https:\/\/www.blueoceanmaldives.com\/cinnamon-dhonveli\/"},"modified":"2026-01-11T11:20:07","modified_gmt":"2026-01-11T10:20:07","slug":"cinnamon-dhonveli","status":"publish","type":"page","link":"https:\/\/www.blueoceanmaldives.com\/es\/resorts\/cinnamon-dhonveli\/","title":{"rendered":"Cinnamon Dhonveli"},"content":{"rendered":"\t\t<div data-elementor-type=\"wp-page\" data-elementor-id=\"1095\" class=\"elementor elementor-1095 elementor-211\" data-elementor-post-type=\"page\">\n\t\t\t\t<div class=\"elementor-element elementor-element-a65363c e-flex e-con-boxed e-con e-parent\" data-id=\"a65363c\" data-element_type=\"container\">\n\t\t\t\t\t<div class=\"e-con-inner\">\n\t\t\t\t<div class=\"elementor-element elementor-element-45288628 elementor-widget elementor-widget-heading\" data-id=\"45288628\" data-element_type=\"widget\" data-widget_type=\"heading.default\">\n\t\t\t\t\t<h2 class=\"elementor-heading-title elementor-size-default\">Pasta Point<\/h2>\t\t\t\t<\/div>\n\t\t\t\t<div class=\"elementor-element elementor-element-2f4a8090 elementor-widget elementor-widget-text-editor\" data-id=\"2f4a8090\" data-element_type=\"widget\" data-widget_type=\"text-editor.default\">\n\t\t\t\t\t\t\t\t\t<p>Cinnamon Dhonveli Maldives (Pasta Point) es un resort insular tropical peque\u00f1o y hermoso en las Maldivas. Ofrece acceso exclusivo a la cl\u00e1sica rompiente de surf Pasta Point.<\/p>\t\t\t\t\t\t\t\t<\/div>\n\t\t\t\t\t<\/div>\n\t\t\t\t<\/div>\n\t\t<div class=\"elementor-element elementor-element-62c585ba e-flex e-con-boxed e-con e-parent\" data-id=\"62c585ba\" data-element_type=\"container\">\n\t\t\t\t\t<div class=\"e-con-inner\">\n\t\t\t\t<div class=\"elementor-element elementor-element-5df9bccf elementor-arrows-position-inside elementor-widget elementor-widget-image-carousel\" data-id=\"5df9bccf\" data-element_type=\"widget\" data-settings=\"{&quot;slides_to_show&quot;:&quot;4&quot;,&quot;navigation&quot;:&quot;arrows&quot;,&quot;lazyload&quot;:&quot;yes&quot;,&quot;autoplay&quot;:&quot;yes&quot;,&quot;pause_on_hover&quot;:&quot;yes&quot;,&quot;pause_on_interaction&quot;:&quot;yes&quot;,&quot;autoplay_speed&quot;:5000,&quot;infinite&quot;:&quot;yes&quot;,&quot;speed&quot;:500}\" data-widget_type=\"image-carousel.default\">\n\t\t\t\t\t\t\t<div class=\"elementor-image-carousel-wrapper swiper\" role=\"region\" aria-roledescription=\"carousel\" aria-label=\"Image Carousel\" dir=\"ltr\">\n\t\t\t<div class=\"elementor-image-carousel swiper-wrapper\" aria-live=\"off\">\n\t\t\t\t\t\t\t\t<div class=\"swiper-slide\" role=\"group\" aria-roledescription=\"slide\" aria-label=\"1 de 17\"><figure class=\"swiper-slide-inner\"><img class=\"swiper-slide-image swiper-lazy\" data-src=\"https:\/\/www.blueoceanmaldives.com\/wp-content\/uploads\/2021\/12\/WATER-VILLA.jpg\" alt=\"WATER VILLA\" \/><div class=\"swiper-lazy-preloader\"><\/div><\/figure><\/div><div class=\"swiper-slide\" role=\"group\" aria-roledescription=\"slide\" aria-label=\"2 de 17\"><figure class=\"swiper-slide-inner\"><img class=\"swiper-slide-image swiper-lazy\" data-src=\"https:\/\/www.blueoceanmaldives.com\/wp-content\/uploads\/2021\/12\/WATER-VILLA-2.jpg\" alt=\"WATER VILLA 2\" \/><div class=\"swiper-lazy-preloader\"><\/div><\/figure><\/div><div class=\"swiper-slide\" role=\"group\" aria-roledescription=\"slide\" aria-label=\"3 de 17\"><figure class=\"swiper-slide-inner\"><img class=\"swiper-slide-image swiper-lazy\" data-src=\"https:\/\/www.blueoceanmaldives.com\/wp-content\/uploads\/2021\/12\/WATER-VILLA-1.jpg\" alt=\"WATER VILLA 1\" \/><div class=\"swiper-lazy-preloader\"><\/div><\/figure><\/div><div class=\"swiper-slide\" role=\"group\" aria-roledescription=\"slide\" aria-label=\"4 de 17\"><figure class=\"swiper-slide-inner\"><img class=\"swiper-slide-image swiper-lazy\" data-src=\"https:\/\/www.blueoceanmaldives.com\/wp-content\/uploads\/2021\/12\/OVERWATER-2.jpg\" alt=\"OVERWATER 2\" \/><div class=\"swiper-lazy-preloader\"><\/div><\/figure><\/div><div class=\"swiper-slide\" role=\"group\" aria-roledescription=\"slide\" aria-label=\"5 de 17\"><figure class=\"swiper-slide-inner\"><img class=\"swiper-slide-image swiper-lazy\" data-src=\"https:\/\/www.blueoceanmaldives.com\/wp-content\/uploads\/2021\/12\/OVERWATER-1.jpg\" alt=\"OVERWATER 1\" \/><div class=\"swiper-lazy-preloader\"><\/div><\/figure><\/div><div class=\"swiper-slide\" role=\"group\" aria-roledescription=\"slide\" aria-label=\"6 de 17\"><figure class=\"swiper-slide-inner\"><img class=\"swiper-slide-image swiper-lazy\" data-src=\"https:\/\/www.blueoceanmaldives.com\/wp-content\/uploads\/2021\/12\/OCEAN-VILLA-1.jpg\" alt=\"OCEAN VILLA\" \/><div class=\"swiper-lazy-preloader\"><\/div><\/figure><\/div><div class=\"swiper-slide\" role=\"group\" aria-roledescription=\"slide\" aria-label=\"7 de 17\"><figure class=\"swiper-slide-inner\"><img class=\"swiper-slide-image swiper-lazy\" data-src=\"https:\/\/www.blueoceanmaldives.com\/wp-content\/uploads\/2021\/12\/JUNIOR-SUITE.jpg\" alt=\"JUNIOR SUITE\" \/><div class=\"swiper-lazy-preloader\"><\/div><\/figure><\/div><div class=\"swiper-slide\" role=\"group\" aria-roledescription=\"slide\" aria-label=\"8 de 17\"><figure class=\"swiper-slide-inner\"><img class=\"swiper-slide-image swiper-lazy\" data-src=\"https:\/\/www.blueoceanmaldives.com\/wp-content\/uploads\/2021\/12\/JUNIOR-SUITE-2.jpg\" alt=\"JUNIOR SUITE 2\" \/><div class=\"swiper-lazy-preloader\"><\/div><\/figure><\/div><div class=\"swiper-slide\" role=\"group\" aria-roledescription=\"slide\" aria-label=\"9 de 17\"><figure class=\"swiper-slide-inner\"><img class=\"swiper-slide-image swiper-lazy\" data-src=\"https:\/\/www.blueoceanmaldives.com\/wp-content\/uploads\/2021\/12\/JUNIOR-SUITE-1.jpg\" alt=\"JUNIOR SUITE 1\" \/><div class=\"swiper-lazy-preloader\"><\/div><\/figure><\/div><div class=\"swiper-slide\" role=\"group\" aria-roledescription=\"slide\" aria-label=\"10 de 17\"><figure class=\"swiper-slide-inner\"><img class=\"swiper-slide-image swiper-lazy\" data-src=\"https:\/\/www.blueoceanmaldives.com\/wp-content\/uploads\/2021\/12\/GARDEN-VILLA.jpg\" alt=\"GARDEN VILLA\" \/><div class=\"swiper-lazy-preloader\"><\/div><\/figure><\/div><div class=\"swiper-slide\" role=\"group\" aria-roledescription=\"slide\" aria-label=\"11 de 17\"><figure class=\"swiper-slide-inner\"><img class=\"swiper-slide-image swiper-lazy\" data-src=\"https:\/\/www.blueoceanmaldives.com\/wp-content\/uploads\/2021\/12\/GARDEN-VILLA-2.jpg\" alt=\"GARDEN VILLA 2\" \/><div class=\"swiper-lazy-preloader\"><\/div><\/figure><\/div><div class=\"swiper-slide\" role=\"group\" aria-roledescription=\"slide\" aria-label=\"12 de 17\"><figure class=\"swiper-slide-inner\"><img class=\"swiper-slide-image swiper-lazy\" data-src=\"https:\/\/www.blueoceanmaldives.com\/wp-content\/uploads\/2021\/12\/BEACH-VILLA-1.jpg\" alt=\"BEACH VILLA\" \/><div class=\"swiper-lazy-preloader\"><\/div><\/figure><\/div><div class=\"swiper-slide\" role=\"group\" aria-roledescription=\"slide\" aria-label=\"13 de 17\"><figure class=\"swiper-slide-inner\"><img class=\"swiper-slide-image swiper-lazy\" data-src=\"https:\/\/www.blueoceanmaldives.com\/wp-content\/uploads\/2021\/12\/BEACH-VILLA-3.jpg\" alt=\"BEACH VILLA 3\" \/><div class=\"swiper-lazy-preloader\"><\/div><\/figure><\/div><div class=\"swiper-slide\" role=\"group\" aria-roledescription=\"slide\" aria-label=\"14 de 17\"><figure class=\"swiper-slide-inner\"><img class=\"swiper-slide-image swiper-lazy\" data-src=\"https:\/\/www.blueoceanmaldives.com\/wp-content\/uploads\/2021\/12\/BEACH-VILLA-2.jpg\" alt=\"BEACH VILLA 2\" \/><div class=\"swiper-lazy-preloader\"><\/div><\/figure><\/div><div class=\"swiper-slide\" role=\"group\" aria-roledescription=\"slide\" aria-label=\"15 de 17\"><figure class=\"swiper-slide-inner\"><img class=\"swiper-slide-image swiper-lazy\" data-src=\"https:\/\/www.blueoceanmaldives.com\/wp-content\/uploads\/2021\/12\/BEACH-POOL-SUITE.jpg\" alt=\"BEACH POOL SUITE\" \/><div class=\"swiper-lazy-preloader\"><\/div><\/figure><\/div><div class=\"swiper-slide\" role=\"group\" aria-roledescription=\"slide\" aria-label=\"16 de 17\"><figure class=\"swiper-slide-inner\"><img class=\"swiper-slide-image swiper-lazy\" data-src=\"https:\/\/www.blueoceanmaldives.com\/wp-content\/uploads\/2021\/12\/BEACH-POOL-SUITE-2.jpg\" alt=\"BEACH POOL SUITE 2\" \/><div class=\"swiper-lazy-preloader\"><\/div><\/figure><\/div><div class=\"swiper-slide\" role=\"group\" aria-roledescription=\"slide\" aria-label=\"17 de 17\"><figure class=\"swiper-slide-inner\"><img class=\"swiper-slide-image swiper-lazy\" data-src=\"https:\/\/www.blueoceanmaldives.com\/wp-content\/uploads\/2021\/12\/BEACH-POOL-SUITE-1.jpg\" alt=\"BEACH POOL SUITE 1\" \/><div class=\"swiper-lazy-preloader\"><\/div><\/figure><\/div>\t\t\t<\/div>\n\t\t\t\t\t\t\t\t\t\t\t\t<div class=\"elementor-swiper-button elementor-swiper-button-prev\" role=\"button\" tabindex=\"0\">\n\t\t\t\t\t\t<svg aria-hidden=\"true\" class=\"e-font-icon-svg e-eicon-chevron-left\" viewBox=\"0 0 1000 1000\" xmlns=\"http:\/\/www.w3.org\/2000\/svg\"><path d=\"M646 125C629 125 613 133 604 142L308 442C296 454 292 471 292 487 292 504 296 521 308 533L604 854C617 867 629 875 646 875 663 875 679 871 692 858 704 846 713 829 713 812 713 796 708 779 692 767L438 487 692 225C700 217 708 204 708 187 708 171 704 154 692 142 675 129 663 125 646 125Z\"><\/path><\/svg>\t\t\t\t\t<\/div>\n\t\t\t\t\t<div class=\"elementor-swiper-button elementor-swiper-button-next\" role=\"button\" tabindex=\"0\">\n\t\t\t\t\t\t<svg aria-hidden=\"true\" class=\"e-font-icon-svg e-eicon-chevron-right\" viewBox=\"0 0 1000 1000\" xmlns=\"http:\/\/www.w3.org\/2000\/svg\"><path d=\"M696 533C708 521 713 504 713 487 713 471 708 454 696 446L400 146C388 133 375 125 354 125 338 125 325 129 313 142 300 154 292 171 292 187 292 204 296 221 308 233L563 492 304 771C292 783 288 800 288 817 288 833 296 850 308 863 321 871 338 875 354 875 371 875 388 867 400 854L696 533Z\"><\/path><\/svg>\t\t\t\t\t<\/div>\n\t\t\t\t\n\t\t\t\t\t\t\t\t\t<\/div>\n\t\t\t\t\t\t<\/div>\n\t\t\t\t\t<\/div>\n\t\t\t\t<\/div>\n\t\t<div class=\"elementor-element elementor-element-5011853e e-flex e-con-boxed e-con e-parent\" data-id=\"5011853e\" data-element_type=\"container\">\n\t\t\t\t\t<div class=\"e-con-inner\">\n\t\t<div class=\"elementor-element elementor-element-329116ab e-con-full e-flex e-con e-child\" data-id=\"329116ab\" data-element_type=\"container\">\n\t\t\t\t<div class=\"elementor-element elementor-element-5babf7d9 elementor-widget elementor-widget-heading\" data-id=\"5babf7d9\" data-element_type=\"widget\" data-widget_type=\"heading.default\">\n\t\t\t\t\t<h3 class=\"elementor-heading-title elementor-size-default\">Instalaciones<\/h3>\t\t\t\t<\/div>\n\t\t\t\t<div class=\"elementor-element elementor-element-78c152b elementor-widget elementor-widget-text-editor\" data-id=\"78c152b\" data-element_type=\"widget\" data-widget_type=\"text-editor.default\">\n\t\t\t\t\t\t\t\t\t<p>M\u00e1ximo de solo 33 surfistas en la isla con acceso exclusivo a Pasta Point.<\/p><p>El resort m\u00e1s cercano a otras rompientes principales como Sultans (D), Honky\u2019s (I) y Jailbreak (D), todas a 10 minutos en barco. Se incluyen traslados ilimitados en barco a las rompientes regionales.<\/p><p>Snorkeling y pesca incluidos (por favor, traiga su propio equipo de snorkeling y pesca).<\/p><p>Todo viajero surfista deber\u00eda experimentar las olas perfectas, consistentes y poco concurridas del reconocido Pasta Point mientras disfruta de las comodidades, el servicio y la comida sensacional del resort de cuatro estrellas Cinnamon Dhonveli Maldives.<\/p>\t\t\t\t\t\t\t\t<\/div>\n\t\t\t\t<\/div>\n\t\t<div class=\"elementor-element elementor-element-66fa6863 e-con-full e-flex e-con e-child\" data-id=\"66fa6863\" data-element_type=\"container\">\n\t\t\t\t<div class=\"elementor-element elementor-element-72dd484 elementor-widget elementor-widget-heading\" data-id=\"72dd484\" data-element_type=\"widget\" data-widget_type=\"heading.default\">\n\t\t\t\t\t<h3 class=\"elementor-heading-title elementor-size-default\">Caracter\u00edsticas<\/h3>\t\t\t\t<\/div>\n\t\t\t\t<div class=\"elementor-element elementor-element-14e1e9f1 elementor-widget elementor-widget-text-editor\" data-id=\"14e1e9f1\" data-element_type=\"widget\" data-widget_type=\"text-editor.default\">\n\t\t\t\t\t\t\t\t\t<p>El resort aloja hasta 250 hu\u00e9spedes, pero el n\u00famero de surfistas est\u00e1 limitado a solo 33. Las instalaciones incluyen un spa, restaurantes al aire libre, tres bares (uno con vistas a Pasta Point), acceso a internet Wi-Fi, piscina, billar, pista de tenis, b\u00e1dminton, gimnasio, playa segura para ni\u00f1os y una escuela de buceo PADI totalmente certificada. Con una playa de arena blanca y mucho que hacer para acompa\u00f1antes y ni\u00f1os que no surfean, es un gran lugar para relajarse o para pasar vacaciones con la familia.<\/p><p>Todas las habitaciones tienen aire acondicionado y cuentan con camas king-size, un minibar surtido, TV sat\u00e9lite\/por cable, tel\u00e9fono, menaje para t\u00e9\/caf\u00e9, armarios, escritorio y sillas. Se pueden proporcionar camas adicionales para el alojamiento familiar. Hay seis tipos de habitaciones, siendo las cuatro m\u00e1s populares para los surfistas y sus familias los Garden Bungalows, Beach Bungalows y Water Bungalows, y las lujosas Over Water Suites.<\/p>\t\t\t\t\t\t\t\t<\/div>\n\t\t\t\t<\/div>\n\t\t\t\t\t<\/div>\n\t\t\t\t<\/div>\n\t\t<div class=\"elementor-element elementor-element-33a2c004 e-flex e-con-boxed e-con e-parent\" data-id=\"33a2c004\" data-element_type=\"container\">\n\t\t\t\t\t<div class=\"e-con-inner\">\n\t\t\t\t<div class=\"elementor-element elementor-element-4f0c2bfa elementor-widget elementor-widget-template\" data-id=\"4f0c2bfa\" data-element_type=\"widget\" data-widget_type=\"template.default\">\n\t\t\t\t<div class=\"elementor-widget-container\">\n\t\t\t\t\t\t\t<div class=\"elementor-template\">\n\t\t\t\t\t<div data-elementor-type=\"container\" data-elementor-id=\"3385\" class=\"elementor elementor-3385 elementor-3101\" data-elementor-post-type=\"elementor_library\">\n\t\t\t\t<div class=\"elementor-element elementor-element-95d8553 e-flex e-con-boxed e-con e-parent\" data-id=\"95d8553\" data-element_type=\"container\">\n\t\t\t\t\t<div class=\"e-con-inner\">\n\t\t\t\t<div class=\"elementor-element elementor-element-558ba8c elementor-align-center elementor-widget elementor-widget-button\" data-id=\"558ba8c\" data-element_type=\"widget\" data-widget_type=\"button.default\">\n\t\t\t\t\t\t\t\t\t\t<a class=\"elementor-button elementor-button-link elementor-size-sm\" href=\"https:\/\/www.blueoceanmaldives.com\/es\/contacto\/\">\n\t\t\t\t\t\t<span class=\"elementor-button-content-wrapper\">\n\t\t\t\t\t\t\t\t\t<span class=\"elementor-button-text\">SOLICITAR M\u00c1S INFORMACI\u00d3N<\/span>\n\t\t\t\t\t<\/span>\n\t\t\t\t\t<\/a>\n\t\t\t\t\t\t\t\t<\/div>\n\t\t\t\t\t<\/div>\n\t\t\t\t<\/div>\n\t\t\t\t<\/div>\n\t\t\t\t<\/div>\n\t\t\t\t\t\t<\/div>\n\t\t\t\t<\/div>\n\t\t\t\t\t<\/div>\n\t\t\t\t<\/div>\n\t\t\t\t<\/div>\n\t\t","protected":false},"excerpt":{"rendered":"<p>Pasta Point Cinnamon Dhonveli Maldives (Pasta Point) es un resort insular tropical peque\u00f1o y hermoso en las Maldivas. Ofrece acceso exclusivo a la cl\u00e1sica rompiente de surf Pasta Point. Instalaciones M\u00e1ximo de solo 33 surfistas en la isla con acceso exclusivo a Pasta Point. El resort m\u00e1s cercano a otras rompientes principales como Sultans (D), [&hellip;]<\/p>\n","protected":false},"author":1,"featured_media":769,"parent":1096,"menu_order":0,"comment_status":"closed","ping_status":"closed","template":"","meta":{"_acf_changed":false,"footnotes":""},"class_list":["post-1095","page","type-page","status-publish","has-post-thumbnail","hentry"],"acf":[],"yoast_head":"<!-- This site is optimized with the Yoast SEO plugin v26.7 - https:\/\/yoast.com\/wordpress\/plugins\/seo\/ -->\n<title>Cinnamon Dhonveli - Blue Ocean Maldives<\/title>\n<meta name=\"description\" content=\"Cinnamon Dhonveli Maldives surf resort: surf Pasta Point fast. Then enjoy white-sand beaches, a turquoise lagoon, great dining, and a relaxing spa.\" \/>\n<meta name=\"robots\" content=\"index, follow, max-snippet:-1, max-image-preview:large, max-video-preview:-1\" \/>\n<link rel=\"canonical\" href=\"https:\/\/www.blueoceanmaldives.com\/es\/resorts\/cinnamon-dhonveli\/\" \/>\n<meta property=\"og:locale\" content=\"es_ES\" \/>\n<meta property=\"og:type\" content=\"article\" \/>\n<meta property=\"og:title\" content=\"Cinnamon Dhonveli - Blue Ocean Maldives\" \/>\n<meta property=\"og:description\" content=\"Cinnamon Dhonveli Maldives surf resort: surf Pasta Point fast. Then enjoy white-sand beaches, a turquoise lagoon, great dining, and a relaxing spa.\" \/>\n<meta property=\"og:url\" content=\"https:\/\/www.blueoceanmaldives.com\/es\/resorts\/cinnamon-dhonveli\/\" \/>\n<meta property=\"og:site_name\" content=\"Blue Ocean Maldives\" \/>\n<meta property=\"article:publisher\" content=\"https:\/\/www.facebook.com\/Blueoceanmaldives\/\" \/>\n<meta property=\"article:modified_time\" content=\"2026-01-11T10:20:07+00:00\" \/>\n<meta property=\"og:image\" content=\"https:\/\/www.blueoceanmaldives.com\/wp-content\/uploads\/2021\/12\/OCEAN-VILLA.jpg\" \/>\n\t<meta property=\"og:image:width\" content=\"2078\" \/>\n\t<meta property=\"og:image:height\" content=\"1053\" \/>\n\t<meta property=\"og:image:type\" content=\"image\/jpeg\" \/>\n<meta name=\"twitter:card\" content=\"summary_large_image\" \/>\n<meta name=\"twitter:label1\" content=\"Tiempo de lectura\" \/>\n\t<meta name=\"twitter:data1\" content=\"1 minuto\" \/>\n<script type=\"application\/ld+json\" class=\"yoast-schema-graph\">{\"@context\":\"https:\/\/schema.org\",\"@graph\":[{\"@type\":\"WebPage\",\"@id\":\"https:\/\/www.blueoceanmaldives.com\/es\/resorts\/cinnamon-dhonveli\/\",\"url\":\"https:\/\/www.blueoceanmaldives.com\/es\/resorts\/cinnamon-dhonveli\/\",\"name\":\"Cinnamon Dhonveli - Blue Ocean Maldives\",\"isPartOf\":{\"@id\":\"https:\/\/www.blueoceanmaldives.com\/#website\"},\"primaryImageOfPage\":{\"@id\":\"https:\/\/www.blueoceanmaldives.com\/es\/resorts\/cinnamon-dhonveli\/#primaryimage\"},\"image\":{\"@id\":\"https:\/\/www.blueoceanmaldives.com\/es\/resorts\/cinnamon-dhonveli\/#primaryimage\"},\"thumbnailUrl\":\"https:\/\/www.blueoceanmaldives.com\/wp-content\/uploads\/2021\/12\/OCEAN-VILLA.jpg\",\"datePublished\":\"2021-12-20T21:37:59+00:00\",\"dateModified\":\"2026-01-11T10:20:07+00:00\",\"description\":\"Cinnamon Dhonveli Maldives surf resort: surf Pasta Point fast. Then enjoy white-sand beaches, a turquoise lagoon, great dining, and a relaxing spa.\",\"breadcrumb\":{\"@id\":\"https:\/\/www.blueoceanmaldives.com\/es\/resorts\/cinnamon-dhonveli\/#breadcrumb\"},\"inLanguage\":\"es\",\"potentialAction\":[{\"@type\":\"ReadAction\",\"target\":[\"https:\/\/www.blueoceanmaldives.com\/es\/resorts\/cinnamon-dhonveli\/\"]}]},{\"@type\":\"ImageObject\",\"inLanguage\":\"es\",\"@id\":\"https:\/\/www.blueoceanmaldives.com\/es\/resorts\/cinnamon-dhonveli\/#primaryimage\",\"url\":\"https:\/\/www.blueoceanmaldives.com\/wp-content\/uploads\/2021\/12\/OCEAN-VILLA.jpg\",\"contentUrl\":\"https:\/\/www.blueoceanmaldives.com\/wp-content\/uploads\/2021\/12\/OCEAN-VILLA.jpg\",\"width\":2078,\"height\":1053},{\"@type\":\"BreadcrumbList\",\"@id\":\"https:\/\/www.blueoceanmaldives.com\/es\/resorts\/cinnamon-dhonveli\/#breadcrumb\",\"itemListElement\":[{\"@type\":\"ListItem\",\"position\":1,\"name\":\"Home\",\"item\":\"https:\/\/www.blueoceanmaldives.com\/es\/\"},{\"@type\":\"ListItem\",\"position\":2,\"name\":\"Resorts\",\"item\":\"https:\/\/www.blueoceanmaldives.com\/es\/resorts\/\"},{\"@type\":\"ListItem\",\"position\":3,\"name\":\"Cinnamon Dhonveli\"}]},{\"@type\":\"WebSite\",\"@id\":\"https:\/\/www.blueoceanmaldives.com\/#website\",\"url\":\"https:\/\/www.blueoceanmaldives.com\/\",\"name\":\"Blue Ocean Maldives\",\"description\":\"Un para\u00edso para disfrutar\",\"publisher\":{\"@id\":\"https:\/\/www.blueoceanmaldives.com\/#organization\"},\"potentialAction\":[{\"@type\":\"SearchAction\",\"target\":{\"@type\":\"EntryPoint\",\"urlTemplate\":\"https:\/\/www.blueoceanmaldives.com\/?s={search_term_string}\"},\"query-input\":{\"@type\":\"PropertyValueSpecification\",\"valueRequired\":true,\"valueName\":\"search_term_string\"}}],\"inLanguage\":\"es\"},{\"@type\":\"Organization\",\"@id\":\"https:\/\/www.blueoceanmaldives.com\/#organization\",\"name\":\"Blue Ocean Maldives\",\"url\":\"https:\/\/www.blueoceanmaldives.com\/\",\"logo\":{\"@type\":\"ImageObject\",\"inLanguage\":\"es\",\"@id\":\"https:\/\/www.blueoceanmaldives.com\/#\/schema\/logo\/image\/\",\"url\":\"https:\/\/www.blueoceanmaldives.com\/wp-content\/uploads\/2021\/11\/BOM_logo2-color.png\",\"contentUrl\":\"https:\/\/www.blueoceanmaldives.com\/wp-content\/uploads\/2021\/11\/BOM_logo2-color.png\",\"width\":2339,\"height\":577,\"caption\":\"Blue Ocean Maldives\"},\"image\":{\"@id\":\"https:\/\/www.blueoceanmaldives.com\/#\/schema\/logo\/image\/\"},\"sameAs\":[\"https:\/\/www.facebook.com\/Blueoceanmaldives\/\",\"https:\/\/www.instagram.com\/blueocean_maldives\/?hl=es\"]}]}<\/script>\n<!-- \/ Yoast SEO plugin. -->","yoast_head_json":{"title":"Cinnamon Dhonveli - Blue Ocean Maldives","description":"Cinnamon Dhonveli Maldives surf resort: surf Pasta Point fast. Then enjoy white-sand beaches, a turquoise lagoon, great dining, and a relaxing spa.","robots":{"index":"index","follow":"follow","max-snippet":"max-snippet:-1","max-image-preview":"max-image-preview:large","max-video-preview":"max-video-preview:-1"},"canonical":"https:\/\/www.blueoceanmaldives.com\/es\/resorts\/cinnamon-dhonveli\/","og_locale":"es_ES","og_type":"article","og_title":"Cinnamon Dhonveli - Blue Ocean Maldives","og_description":"Cinnamon Dhonveli Maldives surf resort: surf Pasta Point fast. Then enjoy white-sand beaches, a turquoise lagoon, great dining, and a relaxing spa.","og_url":"https:\/\/www.blueoceanmaldives.com\/es\/resorts\/cinnamon-dhonveli\/","og_site_name":"Blue Ocean Maldives","article_publisher":"https:\/\/www.facebook.com\/Blueoceanmaldives\/","article_modified_time":"2026-01-11T10:20:07+00:00","og_image":[{"width":2078,"height":1053,"url":"https:\/\/www.blueoceanmaldives.com\/wp-content\/uploads\/2021\/12\/OCEAN-VILLA.jpg","type":"image\/jpeg"}],"twitter_card":"summary_large_image","twitter_misc":{"Tiempo de lectura":"1 minuto"},"schema":{"@context":"https:\/\/schema.org","@graph":[{"@type":"WebPage","@id":"https:\/\/www.blueoceanmaldives.com\/es\/resorts\/cinnamon-dhonveli\/","url":"https:\/\/www.blueoceanmaldives.com\/es\/resorts\/cinnamon-dhonveli\/","name":"Cinnamon Dhonveli - Blue Ocean Maldives","isPartOf":{"@id":"https:\/\/www.blueoceanmaldives.com\/#website"},"primaryImageOfPage":{"@id":"https:\/\/www.blueoceanmaldives.com\/es\/resorts\/cinnamon-dhonveli\/#primaryimage"},"image":{"@id":"https:\/\/www.blueoceanmaldives.com\/es\/resorts\/cinnamon-dhonveli\/#primaryimage"},"thumbnailUrl":"https:\/\/www.blueoceanmaldives.com\/wp-content\/uploads\/2021\/12\/OCEAN-VILLA.jpg","datePublished":"2021-12-20T21:37:59+00:00","dateModified":"2026-01-11T10:20:07+00:00","description":"Cinnamon Dhonveli Maldives surf resort: surf Pasta Point fast. Then enjoy white-sand beaches, a turquoise lagoon, great dining, and a relaxing spa.","breadcrumb":{"@id":"https:\/\/www.blueoceanmaldives.com\/es\/resorts\/cinnamon-dhonveli\/#breadcrumb"},"inLanguage":"es","potentialAction":[{"@type":"ReadAction","target":["https:\/\/www.blueoceanmaldives.com\/es\/resorts\/cinnamon-dhonveli\/"]}]},{"@type":"ImageObject","inLanguage":"es","@id":"https:\/\/www.blueoceanmaldives.com\/es\/resorts\/cinnamon-dhonveli\/#primaryimage","url":"https:\/\/www.blueoceanmaldives.com\/wp-content\/uploads\/2021\/12\/OCEAN-VILLA.jpg","contentUrl":"https:\/\/www.blueoceanmaldives.com\/wp-content\/uploads\/2021\/12\/OCEAN-VILLA.jpg","width":2078,"height":1053},{"@type":"BreadcrumbList","@id":"https:\/\/www.blueoceanmaldives.com\/es\/resorts\/cinnamon-dhonveli\/#breadcrumb","itemListElement":[{"@type":"ListItem","position":1,"name":"Home","item":"https:\/\/www.blueoceanmaldives.com\/es\/"},{"@type":"ListItem","position":2,"name":"Resorts","item":"https:\/\/www.blueoceanmaldives.com\/es\/resorts\/"},{"@type":"ListItem","position":3,"name":"Cinnamon Dhonveli"}]},{"@type":"WebSite","@id":"https:\/\/www.blueoceanmaldives.com\/#website","url":"https:\/\/www.blueoceanmaldives.com\/","name":"Blue Ocean Maldives","description":"Un para\u00edso para disfrutar","publisher":{"@id":"https:\/\/www.blueoceanmaldives.com\/#organization"},"potentialAction":[{"@type":"SearchAction","target":{"@type":"EntryPoint","urlTemplate":"https:\/\/www.blueoceanmaldives.com\/?s={search_term_string}"},"query-input":{"@type":"PropertyValueSpecification","valueRequired":true,"valueName":"search_term_string"}}],"inLanguage":"es"},{"@type":"Organization","@id":"https:\/\/www.blueoceanmaldives.com\/#organization","name":"Blue Ocean Maldives","url":"https:\/\/www.blueoceanmaldives.com\/","logo":{"@type":"ImageObject","inLanguage":"es","@id":"https:\/\/www.blueoceanmaldives.com\/#\/schema\/logo\/image\/","url":"https:\/\/www.blueoceanmaldives.com\/wp-content\/uploads\/2021\/11\/BOM_logo2-color.png","contentUrl":"https:\/\/www.blueoceanmaldives.com\/wp-content\/uploads\/2021\/11\/BOM_logo2-color.png","width":2339,"height":577,"caption":"Blue Ocean Maldives"},"image":{"@id":"https:\/\/www.blueoceanmaldives.com\/#\/schema\/logo\/image\/"},"sameAs":["https:\/\/www.facebook.com\/Blueoceanmaldives\/","https:\/\/www.instagram.com\/blueocean_maldives\/?hl=es"]}]}},"_links":{"self":[{"href":"https:\/\/www.blueoceanmaldives.com\/es\/wp-json\/wp\/v2\/pages\/1095","targetHints":{"allow":["GET"]}}],"collection":[{"href":"https:\/\/www.blueoceanmaldives.com\/es\/wp-json\/wp\/v2\/pages"}],"about":[{"href":"https:\/\/www.blueoceanmaldives.com\/es\/wp-json\/wp\/v2\/types\/page"}],"author":[{"embeddable":true,"href":"https:\/\/www.blueoceanmaldives.com\/es\/wp-json\/wp\/v2\/users\/1"}],"replies":[{"embeddable":true,"href":"https:\/\/www.blueoceanmaldives.com\/es\/wp-json\/wp\/v2\/comments?post=1095"}],"version-history":[{"count":5,"href":"https:\/\/www.blueoceanmaldives.com\/es\/wp-json\/wp\/v2\/pages\/1095\/revisions"}],"predecessor-version":[{"id":3398,"href":"https:\/\/www.blueoceanmaldives.com\/es\/wp-json\/wp\/v2\/pages\/1095\/revisions\/3398"}],"up":[{"embeddable":true,"href":"https:\/\/www.blueoceanmaldives.com\/es\/wp-json\/wp\/v2\/pages\/1096"}],"wp:featuredmedia":[{"embeddable":true,"href":"https:\/\/www.blueoceanmaldives.com\/es\/wp-json\/wp\/v2\/media\/769"}],"wp:attachment":[{"href":"https:\/\/www.blueoceanmaldives.com\/es\/wp-json\/wp\/v2\/media?parent=1095"}],"curies":[{"name":"wp","href":"https:\/\/api.w.org\/{rel}","templated":true}]}}