{"id":1096,"date":"2021-12-20T22:47:28","date_gmt":"2021-12-20T21:47:28","guid":{"rendered":"https:\/\/www.blueoceanmaldives.com\/resorts\/"},"modified":"2026-01-12T19:39:16","modified_gmt":"2026-01-12T18:39:16","slug":"resorts","status":"publish","type":"page","link":"https:\/\/www.blueoceanmaldives.com\/es\/resorts\/","title":{"rendered":"Resorts"},"content":{"rendered":"\t\t<div data-elementor-type=\"wp-page\" data-elementor-id=\"1096\" class=\"elementor elementor-1096 elementor-252\" data-elementor-post-type=\"page\">\n\t\t\t\t<div class=\"elementor-element elementor-element-2c7a8d95 e-flex e-con-boxed e-con e-parent\" data-id=\"2c7a8d95\" data-element_type=\"container\">\n\t\t\t\t\t<div class=\"e-con-inner\">\n\t\t\t\t<div class=\"elementor-element elementor-element-12f346b7 elementor-widget elementor-widget-heading\" data-id=\"12f346b7\" data-element_type=\"widget\" data-widget_type=\"heading.default\">\n\t\t\t\t\t<h1 class=\"elementor-heading-title elementor-size-default\">RESORTS<\/h1>\t\t\t\t<\/div>\n\t\t\t\t<div class=\"elementor-element elementor-element-b571680 elementor-widget elementor-widget-heading\" data-id=\"b571680\" data-element_type=\"widget\" data-widget_type=\"heading.default\">\n\t\t\t\t\t<h2 class=\"elementor-heading-title elementor-size-default\">Con base en El Hogar de Maldivas<\/h2>\t\t\t\t<\/div>\n\t\t\t\t<div class=\"elementor-element elementor-element-371ddeff elementor-widget elementor-widget-text-editor\" data-id=\"371ddeff\" data-element_type=\"widget\" data-widget_type=\"text-editor.default\">\n\t\t\t\t\t\t\t\t\t<p>Con nuestra selecci\u00f3n de resorts exclusivos, tendr\u00e1s la oportunidad de surfear la exclusividad de sus olas privadas. Adem\u00e1s, es el destino perfecto para vacaciones familiares y de pareja. Cont\u00e1ctanos y personalizaremos tu viaje para ofrecerte la mejor opci\u00f3n posible seg\u00fan tus necesidades y vacaciones so\u00f1adas.  <\/p>\t\t\t\t\t\t\t\t<\/div>\n\t\t\t\t\t<\/div>\n\t\t\t\t<\/div>\n\t\t<div class=\"elementor-element elementor-element-409644c4 e-flex e-con-boxed e-con e-parent\" data-id=\"409644c4\" data-element_type=\"container\">\n\t\t\t\t\t<div class=\"e-con-inner\">\n\t\t\t\t<div class=\"elementor-element elementor-element-1def224d elementor-grid-3 elementor-grid-tablet-2 elementor-grid-mobile-1 elementor-widget elementor-widget-loop-grid\" data-id=\"1def224d\" data-element_type=\"widget\" data-settings=\"{&quot;template_id&quot;:3228,&quot;_skin&quot;:&quot;post&quot;,&quot;columns&quot;:&quot;3&quot;,&quot;columns_tablet&quot;:&quot;2&quot;,&quot;columns_mobile&quot;:&quot;1&quot;,&quot;edit_handle_selector&quot;:&quot;[data-elementor-type=\\&quot;loop-item\\&quot;]&quot;,&quot;row_gap&quot;:{&quot;unit&quot;:&quot;px&quot;,&quot;size&quot;:&quot;&quot;,&quot;sizes&quot;:[]},&quot;row_gap_tablet&quot;:{&quot;unit&quot;:&quot;px&quot;,&quot;size&quot;:&quot;&quot;,&quot;sizes&quot;:[]},&quot;row_gap_mobile&quot;:{&quot;unit&quot;:&quot;px&quot;,&quot;size&quot;:&quot;&quot;,&quot;sizes&quot;:[]}}\" data-widget_type=\"loop-grid.post\">\n\t\t\t\t<div class=\"elementor-widget-container\">\n\t\t\t\t\t\t\t<div class=\"elementor-loop-container elementor-grid\" role=\"list\">\n\t\t<style id=\"loop-dynamic-3228\">.e-loop-item-3957 .elementor-element.elementor-element-cfd086d:not(.elementor-motion-effects-element-type-background), .e-loop-item-3957 .elementor-element.elementor-element-cfd086d > .elementor-motion-effects-container > .elementor-motion-effects-layer{background-image:url(\"https:\/\/www.blueoceanmaldives.com\/wp-content\/uploads\/2026\/01\/Evento-13-1-scaled-e1768294691104.jpg\");}<\/style><style id=\"loop-3228\">.elementor-3228 .elementor-element.elementor-element-cfd086d{--display:flex;--min-height:250px;--justify-content:center;--align-items:center;--container-widget-width:calc( ( 1 - var( --container-widget-flex-grow ) ) * 100% );--overlay-opacity:0.1;}.elementor-3228 .elementor-element.elementor-element-cfd086d::before, .elementor-3228 .elementor-element.elementor-element-cfd086d > .elementor-background-video-container::before, .elementor-3228 .elementor-element.elementor-element-cfd086d > .e-con-inner > .elementor-background-video-container::before, .elementor-3228 .elementor-element.elementor-element-cfd086d > .elementor-background-slideshow::before, .elementor-3228 .elementor-element.elementor-element-cfd086d > .e-con-inner > .elementor-background-slideshow::before, .elementor-3228 .elementor-element.elementor-element-cfd086d > .elementor-motion-effects-container > .elementor-motion-effects-layer::before{background-color:var( --e-global-color-secondary );--background-overlay:'';}.elementor-3228 .elementor-element.elementor-element-cfd086d:not(.elementor-motion-effects-element-type-background), .elementor-3228 .elementor-element.elementor-element-cfd086d > .elementor-motion-effects-container > .elementor-motion-effects-layer{background-position:center center;background-repeat:no-repeat;background-size:cover;}.elementor-3228 .elementor-element.elementor-element-cfd086d:hover::before, .elementor-3228 .elementor-element.elementor-element-cfd086d:hover > .elementor-background-video-container::before, .elementor-3228 .elementor-element.elementor-element-cfd086d:hover > .e-con-inner > .elementor-background-video-container::before, .elementor-3228 .elementor-element.elementor-element-cfd086d > .elementor-background-slideshow:hover::before, .elementor-3228 .elementor-element.elementor-element-cfd086d > .e-con-inner > .elementor-background-slideshow:hover::before{--background-overlay:'';}.elementor-3228 .elementor-element.elementor-element-cfd086d:hover{--overlay-opacity:0.3;}.elementor-widget-heading .elementor-heading-title{font-family:var( --e-global-typography-primary-font-family ), Sans-serif;font-size:var( --e-global-typography-primary-font-size );font-weight:var( --e-global-typography-primary-font-weight );color:var( --e-global-color-primary );}.elementor-3228 .elementor-element.elementor-element-d8099f4{text-align:center;}.elementor-3228 .elementor-element.elementor-element-d8099f4 .elementor-heading-title{font-family:\"Josefin Sans\", Sans-serif;font-size:24px;font-weight:600;text-shadow:0px 0px 10px rgba(0,0,0,0.3);color:var( --e-global-color-5cbbf61 );}@media(max-width:1024px){.elementor-widget-heading .elementor-heading-title{font-size:var( --e-global-typography-primary-font-size );}}@media(max-width:767px){.elementor-widget-heading .elementor-heading-title{font-size:var( --e-global-typography-primary-font-size );}}<\/style>\t\t<div data-elementor-type=\"loop-item\" data-elementor-id=\"3228\" class=\"elementor elementor-3228 e-loop-item e-loop-item-3957 post-3957 page type-page status-publish has-post-thumbnail hentry\" data-elementor-post-type=\"elementor_library\" data-custom-edit-handle=\"1\">\n\t\t\t<a class=\"elementor-element elementor-element-cfd086d hoverbox e-flex e-con-boxed e-con e-parent\" data-id=\"cfd086d\" data-element_type=\"container\" data-settings=\"{&quot;background_background&quot;:&quot;classic&quot;}\" href=\"https:\/\/www.blueoceanmaldives.com\/es\/sobre-nosotros\/\">\n\t\t\t\t\t<div class=\"e-con-inner\">\n\t\t\t\t<div class=\"elementor-element elementor-element-d8099f4 elementor-widget elementor-widget-heading\" data-id=\"d8099f4\" data-element_type=\"widget\" data-widget_type=\"heading.default\">\n\t\t\t\t\t<h3 class=\"elementor-heading-title elementor-size-default\">Sobre Nosotros<\/h3>\t\t\t\t<\/div>\n\t\t\t\t\t<\/div>\n\t\t\t\t<\/a>\n\t\t\t\t<\/div>\n\t\t<style id=\"loop-dynamic-3228\">.e-loop-item-5001 .elementor-element.elementor-element-cfd086d:not(.elementor-motion-effects-element-type-background), .e-loop-item-5001 .elementor-element.elementor-element-cfd086d > .elementor-motion-effects-container > .elementor-motion-effects-layer{background-image:url(\"https:\/\/www.blueoceanmaldives.com\/wp-content\/uploads\/2026\/01\/2-scaled-e1767615466183.jpg\");}<\/style>\t\t<div data-elementor-type=\"loop-item\" data-elementor-id=\"3228\" class=\"elementor elementor-3228 e-loop-item e-loop-item-5001 post-5001 page type-page status-publish has-post-thumbnail hentry\" data-elementor-post-type=\"elementor_library\" data-custom-edit-handle=\"1\">\n\t\t\t<a class=\"elementor-element elementor-element-cfd086d hoverbox e-flex e-con-boxed e-con e-parent\" data-id=\"cfd086d\" data-element_type=\"container\" data-settings=\"{&quot;background_background&quot;:&quot;classic&quot;}\" href=\"https:\/\/www.blueoceanmaldives.com\/es\/retreats\/\">\n\t\t\t\t\t<div class=\"e-con-inner\">\n\t\t\t\t<div class=\"elementor-element elementor-element-d8099f4 elementor-widget elementor-widget-heading\" data-id=\"d8099f4\" data-element_type=\"widget\" data-widget_type=\"heading.default\">\n\t\t\t\t\t<h3 class=\"elementor-heading-title elementor-size-default\">Retreats<\/h3>\t\t\t\t<\/div>\n\t\t\t\t\t<\/div>\n\t\t\t\t<\/a>\n\t\t\t\t<\/div>\n\t\t<style id=\"loop-dynamic-3228\">.e-loop-item-1074 .elementor-element.elementor-element-cfd086d:not(.elementor-motion-effects-element-type-background), .e-loop-item-1074 .elementor-element.elementor-element-cfd086d > .elementor-motion-effects-container > .elementor-motion-effects-layer{background-image:url(\"https:\/\/www.blueoceanmaldives.com\/wp-content\/uploads\/2026\/01\/DSC04527-1-scaled-e1768051792348.jpg\");}<\/style>\t\t<div data-elementor-type=\"loop-item\" data-elementor-id=\"3228\" class=\"elementor elementor-3228 e-loop-item e-loop-item-1074 post-1074 page type-page status-publish has-post-thumbnail hentry\" data-elementor-post-type=\"elementor_library\" data-custom-edit-handle=\"1\">\n\t\t\t<a class=\"elementor-element elementor-element-cfd086d hoverbox e-flex e-con-boxed e-con e-parent\" data-id=\"cfd086d\" data-element_type=\"container\" data-settings=\"{&quot;background_background&quot;:&quot;classic&quot;}\" href=\"https:\/\/www.blueoceanmaldives.com\/es\/pesca\/\">\n\t\t\t\t\t<div class=\"e-con-inner\">\n\t\t\t\t<div class=\"elementor-element elementor-element-d8099f4 elementor-widget elementor-widget-heading\" data-id=\"d8099f4\" data-element_type=\"widget\" data-widget_type=\"heading.default\">\n\t\t\t\t\t<h3 class=\"elementor-heading-title elementor-size-default\">Pesca<\/h3>\t\t\t\t<\/div>\n\t\t\t\t\t<\/div>\n\t\t\t\t<\/a>\n\t\t\t\t<\/div>\n\t\t<style id=\"loop-dynamic-3228\">.e-loop-item-1076 .elementor-element.elementor-element-cfd086d:not(.elementor-motion-effects-element-type-background), .e-loop-item-1076 .elementor-element.elementor-element-cfd086d > .elementor-motion-effects-container > .elementor-motion-effects-layer{background-image:url(\"https:\/\/www.blueoceanmaldives.com\/wp-content\/uploads\/2021\/12\/DJI_0178-min.jpg\");}<\/style>\t\t<div data-elementor-type=\"loop-item\" data-elementor-id=\"3228\" class=\"elementor elementor-3228 e-loop-item e-loop-item-1076 post-1076 page type-page status-publish has-post-thumbnail hentry\" data-elementor-post-type=\"elementor_library\" data-custom-edit-handle=\"1\">\n\t\t\t<a class=\"elementor-element elementor-element-cfd086d hoverbox e-flex e-con-boxed e-con e-parent\" data-id=\"cfd086d\" data-element_type=\"container\" data-settings=\"{&quot;background_background&quot;:&quot;classic&quot;}\" href=\"https:\/\/www.blueoceanmaldives.com\/es\/condiciones-de-venta\/\">\n\t\t\t\t\t<div class=\"e-con-inner\">\n\t\t\t\t<div class=\"elementor-element elementor-element-d8099f4 elementor-widget elementor-widget-heading\" data-id=\"d8099f4\" data-element_type=\"widget\" data-widget_type=\"heading.default\">\n\t\t\t\t\t<h3 class=\"elementor-heading-title elementor-size-default\">Condiciones de venta<\/h3>\t\t\t\t<\/div>\n\t\t\t\t\t<\/div>\n\t\t\t\t<\/a>\n\t\t\t\t<\/div>\n\t\t<style id=\"loop-dynamic-3228\">.e-loop-item-1069 .elementor-element.elementor-element-cfd086d:not(.elementor-motion-effects-element-type-background), .e-loop-item-1069 .elementor-element.elementor-element-cfd086d > .elementor-motion-effects-container > .elementor-motion-effects-layer{background-image:url(\"https:\/\/www.blueoceanmaldives.com\/wp-content\/uploads\/2021\/12\/DJI_0178-min.jpg\");}<\/style>\t\t<div data-elementor-type=\"loop-item\" data-elementor-id=\"3228\" class=\"elementor elementor-3228 e-loop-item e-loop-item-1069 post-1069 page type-page status-publish has-post-thumbnail hentry\" data-elementor-post-type=\"elementor_library\" data-custom-edit-handle=\"1\">\n\t\t\t<a class=\"elementor-element elementor-element-cfd086d hoverbox e-flex e-con-boxed e-con e-parent\" data-id=\"cfd086d\" data-element_type=\"container\" data-settings=\"{&quot;background_background&quot;:&quot;classic&quot;}\" href=\"https:\/\/www.blueoceanmaldives.com\/es\/politica-de-cookies\/\">\n\t\t\t\t\t<div class=\"e-con-inner\">\n\t\t\t\t<div class=\"elementor-element elementor-element-d8099f4 elementor-widget elementor-widget-heading\" data-id=\"d8099f4\" data-element_type=\"widget\" data-widget_type=\"heading.default\">\n\t\t\t\t\t<h3 class=\"elementor-heading-title elementor-size-default\">Pol\u00edtica de Cookies<\/h3>\t\t\t\t<\/div>\n\t\t\t\t\t<\/div>\n\t\t\t\t<\/a>\n\t\t\t\t<\/div>\n\t\t<style id=\"loop-dynamic-3228\">.e-loop-item-1085 .elementor-element.elementor-element-cfd086d:not(.elementor-motion-effects-element-type-background), .e-loop-item-1085 .elementor-element.elementor-element-cfd086d > .elementor-motion-effects-container > .elementor-motion-effects-layer{background-image:url(\"https:\/\/www.blueoceanmaldives.com\/wp-content\/uploads\/2021\/12\/diego-borges-filmmaker-tenerife-freelance-fotografo-estudio-videografo-films-and-photo-estudio-producer-studio-surf-waves_-3-1-min.jpg\");}<\/style>\t\t<div data-elementor-type=\"loop-item\" data-elementor-id=\"3228\" class=\"elementor elementor-3228 e-loop-item e-loop-item-1085 post-1085 page type-page status-publish has-post-thumbnail hentry\" data-elementor-post-type=\"elementor_library\" data-custom-edit-handle=\"1\">\n\t\t\t<a class=\"elementor-element elementor-element-cfd086d hoverbox e-flex e-con-boxed e-con e-parent\" data-id=\"cfd086d\" data-element_type=\"container\" data-settings=\"{&quot;background_background&quot;:&quot;classic&quot;}\" href=\"https:\/\/www.blueoceanmaldives.com\/es\/politica-de-privacidad\/\">\n\t\t\t\t\t<div class=\"e-con-inner\">\n\t\t\t\t<div class=\"elementor-element elementor-element-d8099f4 elementor-widget elementor-widget-heading\" data-id=\"d8099f4\" data-element_type=\"widget\" data-widget_type=\"heading.default\">\n\t\t\t\t\t<h3 class=\"elementor-heading-title elementor-size-default\">Pol\u00edtica de privacidad<\/h3>\t\t\t\t<\/div>\n\t\t\t\t\t<\/div>\n\t\t\t\t<\/a>\n\t\t\t\t<\/div>\n\t\t\t\t<\/div>\n\t\t\n\t\t\t\t\t\t<\/div>\n\t\t\t\t<\/div>\n\t\t\t\t\t<\/div>\n\t\t\t\t<\/div>\n\t\t<div class=\"elementor-element elementor-element-40e8b3a8 e-flex e-con-boxed e-con e-parent\" data-id=\"40e8b3a8\" data-element_type=\"container\">\n\t\t\t\t\t<div class=\"e-con-inner\">\n\t\t\t\t<div class=\"elementor-element elementor-element-c3b2217 elementor-widget elementor-widget-template\" data-id=\"c3b2217\" data-element_type=\"widget\" data-widget_type=\"template.default\">\n\t\t\t\t<div class=\"elementor-widget-container\">\n\t\t\t\t\t\t\t<div class=\"elementor-template\">\n\t\t\t\t\t<div data-elementor-type=\"container\" data-elementor-id=\"3385\" class=\"elementor elementor-3385 elementor-3101\" data-elementor-post-type=\"elementor_library\">\n\t\t\t\t<div class=\"elementor-element elementor-element-95d8553 e-flex e-con-boxed e-con e-parent\" data-id=\"95d8553\" data-element_type=\"container\">\n\t\t\t\t\t<div class=\"e-con-inner\">\n\t\t\t\t<div class=\"elementor-element elementor-element-558ba8c elementor-align-center elementor-widget elementor-widget-button\" data-id=\"558ba8c\" data-element_type=\"widget\" data-widget_type=\"button.default\">\n\t\t\t\t\t\t\t\t\t\t<a class=\"elementor-button elementor-button-link elementor-size-sm\" href=\"https:\/\/www.blueoceanmaldives.com\/es\/contacto\/\">\n\t\t\t\t\t\t<span class=\"elementor-button-content-wrapper\">\n\t\t\t\t\t\t\t\t\t<span class=\"elementor-button-text\">SOLICITAR M\u00c1S INFORMACI\u00d3N<\/span>\n\t\t\t\t\t<\/span>\n\t\t\t\t\t<\/a>\n\t\t\t\t\t\t\t\t<\/div>\n\t\t\t\t\t<\/div>\n\t\t\t\t<\/div>\n\t\t\t\t<\/div>\n\t\t\t\t<\/div>\n\t\t\t\t\t\t<\/div>\n\t\t\t\t<\/div>\n\t\t\t\t\t<\/div>\n\t\t\t\t<\/div>\n\t\t\t\t<\/div>\n\t\t","protected":false},"excerpt":{"rendered":"<p>RESORTS Con base en El Hogar de Maldivas Con nuestra selecci\u00f3n de resorts exclusivos, tendr\u00e1s la oportunidad de surfear la exclusividad de sus olas privadas. Adem\u00e1s, es el destino perfecto para vacaciones familiares y de pareja. Cont\u00e1ctanos y personalizaremos tu viaje para ofrecerte la mejor opci\u00f3n posible seg\u00fan tus necesidades y vacaciones so\u00f1adas.<\/p>\n","protected":false},"author":1,"featured_media":742,"parent":0,"menu_order":0,"comment_status":"closed","ping_status":"closed","template":"","meta":{"_acf_changed":false,"footnotes":""},"class_list":["post-1096","page","type-page","status-publish","has-post-thumbnail","hentry"],"acf":[],"yoast_head":"<!-- This site is optimized with the Yoast SEO plugin v26.7 - https:\/\/yoast.com\/wordpress\/plugins\/seo\/ -->\n<title>Resorts - Blue Ocean Maldives<\/title>\n<meta name=\"robots\" content=\"index, follow, max-snippet:-1, max-image-preview:large, max-video-preview:-1\" \/>\n<link rel=\"canonical\" href=\"https:\/\/www.blueoceanmaldives.com\/es\/resorts\/\" \/>\n<meta property=\"og:locale\" content=\"es_ES\" \/>\n<meta property=\"og:type\" content=\"article\" \/>\n<meta property=\"og:title\" content=\"Resorts - Blue Ocean Maldives\" \/>\n<meta property=\"og:description\" content=\"RESORTS Con base en El Hogar de Maldivas Con nuestra selecci\u00f3n de resorts exclusivos, tendr\u00e1s la oportunidad de surfear la exclusividad de sus olas privadas. Adem\u00e1s, es el destino perfecto para vacaciones familiares y de pareja. Cont\u00e1ctanos y personalizaremos tu viaje para ofrecerte la mejor opci\u00f3n posible seg\u00fan tus necesidades y vacaciones so\u00f1adas.\" \/>\n<meta property=\"og:url\" content=\"https:\/\/www.blueoceanmaldives.com\/es\/resorts\/\" \/>\n<meta property=\"og:site_name\" content=\"Blue Ocean Maldives\" \/>\n<meta property=\"article:publisher\" content=\"https:\/\/www.facebook.com\/Blueoceanmaldives\/\" \/>\n<meta property=\"article:modified_time\" content=\"2026-01-12T18:39:16+00:00\" \/>\n<meta property=\"og:image\" content=\"https:\/\/www.blueoceanmaldives.com\/wp-content\/uploads\/2021\/12\/Niyama_Private_Islands_Maldives_Exterior_view_The_Crescent_Boardwalk_Entrance.jpg\" \/>\n\t<meta property=\"og:image:width\" content=\"2400\" \/>\n\t<meta property=\"og:image:height\" content=\"947\" \/>\n\t<meta property=\"og:image:type\" content=\"image\/jpeg\" \/>\n<meta name=\"twitter:card\" content=\"summary_large_image\" \/>\n<script type=\"application\/ld+json\" class=\"yoast-schema-graph\">{\"@context\":\"https:\/\/schema.org\",\"@graph\":[{\"@type\":\"WebPage\",\"@id\":\"https:\/\/www.blueoceanmaldives.com\/es\/resorts\/\",\"url\":\"https:\/\/www.blueoceanmaldives.com\/es\/resorts\/\",\"name\":\"Resorts - Blue Ocean Maldives\",\"isPartOf\":{\"@id\":\"https:\/\/www.blueoceanmaldives.com\/#website\"},\"primaryImageOfPage\":{\"@id\":\"https:\/\/www.blueoceanmaldives.com\/es\/resorts\/#primaryimage\"},\"image\":{\"@id\":\"https:\/\/www.blueoceanmaldives.com\/es\/resorts\/#primaryimage\"},\"thumbnailUrl\":\"https:\/\/www.blueoceanmaldives.com\/wp-content\/uploads\/2021\/12\/Niyama_Private_Islands_Maldives_Exterior_view_The_Crescent_Boardwalk_Entrance.jpg\",\"datePublished\":\"2021-12-20T21:47:28+00:00\",\"dateModified\":\"2026-01-12T18:39:16+00:00\",\"breadcrumb\":{\"@id\":\"https:\/\/www.blueoceanmaldives.com\/es\/resorts\/#breadcrumb\"},\"inLanguage\":\"es\",\"potentialAction\":[{\"@type\":\"ReadAction\",\"target\":[\"https:\/\/www.blueoceanmaldives.com\/es\/resorts\/\"]}]},{\"@type\":\"ImageObject\",\"inLanguage\":\"es\",\"@id\":\"https:\/\/www.blueoceanmaldives.com\/es\/resorts\/#primaryimage\",\"url\":\"https:\/\/www.blueoceanmaldives.com\/wp-content\/uploads\/2021\/12\/Niyama_Private_Islands_Maldives_Exterior_view_The_Crescent_Boardwalk_Entrance.jpg\",\"contentUrl\":\"https:\/\/www.blueoceanmaldives.com\/wp-content\/uploads\/2021\/12\/Niyama_Private_Islands_Maldives_Exterior_view_The_Crescent_Boardwalk_Entrance.jpg\",\"width\":2400,\"height\":947},{\"@type\":\"BreadcrumbList\",\"@id\":\"https:\/\/www.blueoceanmaldives.com\/es\/resorts\/#breadcrumb\",\"itemListElement\":[{\"@type\":\"ListItem\",\"position\":1,\"name\":\"Home\",\"item\":\"https:\/\/www.blueoceanmaldives.com\/es\/\"},{\"@type\":\"ListItem\",\"position\":2,\"name\":\"Resorts\"}]},{\"@type\":\"WebSite\",\"@id\":\"https:\/\/www.blueoceanmaldives.com\/#website\",\"url\":\"https:\/\/www.blueoceanmaldives.com\/\",\"name\":\"Blue Ocean Maldives\",\"description\":\"Un para\u00edso para disfrutar\",\"publisher\":{\"@id\":\"https:\/\/www.blueoceanmaldives.com\/#organization\"},\"potentialAction\":[{\"@type\":\"SearchAction\",\"target\":{\"@type\":\"EntryPoint\",\"urlTemplate\":\"https:\/\/www.blueoceanmaldives.com\/?s={search_term_string}\"},\"query-input\":{\"@type\":\"PropertyValueSpecification\",\"valueRequired\":true,\"valueName\":\"search_term_string\"}}],\"inLanguage\":\"es\"},{\"@type\":\"Organization\",\"@id\":\"https:\/\/www.blueoceanmaldives.com\/#organization\",\"name\":\"Blue Ocean Maldives\",\"url\":\"https:\/\/www.blueoceanmaldives.com\/\",\"logo\":{\"@type\":\"ImageObject\",\"inLanguage\":\"es\",\"@id\":\"https:\/\/www.blueoceanmaldives.com\/#\/schema\/logo\/image\/\",\"url\":\"https:\/\/www.blueoceanmaldives.com\/wp-content\/uploads\/2021\/11\/BOM_logo2-color.png\",\"contentUrl\":\"https:\/\/www.blueoceanmaldives.com\/wp-content\/uploads\/2021\/11\/BOM_logo2-color.png\",\"width\":2339,\"height\":577,\"caption\":\"Blue Ocean Maldives\"},\"image\":{\"@id\":\"https:\/\/www.blueoceanmaldives.com\/#\/schema\/logo\/image\/\"},\"sameAs\":[\"https:\/\/www.facebook.com\/Blueoceanmaldives\/\",\"https:\/\/www.instagram.com\/blueocean_maldives\/?hl=es\"]}]}<\/script>\n<!-- \/ Yoast SEO plugin. -->","yoast_head_json":{"title":"Resorts - Blue Ocean Maldives","robots":{"index":"index","follow":"follow","max-snippet":"max-snippet:-1","max-image-preview":"max-image-preview:large","max-video-preview":"max-video-preview:-1"},"canonical":"https:\/\/www.blueoceanmaldives.com\/es\/resorts\/","og_locale":"es_ES","og_type":"article","og_title":"Resorts - Blue Ocean Maldives","og_description":"RESORTS Con base en El Hogar de Maldivas Con nuestra selecci\u00f3n de resorts exclusivos, tendr\u00e1s la oportunidad de surfear la exclusividad de sus olas privadas. Adem\u00e1s, es el destino perfecto para vacaciones familiares y de pareja. Cont\u00e1ctanos y personalizaremos tu viaje para ofrecerte la mejor opci\u00f3n posible seg\u00fan tus necesidades y vacaciones so\u00f1adas.","og_url":"https:\/\/www.blueoceanmaldives.com\/es\/resorts\/","og_site_name":"Blue Ocean Maldives","article_publisher":"https:\/\/www.facebook.com\/Blueoceanmaldives\/","article_modified_time":"2026-01-12T18:39:16+00:00","og_image":[{"width":2400,"height":947,"url":"https:\/\/www.blueoceanmaldives.com\/wp-content\/uploads\/2021\/12\/Niyama_Private_Islands_Maldives_Exterior_view_The_Crescent_Boardwalk_Entrance.jpg","type":"image\/jpeg"}],"twitter_card":"summary_large_image","schema":{"@context":"https:\/\/schema.org","@graph":[{"@type":"WebPage","@id":"https:\/\/www.blueoceanmaldives.com\/es\/resorts\/","url":"https:\/\/www.blueoceanmaldives.com\/es\/resorts\/","name":"Resorts - Blue Ocean Maldives","isPartOf":{"@id":"https:\/\/www.blueoceanmaldives.com\/#website"},"primaryImageOfPage":{"@id":"https:\/\/www.blueoceanmaldives.com\/es\/resorts\/#primaryimage"},"image":{"@id":"https:\/\/www.blueoceanmaldives.com\/es\/resorts\/#primaryimage"},"thumbnailUrl":"https:\/\/www.blueoceanmaldives.com\/wp-content\/uploads\/2021\/12\/Niyama_Private_Islands_Maldives_Exterior_view_The_Crescent_Boardwalk_Entrance.jpg","datePublished":"2021-12-20T21:47:28+00:00","dateModified":"2026-01-12T18:39:16+00:00","breadcrumb":{"@id":"https:\/\/www.blueoceanmaldives.com\/es\/resorts\/#breadcrumb"},"inLanguage":"es","potentialAction":[{"@type":"ReadAction","target":["https:\/\/www.blueoceanmaldives.com\/es\/resorts\/"]}]},{"@type":"ImageObject","inLanguage":"es","@id":"https:\/\/www.blueoceanmaldives.com\/es\/resorts\/#primaryimage","url":"https:\/\/www.blueoceanmaldives.com\/wp-content\/uploads\/2021\/12\/Niyama_Private_Islands_Maldives_Exterior_view_The_Crescent_Boardwalk_Entrance.jpg","contentUrl":"https:\/\/www.blueoceanmaldives.com\/wp-content\/uploads\/2021\/12\/Niyama_Private_Islands_Maldives_Exterior_view_The_Crescent_Boardwalk_Entrance.jpg","width":2400,"height":947},{"@type":"BreadcrumbList","@id":"https:\/\/www.blueoceanmaldives.com\/es\/resorts\/#breadcrumb","itemListElement":[{"@type":"ListItem","position":1,"name":"Home","item":"https:\/\/www.blueoceanmaldives.com\/es\/"},{"@type":"ListItem","position":2,"name":"Resorts"}]},{"@type":"WebSite","@id":"https:\/\/www.blueoceanmaldives.com\/#website","url":"https:\/\/www.blueoceanmaldives.com\/","name":"Blue Ocean Maldives","description":"Un para\u00edso para disfrutar","publisher":{"@id":"https:\/\/www.blueoceanmaldives.com\/#organization"},"potentialAction":[{"@type":"SearchAction","target":{"@type":"EntryPoint","urlTemplate":"https:\/\/www.blueoceanmaldives.com\/?s={search_term_string}"},"query-input":{"@type":"PropertyValueSpecification","valueRequired":true,"valueName":"search_term_string"}}],"inLanguage":"es"},{"@type":"Organization","@id":"https:\/\/www.blueoceanmaldives.com\/#organization","name":"Blue Ocean Maldives","url":"https:\/\/www.blueoceanmaldives.com\/","logo":{"@type":"ImageObject","inLanguage":"es","@id":"https:\/\/www.blueoceanmaldives.com\/#\/schema\/logo\/image\/","url":"https:\/\/www.blueoceanmaldives.com\/wp-content\/uploads\/2021\/11\/BOM_logo2-color.png","contentUrl":"https:\/\/www.blueoceanmaldives.com\/wp-content\/uploads\/2021\/11\/BOM_logo2-color.png","width":2339,"height":577,"caption":"Blue Ocean Maldives"},"image":{"@id":"https:\/\/www.blueoceanmaldives.com\/#\/schema\/logo\/image\/"},"sameAs":["https:\/\/www.facebook.com\/Blueoceanmaldives\/","https:\/\/www.instagram.com\/blueocean_maldives\/?hl=es"]}]}},"_links":{"self":[{"href":"https:\/\/www.blueoceanmaldives.com\/es\/wp-json\/wp\/v2\/pages\/1096","targetHints":{"allow":["GET"]}}],"collection":[{"href":"https:\/\/www.blueoceanmaldives.com\/es\/wp-json\/wp\/v2\/pages"}],"about":[{"href":"https:\/\/www.blueoceanmaldives.com\/es\/wp-json\/wp\/v2\/types\/page"}],"author":[{"embeddable":true,"href":"https:\/\/www.blueoceanmaldives.com\/es\/wp-json\/wp\/v2\/users\/1"}],"replies":[{"embeddable":true,"href":"https:\/\/www.blueoceanmaldives.com\/es\/wp-json\/wp\/v2\/comments?post=1096"}],"version-history":[{"count":10,"href":"https:\/\/www.blueoceanmaldives.com\/es\/wp-json\/wp\/v2\/pages\/1096\/revisions"}],"predecessor-version":[{"id":5837,"href":"https:\/\/www.blueoceanmaldives.com\/es\/wp-json\/wp\/v2\/pages\/1096\/revisions\/5837"}],"wp:featuredmedia":[{"embeddable":true,"href":"https:\/\/www.blueoceanmaldives.com\/es\/wp-json\/wp\/v2\/media\/742"}],"wp:attachment":[{"href":"https:\/\/www.blueoceanmaldives.com\/es\/wp-json\/wp\/v2\/media?parent=1096"}],"curies":[{"name":"wp","href":"https:\/\/api.w.org\/{rel}","templated":true}]}}