{"id":1099,"date":"2021-11-21T10:50:43","date_gmt":"2021-11-21T09:50:43","guid":{"rendered":"https:\/\/www.blueoceanmaldives.com\/southern-atolls\/"},"modified":"2026-01-12T13:07:06","modified_gmt":"2026-01-12T12:07:06","slug":"atolones-del-sur","status":"publish","type":"page","link":"https:\/\/www.blueoceanmaldives.com\/es\/viajes-de-surf\/atolones-del-sur\/","title":{"rendered":"Atolones del sur"},"content":{"rendered":"\t\t<div data-elementor-type=\"wp-page\" data-elementor-id=\"1099\" class=\"elementor elementor-1099 elementor-319\" data-elementor-post-type=\"page\">\n\t\t\t\t<div class=\"elementor-element elementor-element-2d992ed3 e-flex e-con-boxed e-con e-parent\" data-id=\"2d992ed3\" data-element_type=\"container\">\n\t\t\t\t\t<div class=\"e-con-inner\">\n\t\t<div class=\"elementor-element elementor-element-72c1f014 e-con-full e-flex e-con e-child\" data-id=\"72c1f014\" data-element_type=\"container\">\n\t\t\t\t<div class=\"elementor-element elementor-element-26c27357 elementor-widget elementor-widget-heading\" data-id=\"26c27357\" data-element_type=\"widget\" data-widget_type=\"heading.default\">\n\t\t\t\t\t<h2 class=\"elementor-heading-title elementor-size-default\">Huvadhoo and Addu Atolls<\/h2>\t\t\t\t<\/div>\n\t\t\t\t<div class=\"elementor-element elementor-element-2f981708 elementor-widget elementor-widget-text-editor\" data-id=\"2f981708\" data-element_type=\"widget\" data-widget_type=\"text-editor.default\">\n\t\t\t\t\t\t\t\t\t<p>Los atolones Huvadhoo y Addu (a menudo llamados los Atolones del Sur) se encuentran en la secci\u00f3n m\u00e1s meridional de Maldivas.<\/p><p>Aunque estas olas tienden a ser m\u00e1s peque\u00f1as que algunos de los atolones m\u00e1s al norte, la costa orientada al sur realmente abre las olas a las olas del sur que inundan la zona en verano. Como un oleaje limpio del sur es pr\u00e1cticamente todo lo que se puede pedir en estas pausas, el resultado son olas con mucha potencia y un mont\u00f3n de oportunidades para quedarse shackeados. Estos atolones del sur se diferencian de los del norte en que no proporcionan olas perfectamente formadas o que rompen suavemente. Estas olas rompen r\u00e1pido y lanzan con fuerza, con mucha potencia\u2014probablemente m\u00e1s adecuadas para surfistas avanzados o al menos para intermedios atrevidos.   <\/p>\t\t\t\t\t\t\t\t<\/div>\n\t\t\t\t<div class=\"elementor-element elementor-element-9d59177 elementor-widget elementor-widget-button\" data-id=\"9d59177\" data-element_type=\"widget\" data-widget_type=\"button.default\">\n\t\t\t\t\t\t\t\t\t\t<a class=\"elementor-button elementor-button-link elementor-size-sm\" href=\"https:\/\/www.blueoceanmaldives.com\/es\/contacto\/\">\n\t\t\t\t\t\t<span class=\"elementor-button-content-wrapper\">\n\t\t\t\t\t\t\t\t\t<span class=\"elementor-button-text\">Cont\u00e1ctenos<\/span>\n\t\t\t\t\t<\/span>\n\t\t\t\t\t<\/a>\n\t\t\t\t\t\t\t\t<\/div>\n\t\t\t\t<\/div>\n\t\t<div class=\"elementor-element elementor-element-65249f6f e-con-full e-flex e-con e-child\" data-id=\"65249f6f\" data-element_type=\"container\">\n\t\t\t\t<div class=\"elementor-element elementor-element-3297c010 elementor-widget elementor-widget-image\" data-id=\"3297c010\" data-element_type=\"widget\" data-widget_type=\"image.default\">\n\t\t\t\t\t\t\t\t\t\t\t\t\t\t\t\t<a href=\"https:\/\/www.blueoceanmaldives.com\/wp-content\/uploads\/2021\/12\/south.jpg\" data-elementor-open-lightbox=\"yes\" data-elementor-lightbox-title=\"Sur\" data-e-action-hash=\"#elementor-action%3Aaction%3Dlightbox%26settings%3DeyJpZCI6ODMxLCJ1cmwiOiJodHRwczpcL1wvd3d3LmJsdWVvY2Vhbm1hbGRpdmVzLmNvbVwvd3AtY29udGVudFwvdXBsb2Fkc1wvMjAyMVwvMTJcL3NvdXRoLmpwZyJ9\">\n\t\t\t\t\t\t\t<img fetchpriority=\"high\" decoding=\"async\" width=\"1430\" height=\"1426\" src=\"https:\/\/www.blueoceanmaldives.com\/wp-content\/uploads\/2021\/12\/south.jpg\" class=\"attachment-1536x1536 size-1536x1536 wp-image-831\" alt=\"\" srcset=\"https:\/\/www.blueoceanmaldives.com\/wp-content\/uploads\/2021\/12\/south.jpg 1430w, https:\/\/www.blueoceanmaldives.com\/wp-content\/uploads\/2021\/12\/south-300x300.jpg 300w, https:\/\/www.blueoceanmaldives.com\/wp-content\/uploads\/2021\/12\/south-1024x1021.jpg 1024w, https:\/\/www.blueoceanmaldives.com\/wp-content\/uploads\/2021\/12\/south-150x150.jpg 150w, https:\/\/www.blueoceanmaldives.com\/wp-content\/uploads\/2021\/12\/south-768x766.jpg 768w, https:\/\/www.blueoceanmaldives.com\/wp-content\/uploads\/2021\/12\/south-920x917.jpg 920w, https:\/\/www.blueoceanmaldives.com\/wp-content\/uploads\/2021\/12\/south-100x100.jpg 100w\" sizes=\"(max-width: 1430px) 100vw, 1430px\" \/>\t\t\t\t\t\t\t\t<\/a>\n\t\t\t\t\t\t\t\t\t\t\t\t\t\t\t<\/div>\n\t\t\t\t<\/div>\n\t\t\t\t\t<\/div>\n\t\t\t\t<\/div>\n\t\t<div class=\"elementor-element elementor-element-81d675e e-flex e-con-boxed e-con e-parent\" data-id=\"81d675e\" data-element_type=\"container\">\n\t\t\t\t\t<div class=\"e-con-inner\">\n\t\t\t\t<div class=\"elementor-element elementor-element-21c5bee elementor-arrows-position-inside elementor-pagination-position-outside elementor-widget elementor-widget-image-carousel\" data-id=\"21c5bee\" data-element_type=\"widget\" data-settings=\"{&quot;slides_to_show&quot;:&quot;4&quot;,&quot;navigation&quot;:&quot;both&quot;,&quot;autoplay&quot;:&quot;yes&quot;,&quot;pause_on_hover&quot;:&quot;yes&quot;,&quot;pause_on_interaction&quot;:&quot;yes&quot;,&quot;autoplay_speed&quot;:5000,&quot;infinite&quot;:&quot;yes&quot;,&quot;speed&quot;:500}\" data-widget_type=\"image-carousel.default\">\n\t\t\t\t\t\t\t<div class=\"elementor-image-carousel-wrapper swiper\" role=\"region\" aria-roledescription=\"carousel\" aria-label=\"Image Carousel\" dir=\"ltr\">\n\t\t\t<div class=\"elementor-image-carousel swiper-wrapper\" aria-live=\"off\">\n\t\t\t\t\t\t\t\t<div class=\"swiper-slide\" role=\"group\" aria-roledescription=\"slide\" aria-label=\"1 de 13\"><figure class=\"swiper-slide-inner\"><img decoding=\"async\" class=\"swiper-slide-image\" src=\"https:\/\/www.blueoceanmaldives.com\/wp-content\/uploads\/2026\/01\/DSC1548-1-1024x640.jpg\" alt=\"_DSC1548\" \/><\/figure><\/div><div class=\"swiper-slide\" role=\"group\" aria-roledescription=\"slide\" aria-label=\"2 de 13\"><figure class=\"swiper-slide-inner\"><img decoding=\"async\" class=\"swiper-slide-image\" src=\"https:\/\/www.blueoceanmaldives.com\/wp-content\/uploads\/2026\/01\/DSC1955-1024x683.jpg\" alt=\"_DSC1955\" \/><\/figure><\/div><div class=\"swiper-slide\" role=\"group\" aria-roledescription=\"slide\" aria-label=\"3 de 13\"><figure class=\"swiper-slide-inner\"><img decoding=\"async\" class=\"swiper-slide-image\" src=\"https:\/\/www.blueoceanmaldives.com\/wp-content\/uploads\/2026\/01\/DSC1150-1024x640.jpg\" alt=\"_DSC1150\" \/><\/figure><\/div><div class=\"swiper-slide\" role=\"group\" aria-roledescription=\"slide\" aria-label=\"4 de 13\"><figure class=\"swiper-slide-inner\"><img decoding=\"async\" class=\"swiper-slide-image\" src=\"https:\/\/www.blueoceanmaldives.com\/wp-content\/uploads\/2026\/01\/DSC2124-1024x683.jpg\" alt=\"_DSC2124\" \/><\/figure><\/div><div class=\"swiper-slide\" role=\"group\" aria-roledescription=\"slide\" aria-label=\"5 de 13\"><figure class=\"swiper-slide-inner\"><img decoding=\"async\" class=\"swiper-slide-image\" src=\"https:\/\/www.blueoceanmaldives.com\/wp-content\/uploads\/2026\/01\/DSC8156-1024x683.jpg\" alt=\"_DSC8156\" \/><\/figure><\/div><div class=\"swiper-slide\" role=\"group\" aria-roledescription=\"slide\" aria-label=\"6 de 13\"><figure class=\"swiper-slide-inner\"><img decoding=\"async\" class=\"swiper-slide-image\" src=\"https:\/\/www.blueoceanmaldives.com\/wp-content\/uploads\/2026\/01\/Copia-de-_DSC9361-1-1024x640.jpg\" alt=\"C\u00f3pia de _DSC9361\" \/><\/figure><\/div><div class=\"swiper-slide\" role=\"group\" aria-roledescription=\"slide\" aria-label=\"7 de 13\"><figure class=\"swiper-slide-inner\"><img decoding=\"async\" class=\"swiper-slide-image\" src=\"https:\/\/www.blueoceanmaldives.com\/wp-content\/uploads\/2026\/01\/DJI_20250324075631_0007_D-1024x640.jpg\" alt=\"default\" \/><\/figure><\/div><div class=\"swiper-slide\" role=\"group\" aria-roledescription=\"slide\" aria-label=\"8 de 13\"><figure class=\"swiper-slide-inner\"><img decoding=\"async\" class=\"swiper-slide-image\" src=\"https:\/\/www.blueoceanmaldives.com\/wp-content\/uploads\/2026\/01\/DJI_20250324075909_0017_D-1024x640.jpg\" alt=\"default\" \/><\/figure><\/div><div class=\"swiper-slide\" role=\"group\" aria-roledescription=\"slide\" aria-label=\"9 de 13\"><figure class=\"swiper-slide-inner\"><img decoding=\"async\" class=\"swiper-slide-image\" src=\"https:\/\/www.blueoceanmaldives.com\/wp-content\/uploads\/2026\/01\/DJI_20250324080346_0024_D-1024x640.jpg\" alt=\"default\" \/><\/figure><\/div><div class=\"swiper-slide\" role=\"group\" aria-roledescription=\"slide\" aria-label=\"10 de 13\"><figure class=\"swiper-slide-inner\"><img decoding=\"async\" class=\"swiper-slide-image\" src=\"https:\/\/www.blueoceanmaldives.com\/wp-content\/uploads\/2026\/01\/DJI_20250325132516_0152_D-1-1024x640.jpg\" alt=\"default\" \/><\/figure><\/div><div class=\"swiper-slide\" role=\"group\" aria-roledescription=\"slide\" aria-label=\"11 de 13\"><figure class=\"swiper-slide-inner\"><img decoding=\"async\" class=\"swiper-slide-image\" src=\"https:\/\/www.blueoceanmaldives.com\/wp-content\/uploads\/2026\/01\/DSC0177-1024x683.jpg\" alt=\"_DSC0177\" \/><\/figure><\/div><div class=\"swiper-slide\" role=\"group\" aria-roledescription=\"slide\" aria-label=\"12 de 13\"><figure class=\"swiper-slide-inner\"><img decoding=\"async\" class=\"swiper-slide-image\" src=\"https:\/\/www.blueoceanmaldives.com\/wp-content\/uploads\/2026\/01\/DJI_20250324075834_0014_D-1024x640.jpg\" alt=\"default\" \/><\/figure><\/div><div class=\"swiper-slide\" role=\"group\" aria-roledescription=\"slide\" aria-label=\"13 de 13\"><figure class=\"swiper-slide-inner\"><img decoding=\"async\" class=\"swiper-slide-image\" src=\"https:\/\/www.blueoceanmaldives.com\/wp-content\/uploads\/2026\/01\/DJI_20250325133043_0163_D-1024x576.jpg\" alt=\"default\" \/><\/figure><\/div>\t\t\t<\/div>\n\t\t\t\t\t\t\t\t\t\t\t\t<div class=\"elementor-swiper-button elementor-swiper-button-prev\" role=\"button\" tabindex=\"0\">\n\t\t\t\t\t\t<svg aria-hidden=\"true\" class=\"e-font-icon-svg e-eicon-chevron-left\" viewBox=\"0 0 1000 1000\" xmlns=\"http:\/\/www.w3.org\/2000\/svg\"><path d=\"M646 125C629 125 613 133 604 142L308 442C296 454 292 471 292 487 292 504 296 521 308 533L604 854C617 867 629 875 646 875 663 875 679 871 692 858 704 846 713 829 713 812 713 796 708 779 692 767L438 487 692 225C700 217 708 204 708 187 708 171 704 154 692 142 675 129 663 125 646 125Z\"><\/path><\/svg>\t\t\t\t\t<\/div>\n\t\t\t\t\t<div class=\"elementor-swiper-button elementor-swiper-button-next\" role=\"button\" tabindex=\"0\">\n\t\t\t\t\t\t<svg aria-hidden=\"true\" class=\"e-font-icon-svg e-eicon-chevron-right\" viewBox=\"0 0 1000 1000\" xmlns=\"http:\/\/www.w3.org\/2000\/svg\"><path d=\"M696 533C708 521 713 504 713 487 713 471 708 454 696 446L400 146C388 133 375 125 354 125 338 125 325 129 313 142 300 154 292 171 292 187 292 204 296 221 308 233L563 492 304 771C292 783 288 800 288 817 288 833 296 850 308 863 321 871 338 875 354 875 371 875 388 867 400 854L696 533Z\"><\/path><\/svg>\t\t\t\t\t<\/div>\n\t\t\t\t\n\t\t\t\t\t\t\t\t\t<div class=\"swiper-pagination\"><\/div>\n\t\t\t\t\t\t\t\t\t<\/div>\n\t\t\t\t\t\t<\/div>\n\t\t\t\t\t<\/div>\n\t\t\t\t<\/div>\n\t\t<div class=\"elementor-element elementor-element-4557756d e-flex e-con-boxed e-con e-parent\" data-id=\"4557756d\" data-element_type=\"container\">\n\t\t\t\t\t<div class=\"e-con-inner\">\n\t\t<div class=\"elementor-element elementor-element-15b9375 e-con-full e-flex e-con e-child\" data-id=\"15b9375\" data-element_type=\"container\">\n\t\t\t\t<div class=\"elementor-element elementor-element-1afb89a9 elementor-widget elementor-widget-text-editor\" data-id=\"1afb89a9\" data-element_type=\"widget\" data-widget_type=\"text-editor.default\">\n\t\t\t\t\t\t\t\t\t<p><b>Tigers<\/b>: (Rayas de tigre; Cohetes) Esta larga y envolvente izquierda rompe sobre un arrecife de coral con surcos paralelos como las franjas de un tigre. Con un oleaje s\u00f3lido, el despegue complicado conduce a una larga pared que rodea y se vuelve m\u00e1s r\u00e1pida y empinada hasta una secci\u00f3n final de barril. <\/p><p><b>Antiques<\/b>: Al otro lado del canal de Tigers, su gemela diestra es una ola m\u00e1s peque\u00f1a, m\u00e1s f\u00e1cil de manejar \u2013 mejor para principiantes, especialmente cuando el oleaje es mayor.<\/p><p><b>Love Charms<\/b>: Izquierda muy fiable funciona con cualquier swell, pero cambia a medida que el swell crece. En marea baja con un peque\u00f1o oleaje, tiene dos secciones que empiezan con una pared hueca y luego algunos peque\u00f1os bolsillos agradables. Cuando es m\u00e1s grande, las secciones se unen formando una pared larga y s\u00f3lida con una serie de barriles.  <\/p><p><b>Two Ways<\/b>: <b>(Twin Peaks; Arrecife Booga)<\/b> Una ola m\u00e1s relajada que va tanto a la izquierda como a la derecha desde la punta sur del arrecife. Funciona en todas las mareas, entrando en aguas m\u00e1s profundas que muchos arrecifes poco profundos de la zona, as\u00ed que es bueno para surfistas intermedios y una ola divertida para todos. La derecha necesita un swell un poco mayor, pero ambos funcionan a cualquier swell de m\u00e1s de un metro con paredes largas y descascaradas.  <\/p>\t\t\t\t\t\t\t\t<\/div>\n\t\t\t\t<\/div>\n\t\t<div class=\"elementor-element elementor-element-26312304 e-con-full e-flex e-con e-child\" data-id=\"26312304\" data-element_type=\"container\">\n\t\t\t\t<div class=\"elementor-element elementor-element-3b462463 elementor-widget elementor-widget-text-editor\" data-id=\"3b462463\" data-element_type=\"widget\" data-widget_type=\"text-editor.default\">\n\t\t\t\t\t\t\t\t\t<p><b>Five Islands<\/b>: <b>(Gani Point)<\/b> En la esquina sureste del mismo paso arrecifal, esta larga y s\u00f3lida curva a la derecha necesita un oleaje sur y una marea media a alta (puede ser peligrosamente poco profunda en marea baja). Necesita un shinch de m\u00e1s de un metro y maneja el doble de eso o m\u00e1s. Cuando la secci\u00f3n se conecta, es una ola larga, hueca, con un ca\u00f1\u00f3n y muy r\u00e1pida para surfistas avanzados.  <\/p><p><b>Bluebowls: (Vud\u00fa)<\/b>En el extremo oriental de la isla Vaadhoo, el punto de arrecife forma una larga ola a la derecha. Buena en todas las mareas y protegida de los vientos de tierra, funciona tanto en olas peque\u00f1as como grandes, pero es ideal en torno a 1,5 a 2 m con viento del oeste, cuando tiene toda una serie de secciones de cuenco unidas por paredes lisas. Una ola divertida tanto para los que hacen shredders como para los de longboard.  <\/p><p><b>Castaways: (Dhiraagu)<\/b>Rompiendo sobre el extremo este de un arrecife aislado, este giro a la derecha es sin duda para mareas altas. El despegue es f\u00e1cil, pero se vuelve empinado r\u00e1pidamente y se eleva hacia la r\u00e1pida secci\u00f3n final sobre un arrecife poco profundo. Una gran ola cuando el oleaje llega a 2 m o m\u00e1s.  <\/p><p><b>Beacons: <\/b>En el borde occidental del canal de Fiyoari, Beacons es uno de los rompientes de surf m\u00e1s poderosos de Maldivas. Un derecho feroz y voluble, es estrictamente para surfistas habilidosos y serios. Necesita un oleaje limpio del suroeste para que se extienda por el borde de un arrecife poco profundo, formando un tubo \u00e9pico. Las oleadas del sureste o incluso del sur se cierran de forma impredecible sobre el coral.   <\/p>\t\t\t\t\t\t\t\t<\/div>\n\t\t\t\t<\/div>\n\t\t\t\t\t<\/div>\n\t\t\t\t<\/div>\n\t\t\t\t<\/div>\n\t\t","protected":false},"excerpt":{"rendered":"<p>Huvadhoo and Addu Atolls Los atolones Huvadhoo y Addu (a menudo llamados los Atolones del Sur) se encuentran en la secci\u00f3n m\u00e1s meridional de Maldivas. Aunque estas olas tienden a ser m\u00e1s peque\u00f1as que algunos de los atolones m\u00e1s al norte, la costa orientada al sur realmente abre las olas a las olas del sur [&hellip;]<\/p>\n","protected":false},"author":1,"featured_media":1219,"parent":1105,"menu_order":0,"comment_status":"closed","ping_status":"closed","template":"","meta":{"_acf_changed":false,"footnotes":""},"class_list":["post-1099","page","type-page","status-publish","has-post-thumbnail","hentry"],"acf":[],"yoast_head":"<!-- This site is optimized with the Yoast SEO plugin v26.7 - https:\/\/yoast.com\/wordpress\/plugins\/seo\/ -->\n<title>Atolones del sur - Blue Ocean Maldives<\/title>\n<meta name=\"robots\" content=\"index, follow, max-snippet:-1, max-image-preview:large, max-video-preview:-1\" \/>\n<link rel=\"canonical\" href=\"https:\/\/www.blueoceanmaldives.com\/es\/viajes-de-surf\/atolones-del-sur\/\" \/>\n<meta property=\"og:locale\" content=\"es_ES\" \/>\n<meta property=\"og:type\" content=\"article\" \/>\n<meta property=\"og:title\" content=\"Atolones del sur - Blue Ocean Maldives\" \/>\n<meta property=\"og:description\" content=\"Huvadhoo and Addu Atolls Los atolones Huvadhoo y Addu (a menudo llamados los Atolones del Sur) se encuentran en la secci\u00f3n m\u00e1s meridional de Maldivas. Aunque estas olas tienden a ser m\u00e1s peque\u00f1as que algunos de los atolones m\u00e1s al norte, la costa orientada al sur realmente abre las olas a las olas del sur [&hellip;]\" \/>\n<meta property=\"og:url\" content=\"https:\/\/www.blueoceanmaldives.com\/es\/viajes-de-surf\/atolones-del-sur\/\" \/>\n<meta property=\"og:site_name\" content=\"Blue Ocean Maldives\" \/>\n<meta property=\"article:publisher\" content=\"https:\/\/www.facebook.com\/Blueoceanmaldives\/\" \/>\n<meta property=\"article:modified_time\" content=\"2026-01-12T12:07:06+00:00\" \/>\n<meta property=\"og:image\" content=\"https:\/\/www.blueoceanmaldives.com\/wp-content\/uploads\/2022\/02\/DJI_0666.jpg\" \/>\n\t<meta property=\"og:image:width\" content=\"1200\" \/>\n\t<meta property=\"og:image:height\" content=\"675\" \/>\n\t<meta property=\"og:image:type\" content=\"image\/jpeg\" \/>\n<meta name=\"twitter:card\" content=\"summary_large_image\" \/>\n<meta name=\"twitter:label1\" content=\"Tiempo de lectura\" \/>\n\t<meta name=\"twitter:data1\" content=\"3 minutos\" \/>\n<script type=\"application\/ld+json\" class=\"yoast-schema-graph\">{\"@context\":\"https:\/\/schema.org\",\"@graph\":[{\"@type\":\"WebPage\",\"@id\":\"https:\/\/www.blueoceanmaldives.com\/es\/viajes-de-surf\/atolones-del-sur\/\",\"url\":\"https:\/\/www.blueoceanmaldives.com\/es\/viajes-de-surf\/atolones-del-sur\/\",\"name\":\"Atolones del sur - Blue Ocean Maldives\",\"isPartOf\":{\"@id\":\"https:\/\/www.blueoceanmaldives.com\/#website\"},\"primaryImageOfPage\":{\"@id\":\"https:\/\/www.blueoceanmaldives.com\/es\/viajes-de-surf\/atolones-del-sur\/#primaryimage\"},\"image\":{\"@id\":\"https:\/\/www.blueoceanmaldives.com\/es\/viajes-de-surf\/atolones-del-sur\/#primaryimage\"},\"thumbnailUrl\":\"https:\/\/www.blueoceanmaldives.com\/wp-content\/uploads\/2022\/02\/DJI_0666.jpg\",\"datePublished\":\"2021-11-21T09:50:43+00:00\",\"dateModified\":\"2026-01-12T12:07:06+00:00\",\"breadcrumb\":{\"@id\":\"https:\/\/www.blueoceanmaldives.com\/es\/viajes-de-surf\/atolones-del-sur\/#breadcrumb\"},\"inLanguage\":\"es\",\"potentialAction\":[{\"@type\":\"ReadAction\",\"target\":[\"https:\/\/www.blueoceanmaldives.com\/es\/viajes-de-surf\/atolones-del-sur\/\"]}]},{\"@type\":\"ImageObject\",\"inLanguage\":\"es\",\"@id\":\"https:\/\/www.blueoceanmaldives.com\/es\/viajes-de-surf\/atolones-del-sur\/#primaryimage\",\"url\":\"https:\/\/www.blueoceanmaldives.com\/wp-content\/uploads\/2022\/02\/DJI_0666.jpg\",\"contentUrl\":\"https:\/\/www.blueoceanmaldives.com\/wp-content\/uploads\/2022\/02\/DJI_0666.jpg\",\"width\":1200,\"height\":675},{\"@type\":\"BreadcrumbList\",\"@id\":\"https:\/\/www.blueoceanmaldives.com\/es\/viajes-de-surf\/atolones-del-sur\/#breadcrumb\",\"itemListElement\":[{\"@type\":\"ListItem\",\"position\":1,\"name\":\"Home\",\"item\":\"https:\/\/www.blueoceanmaldives.com\/es\/\"},{\"@type\":\"ListItem\",\"position\":2,\"name\":\"Viajes de Surf\",\"item\":\"https:\/\/www.blueoceanmaldives.com\/es\/viajes-de-surf\/\"},{\"@type\":\"ListItem\",\"position\":3,\"name\":\"Atolones del sur\"}]},{\"@type\":\"WebSite\",\"@id\":\"https:\/\/www.blueoceanmaldives.com\/#website\",\"url\":\"https:\/\/www.blueoceanmaldives.com\/\",\"name\":\"Blue Ocean Maldives\",\"description\":\"Un para\u00edso para disfrutar\",\"publisher\":{\"@id\":\"https:\/\/www.blueoceanmaldives.com\/#organization\"},\"potentialAction\":[{\"@type\":\"SearchAction\",\"target\":{\"@type\":\"EntryPoint\",\"urlTemplate\":\"https:\/\/www.blueoceanmaldives.com\/?s={search_term_string}\"},\"query-input\":{\"@type\":\"PropertyValueSpecification\",\"valueRequired\":true,\"valueName\":\"search_term_string\"}}],\"inLanguage\":\"es\"},{\"@type\":\"Organization\",\"@id\":\"https:\/\/www.blueoceanmaldives.com\/#organization\",\"name\":\"Blue Ocean Maldives\",\"url\":\"https:\/\/www.blueoceanmaldives.com\/\",\"logo\":{\"@type\":\"ImageObject\",\"inLanguage\":\"es\",\"@id\":\"https:\/\/www.blueoceanmaldives.com\/#\/schema\/logo\/image\/\",\"url\":\"https:\/\/www.blueoceanmaldives.com\/wp-content\/uploads\/2021\/11\/BOM_logo2-color.png\",\"contentUrl\":\"https:\/\/www.blueoceanmaldives.com\/wp-content\/uploads\/2021\/11\/BOM_logo2-color.png\",\"width\":2339,\"height\":577,\"caption\":\"Blue Ocean Maldives\"},\"image\":{\"@id\":\"https:\/\/www.blueoceanmaldives.com\/#\/schema\/logo\/image\/\"},\"sameAs\":[\"https:\/\/www.facebook.com\/Blueoceanmaldives\/\",\"https:\/\/www.instagram.com\/blueocean_maldives\/?hl=es\"]}]}<\/script>\n<!-- \/ Yoast SEO plugin. -->","yoast_head_json":{"title":"Atolones del sur - Blue Ocean Maldives","robots":{"index":"index","follow":"follow","max-snippet":"max-snippet:-1","max-image-preview":"max-image-preview:large","max-video-preview":"max-video-preview:-1"},"canonical":"https:\/\/www.blueoceanmaldives.com\/es\/viajes-de-surf\/atolones-del-sur\/","og_locale":"es_ES","og_type":"article","og_title":"Atolones del sur - Blue Ocean Maldives","og_description":"Huvadhoo and Addu Atolls Los atolones Huvadhoo y Addu (a menudo llamados los Atolones del Sur) se encuentran en la secci\u00f3n m\u00e1s meridional de Maldivas. Aunque estas olas tienden a ser m\u00e1s peque\u00f1as que algunos de los atolones m\u00e1s al norte, la costa orientada al sur realmente abre las olas a las olas del sur [&hellip;]","og_url":"https:\/\/www.blueoceanmaldives.com\/es\/viajes-de-surf\/atolones-del-sur\/","og_site_name":"Blue Ocean Maldives","article_publisher":"https:\/\/www.facebook.com\/Blueoceanmaldives\/","article_modified_time":"2026-01-12T12:07:06+00:00","og_image":[{"width":1200,"height":675,"url":"https:\/\/www.blueoceanmaldives.com\/wp-content\/uploads\/2022\/02\/DJI_0666.jpg","type":"image\/jpeg"}],"twitter_card":"summary_large_image","twitter_misc":{"Tiempo de lectura":"3 minutos"},"schema":{"@context":"https:\/\/schema.org","@graph":[{"@type":"WebPage","@id":"https:\/\/www.blueoceanmaldives.com\/es\/viajes-de-surf\/atolones-del-sur\/","url":"https:\/\/www.blueoceanmaldives.com\/es\/viajes-de-surf\/atolones-del-sur\/","name":"Atolones del sur - Blue Ocean Maldives","isPartOf":{"@id":"https:\/\/www.blueoceanmaldives.com\/#website"},"primaryImageOfPage":{"@id":"https:\/\/www.blueoceanmaldives.com\/es\/viajes-de-surf\/atolones-del-sur\/#primaryimage"},"image":{"@id":"https:\/\/www.blueoceanmaldives.com\/es\/viajes-de-surf\/atolones-del-sur\/#primaryimage"},"thumbnailUrl":"https:\/\/www.blueoceanmaldives.com\/wp-content\/uploads\/2022\/02\/DJI_0666.jpg","datePublished":"2021-11-21T09:50:43+00:00","dateModified":"2026-01-12T12:07:06+00:00","breadcrumb":{"@id":"https:\/\/www.blueoceanmaldives.com\/es\/viajes-de-surf\/atolones-del-sur\/#breadcrumb"},"inLanguage":"es","potentialAction":[{"@type":"ReadAction","target":["https:\/\/www.blueoceanmaldives.com\/es\/viajes-de-surf\/atolones-del-sur\/"]}]},{"@type":"ImageObject","inLanguage":"es","@id":"https:\/\/www.blueoceanmaldives.com\/es\/viajes-de-surf\/atolones-del-sur\/#primaryimage","url":"https:\/\/www.blueoceanmaldives.com\/wp-content\/uploads\/2022\/02\/DJI_0666.jpg","contentUrl":"https:\/\/www.blueoceanmaldives.com\/wp-content\/uploads\/2022\/02\/DJI_0666.jpg","width":1200,"height":675},{"@type":"BreadcrumbList","@id":"https:\/\/www.blueoceanmaldives.com\/es\/viajes-de-surf\/atolones-del-sur\/#breadcrumb","itemListElement":[{"@type":"ListItem","position":1,"name":"Home","item":"https:\/\/www.blueoceanmaldives.com\/es\/"},{"@type":"ListItem","position":2,"name":"Viajes de Surf","item":"https:\/\/www.blueoceanmaldives.com\/es\/viajes-de-surf\/"},{"@type":"ListItem","position":3,"name":"Atolones del sur"}]},{"@type":"WebSite","@id":"https:\/\/www.blueoceanmaldives.com\/#website","url":"https:\/\/www.blueoceanmaldives.com\/","name":"Blue Ocean Maldives","description":"Un para\u00edso para disfrutar","publisher":{"@id":"https:\/\/www.blueoceanmaldives.com\/#organization"},"potentialAction":[{"@type":"SearchAction","target":{"@type":"EntryPoint","urlTemplate":"https:\/\/www.blueoceanmaldives.com\/?s={search_term_string}"},"query-input":{"@type":"PropertyValueSpecification","valueRequired":true,"valueName":"search_term_string"}}],"inLanguage":"es"},{"@type":"Organization","@id":"https:\/\/www.blueoceanmaldives.com\/#organization","name":"Blue Ocean Maldives","url":"https:\/\/www.blueoceanmaldives.com\/","logo":{"@type":"ImageObject","inLanguage":"es","@id":"https:\/\/www.blueoceanmaldives.com\/#\/schema\/logo\/image\/","url":"https:\/\/www.blueoceanmaldives.com\/wp-content\/uploads\/2021\/11\/BOM_logo2-color.png","contentUrl":"https:\/\/www.blueoceanmaldives.com\/wp-content\/uploads\/2021\/11\/BOM_logo2-color.png","width":2339,"height":577,"caption":"Blue Ocean Maldives"},"image":{"@id":"https:\/\/www.blueoceanmaldives.com\/#\/schema\/logo\/image\/"},"sameAs":["https:\/\/www.facebook.com\/Blueoceanmaldives\/","https:\/\/www.instagram.com\/blueocean_maldives\/?hl=es"]}]}},"_links":{"self":[{"href":"https:\/\/www.blueoceanmaldives.com\/es\/wp-json\/wp\/v2\/pages\/1099","targetHints":{"allow":["GET"]}}],"collection":[{"href":"https:\/\/www.blueoceanmaldives.com\/es\/wp-json\/wp\/v2\/pages"}],"about":[{"href":"https:\/\/www.blueoceanmaldives.com\/es\/wp-json\/wp\/v2\/types\/page"}],"author":[{"embeddable":true,"href":"https:\/\/www.blueoceanmaldives.com\/es\/wp-json\/wp\/v2\/users\/1"}],"replies":[{"embeddable":true,"href":"https:\/\/www.blueoceanmaldives.com\/es\/wp-json\/wp\/v2\/comments?post=1099"}],"version-history":[{"count":6,"href":"https:\/\/www.blueoceanmaldives.com\/es\/wp-json\/wp\/v2\/pages\/1099\/revisions"}],"predecessor-version":[{"id":5491,"href":"https:\/\/www.blueoceanmaldives.com\/es\/wp-json\/wp\/v2\/pages\/1099\/revisions\/5491"}],"up":[{"embeddable":true,"href":"https:\/\/www.blueoceanmaldives.com\/es\/wp-json\/wp\/v2\/pages\/1105"}],"wp:featuredmedia":[{"embeddable":true,"href":"https:\/\/www.blueoceanmaldives.com\/es\/wp-json\/wp\/v2\/media\/1219"}],"wp:attachment":[{"href":"https:\/\/www.blueoceanmaldives.com\/es\/wp-json\/wp\/v2\/media?parent=1099"}],"curies":[{"name":"wp","href":"https:\/\/api.w.org\/{rel}","templated":true}]}}