{"id":3957,"date":"2025-12-22T14:48:33","date_gmt":"2025-12-22T13:48:33","guid":{"rendered":"https:\/\/www.blueoceanmaldives.com\/?page_id=3957"},"modified":"2026-01-13T11:12:32","modified_gmt":"2026-01-13T10:12:32","slug":"sobre-nosotros","status":"publish","type":"page","link":"https:\/\/www.blueoceanmaldives.com\/es\/sobre-nosotros\/","title":{"rendered":"Sobre Nosotros"},"content":{"rendered":"\t\t<div data-elementor-type=\"wp-page\" data-elementor-id=\"3957\" class=\"elementor elementor-3957 elementor-3955\" data-elementor-post-type=\"page\">\n\t\t\t\t<div class=\"elementor-element elementor-element-9fd8e7b e-flex e-con-boxed e-con e-parent\" data-id=\"9fd8e7b\" data-element_type=\"container\">\n\t\t\t\t\t<div class=\"e-con-inner\">\n\t\t\t\t<div class=\"elementor-element elementor-element-5a34011f elementor-widget elementor-widget-heading\" data-id=\"5a34011f\" data-element_type=\"widget\" data-widget_type=\"heading.default\">\n\t\t\t\t\t<h2 class=\"elementor-heading-title elementor-size-default\">Blue Ocean Maldives<\/h2>\t\t\t\t<\/div>\n\t\t\t\t<div class=\"elementor-element elementor-element-1a98d807 elementor-widget elementor-widget-text-editor\" data-id=\"1a98d807\" data-element_type=\"widget\" data-widget_type=\"text-editor.default\">\n\t\t\t\t\t\t\t\t\t<p style=\"text-align: left;\" data-start=\"88\" data-end=\"344\">Blue Ocean Maldives es el resultado de a\u00f1os de experiencia operativa en turismo y servicios premium en Maldivas. Desde 2017 gestionamos proyectos en el archipi\u00e9lago, respaldados por un equipo multidisciplinar de talento local altamente cualificado. <\/p><p style=\"text-align: left;\" data-start=\"346\" data-end=\"394\">Nuestro modelo se sostiene sobre tres pilares esenciales:<\/p><p style=\"text-align: left;\" data-start=\"346\" data-end=\"394\">\u2022 Atenci\u00f3n personalizada, dise\u00f1ada para comprender lo que cada viajero realmente busca.<br data-start=\"480\" data-end=\"483\">\u2022 Equipos expertos, con profundo conocimiento del entorno y una cultura de servicio impecable.<br data-start=\"576\" data-end=\"579\">\u2022 Ejecuci\u00f3n precisa, garantizada por el equipo detr\u00e1s de Blue Ocean Maldives, coordinando cada detalle desde el inicio hasta el final de la experiencia.<\/p><p style=\"text-align: left;\" data-start=\"731\" data-end=\"1022\">Ofrecemos un ecosistema completo de experiencias que abarca <strong>Surf Trips, Yoga Retreats, Freediving Expeditions, Fishing Adventures, Art &amp; Creator Trips, Wellness Experiences, Private Charters, Resort Stays, Snorkel Safaris y muchas m\u00e1s propuestas<\/strong> dise\u00f1adas a medida de nuestros colaboradores y viajeros.<\/p><p style=\"text-align: left;\" data-start=\"1024\" data-end=\"1275\">En <strong>Blue Ocean Maldives<\/strong>, todo, desde la operaci\u00f3n en el terreno hasta la direcci\u00f3n estrat\u00e9gica que la hace posible, est\u00e1 orquestado para un \u00fanico objetivo: crear vivencias extraordinarias donde la excelencia operativa y el alma aut\u00e9ntica de Maldivas se encuentran.<\/p>\t\t\t\t\t\t\t\t<\/div>\n\t\t\t\t\t<\/div>\n\t\t\t\t<\/div>\n\t\t<div class=\"elementor-element elementor-element-715fb47 e-grid e-con-full e-con e-parent\" data-id=\"715fb47\" data-element_type=\"container\">\n\t\t\t\t<div class=\"elementor-element elementor-element-3182450 elementor-position-left elementor-vertical-align-top elementor-widget elementor-widget-image-box\" data-id=\"3182450\" data-element_type=\"widget\" data-widget_type=\"image-box.default\">\n\t\t\t\t\t<div class=\"elementor-image-box-wrapper\"><figure class=\"elementor-image-box-img\"><img fetchpriority=\"high\" decoding=\"async\" width=\"1350\" height=\"1688\" src=\"https:\/\/www.blueoceanmaldives.com\/wp-content\/uploads\/2026\/01\/dany.png\" class=\"attachment-full size-full wp-image-4893\" alt=\"\" srcset=\"https:\/\/www.blueoceanmaldives.com\/wp-content\/uploads\/2026\/01\/dany.png 1350w, https:\/\/www.blueoceanmaldives.com\/wp-content\/uploads\/2026\/01\/dany-240x300.png 240w, https:\/\/www.blueoceanmaldives.com\/wp-content\/uploads\/2026\/01\/dany-819x1024.png 819w, https:\/\/www.blueoceanmaldives.com\/wp-content\/uploads\/2026\/01\/dany-768x960.png 768w, https:\/\/www.blueoceanmaldives.com\/wp-content\/uploads\/2026\/01\/dany-1228x1536.png 1228w, https:\/\/www.blueoceanmaldives.com\/wp-content\/uploads\/2026\/01\/dany-920x1150.png 920w\" sizes=\"(max-width: 1350px) 100vw, 1350px\" \/><\/figure><div class=\"elementor-image-box-content\"><h4 class=\"elementor-image-box-title\">Dany Greaves<\/h4><p class=\"elementor-image-box-description\">Fundador y CEO de Blue Ocean Maldives. Responsable de la estrategia y de la operativa log\u00edstica en Maldivas. Licenciado en Ciencias Marinas por la Universidad de las Islas Canarias. Surfista y amante del oc\u00e9ano.   <\/p><\/div><\/div>\t\t\t\t<\/div>\n\t\t\t\t<div class=\"elementor-element elementor-element-0f7ef89 elementor-position-left elementor-vertical-align-top elementor-widget elementor-widget-image-box\" data-id=\"0f7ef89\" data-element_type=\"widget\" data-widget_type=\"image-box.default\">\n\t\t\t\t\t<div class=\"elementor-image-box-wrapper\"><figure class=\"elementor-image-box-img\"><img decoding=\"async\" width=\"1485\" height=\"1856\" src=\"https:\/\/www.blueoceanmaldives.com\/wp-content\/uploads\/2026\/01\/dani.png\" class=\"attachment-full size-full wp-image-4894\" alt=\"\" srcset=\"https:\/\/www.blueoceanmaldives.com\/wp-content\/uploads\/2026\/01\/dani.png 1485w, https:\/\/www.blueoceanmaldives.com\/wp-content\/uploads\/2026\/01\/dani-240x300.png 240w, https:\/\/www.blueoceanmaldives.com\/wp-content\/uploads\/2026\/01\/dani-819x1024.png 819w, https:\/\/www.blueoceanmaldives.com\/wp-content\/uploads\/2026\/01\/dani-768x960.png 768w, https:\/\/www.blueoceanmaldives.com\/wp-content\/uploads\/2026\/01\/dani-1229x1536.png 1229w, https:\/\/www.blueoceanmaldives.com\/wp-content\/uploads\/2026\/01\/dani-920x1150.png 920w\" sizes=\"(max-width: 1485px) 100vw, 1485px\" \/><\/figure><div class=\"elementor-image-box-content\"><h4 class=\"elementor-image-box-title\">Dani Fraile Torres<\/h4><p class=\"elementor-image-box-description\">Cofundador y Director Financiero,. <br>Responsable de la gesti\u00f3n financiera, la estrategia corporativa, el control de gesti\u00f3n y la optimizaci\u00f3n de los procesos internos. Formaci\u00f3n en gesti\u00f3n empresarial. Surfista, amante del oc\u00e9ano y apasionado de la pesca.  <\/p><\/div><\/div>\t\t\t\t<\/div>\n\t\t\t\t<\/div>\n\t\t\t\t<\/div>\n\t\t","protected":false},"excerpt":{"rendered":"<p>Blue Ocean Maldives Blue Ocean Maldives es el resultado de a\u00f1os de experiencia operativa en turismo y servicios premium en Maldivas. Desde 2017 gestionamos proyectos en el archipi\u00e9lago, respaldados por un equipo multidisciplinar de talento local altamente cualificado. Nuestro modelo se sostiene sobre tres pilares esenciales: \u2022 Atenci\u00f3n personalizada, dise\u00f1ada para comprender lo que cada [&hellip;]<\/p>\n","protected":false},"author":1,"featured_media":4885,"parent":0,"menu_order":0,"comment_status":"closed","ping_status":"closed","template":"","meta":{"_acf_changed":false,"footnotes":""},"class_list":["post-3957","page","type-page","status-publish","has-post-thumbnail","hentry"],"acf":[],"yoast_head":"<!-- This site is optimized with the Yoast SEO plugin v26.7 - https:\/\/yoast.com\/wordpress\/plugins\/seo\/ -->\n<title>Sobre Nosotros - Blue Ocean Maldives: Meet the team.<\/title>\n<meta name=\"description\" content=\"Blue Ocean Maldives team is the result of years of operational experience in tourism and premium services across the Maldives.\" \/>\n<meta name=\"robots\" content=\"index, follow, max-snippet:-1, max-image-preview:large, max-video-preview:-1\" \/>\n<link rel=\"canonical\" href=\"https:\/\/www.blueoceanmaldives.com\/es\/sobre-nosotros\/\" \/>\n<meta property=\"og:locale\" content=\"es_ES\" \/>\n<meta property=\"og:type\" content=\"article\" \/>\n<meta property=\"og:title\" content=\"Sobre Nosotros - Blue Ocean Maldives: Meet the team.\" \/>\n<meta property=\"og:description\" content=\"Blue Ocean Maldives team is the result of years of operational experience in tourism and premium services across the Maldives.\" \/>\n<meta property=\"og:url\" content=\"https:\/\/www.blueoceanmaldives.com\/es\/sobre-nosotros\/\" \/>\n<meta property=\"og:site_name\" content=\"Blue Ocean Maldives\" \/>\n<meta property=\"article:publisher\" content=\"https:\/\/www.facebook.com\/Blueoceanmaldives\/\" \/>\n<meta property=\"article:modified_time\" content=\"2026-01-13T10:12:32+00:00\" \/>\n<meta property=\"og:image\" content=\"https:\/\/www.blueoceanmaldives.com\/wp-content\/uploads\/2026\/01\/Evento-13-1-scaled-e1768294691104.jpg\" \/>\n\t<meta property=\"og:image:width\" content=\"2560\" \/>\n\t<meta property=\"og:image:height\" content=\"1216\" \/>\n\t<meta property=\"og:image:type\" content=\"image\/jpeg\" \/>\n<meta name=\"twitter:card\" content=\"summary_large_image\" \/>\n<meta name=\"twitter:label1\" content=\"Tiempo de lectura\" \/>\n\t<meta name=\"twitter:data1\" content=\"1 minuto\" \/>\n<script type=\"application\/ld+json\" class=\"yoast-schema-graph\">{\"@context\":\"https:\/\/schema.org\",\"@graph\":[{\"@type\":\"WebPage\",\"@id\":\"https:\/\/www.blueoceanmaldives.com\/es\/sobre-nosotros\/\",\"url\":\"https:\/\/www.blueoceanmaldives.com\/es\/sobre-nosotros\/\",\"name\":\"Sobre Nosotros - Blue Ocean Maldives: Meet the team.\",\"isPartOf\":{\"@id\":\"https:\/\/www.blueoceanmaldives.com\/#website\"},\"primaryImageOfPage\":{\"@id\":\"https:\/\/www.blueoceanmaldives.com\/es\/sobre-nosotros\/#primaryimage\"},\"image\":{\"@id\":\"https:\/\/www.blueoceanmaldives.com\/es\/sobre-nosotros\/#primaryimage\"},\"thumbnailUrl\":\"https:\/\/www.blueoceanmaldives.com\/wp-content\/uploads\/2026\/01\/Evento-13-1-scaled-e1768294691104.jpg\",\"datePublished\":\"2025-12-22T13:48:33+00:00\",\"dateModified\":\"2026-01-13T10:12:32+00:00\",\"description\":\"Blue Ocean Maldives team is the result of years of operational experience in tourism and premium services across the Maldives.\",\"breadcrumb\":{\"@id\":\"https:\/\/www.blueoceanmaldives.com\/es\/sobre-nosotros\/#breadcrumb\"},\"inLanguage\":\"es\",\"potentialAction\":[{\"@type\":\"ReadAction\",\"target\":[\"https:\/\/www.blueoceanmaldives.com\/es\/sobre-nosotros\/\"]}]},{\"@type\":\"ImageObject\",\"inLanguage\":\"es\",\"@id\":\"https:\/\/www.blueoceanmaldives.com\/es\/sobre-nosotros\/#primaryimage\",\"url\":\"https:\/\/www.blueoceanmaldives.com\/wp-content\/uploads\/2026\/01\/Evento-13-1-scaled-e1768294691104.jpg\",\"contentUrl\":\"https:\/\/www.blueoceanmaldives.com\/wp-content\/uploads\/2026\/01\/Evento-13-1-scaled-e1768294691104.jpg\",\"width\":2560,\"height\":1216},{\"@type\":\"BreadcrumbList\",\"@id\":\"https:\/\/www.blueoceanmaldives.com\/es\/sobre-nosotros\/#breadcrumb\",\"itemListElement\":[{\"@type\":\"ListItem\",\"position\":1,\"name\":\"Home\",\"item\":\"https:\/\/www.blueoceanmaldives.com\/es\/\"},{\"@type\":\"ListItem\",\"position\":2,\"name\":\"Sobre Nosotros\"}]},{\"@type\":\"WebSite\",\"@id\":\"https:\/\/www.blueoceanmaldives.com\/#website\",\"url\":\"https:\/\/www.blueoceanmaldives.com\/\",\"name\":\"Blue Ocean Maldives\",\"description\":\"Un para\u00edso para disfrutar\",\"publisher\":{\"@id\":\"https:\/\/www.blueoceanmaldives.com\/#organization\"},\"potentialAction\":[{\"@type\":\"SearchAction\",\"target\":{\"@type\":\"EntryPoint\",\"urlTemplate\":\"https:\/\/www.blueoceanmaldives.com\/?s={search_term_string}\"},\"query-input\":{\"@type\":\"PropertyValueSpecification\",\"valueRequired\":true,\"valueName\":\"search_term_string\"}}],\"inLanguage\":\"es\"},{\"@type\":\"Organization\",\"@id\":\"https:\/\/www.blueoceanmaldives.com\/#organization\",\"name\":\"Blue Ocean Maldives\",\"url\":\"https:\/\/www.blueoceanmaldives.com\/\",\"logo\":{\"@type\":\"ImageObject\",\"inLanguage\":\"es\",\"@id\":\"https:\/\/www.blueoceanmaldives.com\/#\/schema\/logo\/image\/\",\"url\":\"https:\/\/www.blueoceanmaldives.com\/wp-content\/uploads\/2021\/11\/BOM_logo2-color.png\",\"contentUrl\":\"https:\/\/www.blueoceanmaldives.com\/wp-content\/uploads\/2021\/11\/BOM_logo2-color.png\",\"width\":2339,\"height\":577,\"caption\":\"Blue Ocean Maldives\"},\"image\":{\"@id\":\"https:\/\/www.blueoceanmaldives.com\/#\/schema\/logo\/image\/\"},\"sameAs\":[\"https:\/\/www.facebook.com\/Blueoceanmaldives\/\",\"https:\/\/www.instagram.com\/blueocean_maldives\/?hl=es\"]}]}<\/script>\n<!-- \/ Yoast SEO plugin. -->","yoast_head_json":{"title":"Sobre Nosotros - Blue Ocean Maldives: Meet the team.","description":"Blue Ocean Maldives team is the result of years of operational experience in tourism and premium services across the Maldives.","robots":{"index":"index","follow":"follow","max-snippet":"max-snippet:-1","max-image-preview":"max-image-preview:large","max-video-preview":"max-video-preview:-1"},"canonical":"https:\/\/www.blueoceanmaldives.com\/es\/sobre-nosotros\/","og_locale":"es_ES","og_type":"article","og_title":"Sobre Nosotros - Blue Ocean Maldives: Meet the team.","og_description":"Blue Ocean Maldives team is the result of years of operational experience in tourism and premium services across the Maldives.","og_url":"https:\/\/www.blueoceanmaldives.com\/es\/sobre-nosotros\/","og_site_name":"Blue Ocean Maldives","article_publisher":"https:\/\/www.facebook.com\/Blueoceanmaldives\/","article_modified_time":"2026-01-13T10:12:32+00:00","og_image":[{"width":2560,"height":1216,"url":"https:\/\/www.blueoceanmaldives.com\/wp-content\/uploads\/2026\/01\/Evento-13-1-scaled-e1768294691104.jpg","type":"image\/jpeg"}],"twitter_card":"summary_large_image","twitter_misc":{"Tiempo de lectura":"1 minuto"},"schema":{"@context":"https:\/\/schema.org","@graph":[{"@type":"WebPage","@id":"https:\/\/www.blueoceanmaldives.com\/es\/sobre-nosotros\/","url":"https:\/\/www.blueoceanmaldives.com\/es\/sobre-nosotros\/","name":"Sobre Nosotros - Blue Ocean Maldives: Meet the team.","isPartOf":{"@id":"https:\/\/www.blueoceanmaldives.com\/#website"},"primaryImageOfPage":{"@id":"https:\/\/www.blueoceanmaldives.com\/es\/sobre-nosotros\/#primaryimage"},"image":{"@id":"https:\/\/www.blueoceanmaldives.com\/es\/sobre-nosotros\/#primaryimage"},"thumbnailUrl":"https:\/\/www.blueoceanmaldives.com\/wp-content\/uploads\/2026\/01\/Evento-13-1-scaled-e1768294691104.jpg","datePublished":"2025-12-22T13:48:33+00:00","dateModified":"2026-01-13T10:12:32+00:00","description":"Blue Ocean Maldives team is the result of years of operational experience in tourism and premium services across the Maldives.","breadcrumb":{"@id":"https:\/\/www.blueoceanmaldives.com\/es\/sobre-nosotros\/#breadcrumb"},"inLanguage":"es","potentialAction":[{"@type":"ReadAction","target":["https:\/\/www.blueoceanmaldives.com\/es\/sobre-nosotros\/"]}]},{"@type":"ImageObject","inLanguage":"es","@id":"https:\/\/www.blueoceanmaldives.com\/es\/sobre-nosotros\/#primaryimage","url":"https:\/\/www.blueoceanmaldives.com\/wp-content\/uploads\/2026\/01\/Evento-13-1-scaled-e1768294691104.jpg","contentUrl":"https:\/\/www.blueoceanmaldives.com\/wp-content\/uploads\/2026\/01\/Evento-13-1-scaled-e1768294691104.jpg","width":2560,"height":1216},{"@type":"BreadcrumbList","@id":"https:\/\/www.blueoceanmaldives.com\/es\/sobre-nosotros\/#breadcrumb","itemListElement":[{"@type":"ListItem","position":1,"name":"Home","item":"https:\/\/www.blueoceanmaldives.com\/es\/"},{"@type":"ListItem","position":2,"name":"Sobre Nosotros"}]},{"@type":"WebSite","@id":"https:\/\/www.blueoceanmaldives.com\/#website","url":"https:\/\/www.blueoceanmaldives.com\/","name":"Blue Ocean Maldives","description":"Un para\u00edso para disfrutar","publisher":{"@id":"https:\/\/www.blueoceanmaldives.com\/#organization"},"potentialAction":[{"@type":"SearchAction","target":{"@type":"EntryPoint","urlTemplate":"https:\/\/www.blueoceanmaldives.com\/?s={search_term_string}"},"query-input":{"@type":"PropertyValueSpecification","valueRequired":true,"valueName":"search_term_string"}}],"inLanguage":"es"},{"@type":"Organization","@id":"https:\/\/www.blueoceanmaldives.com\/#organization","name":"Blue Ocean Maldives","url":"https:\/\/www.blueoceanmaldives.com\/","logo":{"@type":"ImageObject","inLanguage":"es","@id":"https:\/\/www.blueoceanmaldives.com\/#\/schema\/logo\/image\/","url":"https:\/\/www.blueoceanmaldives.com\/wp-content\/uploads\/2021\/11\/BOM_logo2-color.png","contentUrl":"https:\/\/www.blueoceanmaldives.com\/wp-content\/uploads\/2021\/11\/BOM_logo2-color.png","width":2339,"height":577,"caption":"Blue Ocean Maldives"},"image":{"@id":"https:\/\/www.blueoceanmaldives.com\/#\/schema\/logo\/image\/"},"sameAs":["https:\/\/www.facebook.com\/Blueoceanmaldives\/","https:\/\/www.instagram.com\/blueocean_maldives\/?hl=es"]}]}},"_links":{"self":[{"href":"https:\/\/www.blueoceanmaldives.com\/es\/wp-json\/wp\/v2\/pages\/3957","targetHints":{"allow":["GET"]}}],"collection":[{"href":"https:\/\/www.blueoceanmaldives.com\/es\/wp-json\/wp\/v2\/pages"}],"about":[{"href":"https:\/\/www.blueoceanmaldives.com\/es\/wp-json\/wp\/v2\/types\/page"}],"author":[{"embeddable":true,"href":"https:\/\/www.blueoceanmaldives.com\/es\/wp-json\/wp\/v2\/users\/1"}],"replies":[{"embeddable":true,"href":"https:\/\/www.blueoceanmaldives.com\/es\/wp-json\/wp\/v2\/comments?post=3957"}],"version-history":[{"count":12,"href":"https:\/\/www.blueoceanmaldives.com\/es\/wp-json\/wp\/v2\/pages\/3957\/revisions"}],"predecessor-version":[{"id":5866,"href":"https:\/\/www.blueoceanmaldives.com\/es\/wp-json\/wp\/v2\/pages\/3957\/revisions\/5866"}],"wp:featuredmedia":[{"embeddable":true,"href":"https:\/\/www.blueoceanmaldives.com\/es\/wp-json\/wp\/v2\/media\/4885"}],"wp:attachment":[{"href":"https:\/\/www.blueoceanmaldives.com\/es\/wp-json\/wp\/v2\/media?parent=3957"}],"curies":[{"name":"wp","href":"https:\/\/api.w.org\/{rel}","templated":true}]}}