{"id":5096,"date":"2021-12-18T18:28:31","date_gmt":"2021-12-18T17:28:31","guid":{"rendered":"https:\/\/www.blueoceanmaldives.com\/resorts\/kandooma\/"},"modified":"2026-01-11T11:06:28","modified_gmt":"2026-01-11T10:06:28","slug":"kandooma","status":"publish","type":"page","link":"https:\/\/www.blueoceanmaldives.com\/es\/resorts\/kandooma\/","title":{"rendered":"Kandooma"},"content":{"rendered":"\t\t<div data-elementor-type=\"wp-page\" data-elementor-id=\"5096\" class=\"elementor elementor-5096 elementor-3830\" data-elementor-post-type=\"page\">\n\t\t\t\t<div class=\"elementor-element elementor-element-f79d9df e-flex e-con-boxed e-con e-parent\" data-id=\"f79d9df\" data-element_type=\"container\">\n\t\t\t\t\t<div class=\"e-con-inner\">\n\t\t\t\t<div class=\"elementor-element elementor-element-5015d39 elementor-widget elementor-widget-heading\" data-id=\"5015d39\" data-element_type=\"widget\" data-widget_type=\"heading.default\">\n\t\t\t\t\t<h2 class=\"elementor-heading-title elementor-size-default\">Kandooma<\/h2>\t\t\t\t<\/div>\n\t\t\t\t<div class=\"elementor-element elementor-element-22fd480 elementor-widget elementor-widget-text-editor\" data-id=\"22fd480\" data-element_type=\"widget\" data-widget_type=\"text-editor.default\">\n\t\t\t\t\t\t\t\t\t<p data-start=\"0\" data-end=\"314\">El Holiday Inn Resort Kandooma Maldives es un resort isle\u00f1o de estilo tropical situado en el atol\u00f3n de Mal\u00e9 Sur, a unos 45 minutos en lancha r\u00e1pida desde el Aeropuerto Internacional de Velana. Rodeado de aguas turquesa y playas de arena blanca impecable, ofrece la imagen cl\u00e1sica de Maldivas con una llegada sencilla, r\u00e1pida y muy c\u00f3moda.  Kandooma es especialmente atractivo para surfistas: la famosa Kandooma Right rompe muy cerca de la isla, ofreciendo una derecha r\u00e1pida y potente sobre arrecife de coral, y se ha ganado su lugar como una de las olas m\u00e1s respetadas de la zona.<br>La laguna y las aguas que rodean el resort tambi\u00e9n lo convierten en una excelente opci\u00f3n para quienes buscan acci\u00f3n y variedad m\u00e1s all\u00e1 del surf, con una oferta s\u00f3lida de actividades oce\u00e1nicas como buceo, snorkel y m\u00faltiples deportes acu\u00e1ticos y excursiones.<br>Adem\u00e1s, el resort est\u00e1 muy bien preparado para familias, parejas y viajes tipo luna de miel, con un ambiente relajado de isla y servicios pensados para una experiencia de vacaciones completa, c\u00f3moda y \u201ctodo en uno\u201d.  <\/p>\t\t\t\t\t\t\t\t<\/div>\n\t\t\t\t\t<\/div>\n\t\t\t\t<\/div>\n\t\t<div class=\"elementor-element elementor-element-a740937 e-flex e-con-boxed e-con e-parent\" data-id=\"a740937\" data-element_type=\"container\">\n\t\t\t\t\t<div class=\"e-con-inner\">\n\t\t\t\t<div class=\"elementor-element elementor-element-763560f elementor-arrows-position-inside elementor-widget elementor-widget-image-carousel\" data-id=\"763560f\" data-element_type=\"widget\" data-settings=\"{&quot;slides_to_show&quot;:&quot;4&quot;,&quot;navigation&quot;:&quot;arrows&quot;,&quot;lazyload&quot;:&quot;yes&quot;,&quot;autoplay&quot;:&quot;yes&quot;,&quot;pause_on_hover&quot;:&quot;yes&quot;,&quot;pause_on_interaction&quot;:&quot;yes&quot;,&quot;autoplay_speed&quot;:5000,&quot;infinite&quot;:&quot;yes&quot;,&quot;speed&quot;:500}\" data-widget_type=\"image-carousel.default\">\n\t\t\t\t\t\t\t<div class=\"elementor-image-carousel-wrapper swiper\" role=\"region\" aria-roledescription=\"carousel\" aria-label=\"Image Carousel\" dir=\"ltr\">\n\t\t\t<div class=\"elementor-image-carousel swiper-wrapper\" aria-live=\"off\">\n\t\t\t\t\t\t\t\t<div class=\"swiper-slide\" role=\"group\" aria-roledescription=\"slide\" aria-label=\"1 de 13\"><figure class=\"swiper-slide-inner\"><img class=\"swiper-slide-image swiper-lazy\" data-src=\"https:\/\/www.blueoceanmaldives.com\/wp-content\/uploads\/2025\/12\/KANDOOMA-1-1024x576.jpg\" alt=\"KANDOOMA 1\" \/><div class=\"swiper-lazy-preloader\"><\/div><\/figure><\/div><div class=\"swiper-slide\" role=\"group\" aria-roledescription=\"slide\" aria-label=\"2 de 13\"><figure class=\"swiper-slide-inner\"><img class=\"swiper-slide-image swiper-lazy\" data-src=\"https:\/\/www.blueoceanmaldives.com\/wp-content\/uploads\/2025\/12\/KANDOOMA-2-1024x575.jpg\" alt=\"KANDOOMA 2\" \/><div class=\"swiper-lazy-preloader\"><\/div><\/figure><\/div><div class=\"swiper-slide\" role=\"group\" aria-roledescription=\"slide\" aria-label=\"3 de 13\"><figure class=\"swiper-slide-inner\"><img class=\"swiper-slide-image swiper-lazy\" data-src=\"https:\/\/www.blueoceanmaldives.com\/wp-content\/uploads\/2025\/12\/KANDOOMA-3-1024x683.jpg\" alt=\"KANDOOMA 3\" \/><div class=\"swiper-lazy-preloader\"><\/div><\/figure><\/div><div class=\"swiper-slide\" role=\"group\" aria-roledescription=\"slide\" aria-label=\"4 de 13\"><figure class=\"swiper-slide-inner\"><img class=\"swiper-slide-image swiper-lazy\" data-src=\"https:\/\/www.blueoceanmaldives.com\/wp-content\/uploads\/2025\/12\/KANDOOMA-5-1024x683.jpg\" alt=\"KANDOOMA 5\" \/><div class=\"swiper-lazy-preloader\"><\/div><\/figure><\/div><div class=\"swiper-slide\" role=\"group\" aria-roledescription=\"slide\" aria-label=\"5 de 13\"><figure class=\"swiper-slide-inner\"><img class=\"swiper-slide-image swiper-lazy\" data-src=\"https:\/\/www.blueoceanmaldives.com\/wp-content\/uploads\/2025\/12\/KANDOOMA-6-1024x630.jpg\" alt=\"KANDOOMA 6\" \/><div class=\"swiper-lazy-preloader\"><\/div><\/figure><\/div><div class=\"swiper-slide\" role=\"group\" aria-roledescription=\"slide\" aria-label=\"6 de 13\"><figure class=\"swiper-slide-inner\"><img class=\"swiper-slide-image swiper-lazy\" data-src=\"https:\/\/www.blueoceanmaldives.com\/wp-content\/uploads\/2025\/12\/KANDOOMA-RESORT-1024x538.jpg\" alt=\"KANDOOMA RESORT\" \/><div class=\"swiper-lazy-preloader\"><\/div><\/figure><\/div><div class=\"swiper-slide\" role=\"group\" aria-roledescription=\"slide\" aria-label=\"7 de 13\"><figure class=\"swiper-slide-inner\"><img class=\"swiper-slide-image swiper-lazy\" data-src=\"https:\/\/www.blueoceanmaldives.com\/wp-content\/uploads\/2025\/12\/Kandooma-destination-1024.jpg\" alt=\"Kandooma-destination-1024\" \/><div class=\"swiper-lazy-preloader\"><\/div><\/figure><\/div><div class=\"swiper-slide\" role=\"group\" aria-roledescription=\"slide\" aria-label=\"8 de 13\"><figure class=\"swiper-slide-inner\"><img class=\"swiper-slide-image swiper-lazy\" data-src=\"https:\/\/www.blueoceanmaldives.com\/wp-content\/uploads\/2025\/12\/kandooma-gallery-1-1024x576.jpg\" alt=\"kandooma-gallery-1\" \/><div class=\"swiper-lazy-preloader\"><\/div><\/figure><\/div><div class=\"swiper-slide\" role=\"group\" aria-roledescription=\"slide\" aria-label=\"9 de 13\"><figure class=\"swiper-slide-inner\"><img class=\"swiper-slide-image swiper-lazy\" data-src=\"https:\/\/www.blueoceanmaldives.com\/wp-content\/uploads\/2025\/12\/kandooma-gallery-2-1024x576.jpg\" alt=\"kandooma-gallery-2\" \/><div class=\"swiper-lazy-preloader\"><\/div><\/figure><\/div><div class=\"swiper-slide\" role=\"group\" aria-roledescription=\"slide\" aria-label=\"10 de 13\"><figure class=\"swiper-slide-inner\"><img class=\"swiper-slide-image swiper-lazy\" data-src=\"https:\/\/www.blueoceanmaldives.com\/wp-content\/uploads\/2025\/12\/kandooma-gallery-3-1024x576.jpg\" alt=\"kandooma-gallery-3\" \/><div class=\"swiper-lazy-preloader\"><\/div><\/figure><\/div><div class=\"swiper-slide\" role=\"group\" aria-roledescription=\"slide\" aria-label=\"11 de 13\"><figure class=\"swiper-slide-inner\"><img class=\"swiper-slide-image swiper-lazy\" data-src=\"https:\/\/www.blueoceanmaldives.com\/wp-content\/uploads\/2025\/12\/kandooma-gallery-7-1024x576.jpg\" alt=\"kandooma-gallery-7\" \/><div class=\"swiper-lazy-preloader\"><\/div><\/figure><\/div><div class=\"swiper-slide\" role=\"group\" aria-roledescription=\"slide\" aria-label=\"12 de 13\"><figure class=\"swiper-slide-inner\"><img class=\"swiper-slide-image swiper-lazy\" data-src=\"https:\/\/www.blueoceanmaldives.com\/wp-content\/uploads\/2025\/12\/kandooma-gallery-10-1024x576.jpg\" alt=\"kandooma-gallery-10\" \/><div class=\"swiper-lazy-preloader\"><\/div><\/figure><\/div><div class=\"swiper-slide\" role=\"group\" aria-roledescription=\"slide\" aria-label=\"13 de 13\"><figure class=\"swiper-slide-inner\"><img class=\"swiper-slide-image swiper-lazy\" data-src=\"https:\/\/www.blueoceanmaldives.com\/wp-content\/uploads\/2025\/12\/kandooma-gallery-19-1024x576.jpg\" alt=\"kandooma-gallery-19\" \/><div class=\"swiper-lazy-preloader\"><\/div><\/figure><\/div>\t\t\t<\/div>\n\t\t\t\t\t\t\t\t\t\t\t\t<div class=\"elementor-swiper-button elementor-swiper-button-prev\" role=\"button\" tabindex=\"0\">\n\t\t\t\t\t\t<svg aria-hidden=\"true\" class=\"e-font-icon-svg e-eicon-chevron-left\" viewBox=\"0 0 1000 1000\" xmlns=\"http:\/\/www.w3.org\/2000\/svg\"><path d=\"M646 125C629 125 613 133 604 142L308 442C296 454 292 471 292 487 292 504 296 521 308 533L604 854C617 867 629 875 646 875 663 875 679 871 692 858 704 846 713 829 713 812 713 796 708 779 692 767L438 487 692 225C700 217 708 204 708 187 708 171 704 154 692 142 675 129 663 125 646 125Z\"><\/path><\/svg>\t\t\t\t\t<\/div>\n\t\t\t\t\t<div class=\"elementor-swiper-button elementor-swiper-button-next\" role=\"button\" tabindex=\"0\">\n\t\t\t\t\t\t<svg aria-hidden=\"true\" class=\"e-font-icon-svg e-eicon-chevron-right\" viewBox=\"0 0 1000 1000\" xmlns=\"http:\/\/www.w3.org\/2000\/svg\"><path d=\"M696 533C708 521 713 504 713 487 713 471 708 454 696 446L400 146C388 133 375 125 354 125 338 125 325 129 313 142 300 154 292 171 292 187 292 204 296 221 308 233L563 492 304 771C292 783 288 800 288 817 288 833 296 850 308 863 321 871 338 875 354 875 371 875 388 867 400 854L696 533Z\"><\/path><\/svg>\t\t\t\t\t<\/div>\n\t\t\t\t\n\t\t\t\t\t\t\t\t\t<\/div>\n\t\t\t\t\t\t<\/div>\n\t\t\t\t\t<\/div>\n\t\t\t\t<\/div>\n\t\t<div class=\"elementor-element elementor-element-b562740 e-flex e-con-boxed e-con e-parent\" data-id=\"b562740\" data-element_type=\"container\">\n\t\t\t\t\t<div class=\"e-con-inner\">\n\t\t<div class=\"elementor-element elementor-element-10a2be6 e-con-full e-flex e-con e-child\" data-id=\"10a2be6\" data-element_type=\"container\">\n\t\t\t\t<div class=\"elementor-element elementor-element-eb67ee4 elementor-widget elementor-widget-heading\" data-id=\"eb67ee4\" data-element_type=\"widget\" data-widget_type=\"heading.default\">\n\t\t\t\t\t<h3 class=\"elementor-heading-title elementor-size-default\">Caracter\u00edsticas<\/h3>\t\t\t\t<\/div>\n\t\t\t\t<div class=\"elementor-element elementor-element-2576fa0 elementor-widget elementor-widget-text-editor\" data-id=\"2576fa0\" data-element_type=\"widget\" data-widget_type=\"text-editor.default\">\n\t\t\t\t\t\t\t\t\t<p data-start=\"0\" data-end=\"296\">El resort gestiona el acceso al surf mediante un cupo estricto de 45 surfistas, evitando la saturaci\u00f3n en el line-up y manteniendo una experiencia mucho m\u00e1s exclusiva. El surf se organiza a trav\u00e9s de un paquete espec\u00edfico, dise\u00f1ado para proteger tanto la ola como el control del n\u00famero de personas en el agua.  Kandooma Right es una derecha de arrecife r\u00e1pida y larga, con secciones huecas, que funciona en un amplio rango de tama\u00f1os, aunque su mejor ventana suele estar aproximadamente entre 3 y 6 pies. Normalmente rinde mejor con swell del este\u2013sureste y vientos offshore ligeros del oeste\u2013noroeste. La temporada m\u00e1s constante suele concentrarse en los meses centrales del a\u00f1o.   El paquete de surf tambi\u00e9n incluye salidas diarias en dhoni a otros picos del atol\u00f3n de Mal\u00e9 Sur (seg\u00fan las condiciones), con grupos reducidos por salida para mantener las sesiones m\u00e1s eficientes, fluidas y sin aglomeraciones.<\/p>\t\t\t\t\t\t\t\t<\/div>\n\t\t\t\t<\/div>\n\t\t<div class=\"elementor-element elementor-element-3688bf2 e-con-full e-flex e-con e-child\" data-id=\"3688bf2\" data-element_type=\"container\">\n\t\t\t\t<div class=\"elementor-element elementor-element-c916cf7 elementor-widget elementor-widget-text-editor\" data-id=\"c916cf7\" data-element_type=\"widget\" data-widget_type=\"text-editor.default\">\n\t\t\t\t\t\t\t\t\t<p data-start=\"0\" data-end=\"243\">Poder surfear esta ola de clase mundial con un n\u00famero limitado de surfistas, a pocos metros de tu villa, y con un bar justo frente al pico donde puedes refrescarte y recuperar energ\u00eda, es un lujo que no deber\u00edas dejar pasar.<br>Para tener acceso a surfear la ola privada de Kandooma, es obligatorio contratar el Surfer Pack, que solo puede comprarse a trav\u00e9s de agentes autorizados como Blue Ocean Maldives. Te garantizamos el mejor precio para que disfrutes de esta experiencia \u00fanica.  <\/p>\t\t\t\t\t\t\t\t<\/div>\n\t\t\t\t<\/div>\n\t\t\t\t\t<\/div>\n\t\t\t\t<\/div>\n\t\t<div class=\"elementor-element elementor-element-26f5f89 e-flex e-con-boxed e-con e-parent\" data-id=\"26f5f89\" data-element_type=\"container\">\n\t\t\t\t\t<div class=\"e-con-inner\">\n\t\t\t\t<div class=\"elementor-element elementor-element-d0c6377 elementor-widget elementor-widget-template\" data-id=\"d0c6377\" data-element_type=\"widget\" data-widget_type=\"template.default\">\n\t\t\t\t<div class=\"elementor-widget-container\">\n\t\t\t\t\t\t\t<div class=\"elementor-template\">\n\t\t\t\t\t<div data-elementor-type=\"container\" data-elementor-id=\"3385\" class=\"elementor elementor-3385 elementor-3101\" data-elementor-post-type=\"elementor_library\">\n\t\t\t\t<div class=\"elementor-element elementor-element-95d8553 e-flex e-con-boxed e-con e-parent\" data-id=\"95d8553\" data-element_type=\"container\">\n\t\t\t\t\t<div class=\"e-con-inner\">\n\t\t\t\t<div class=\"elementor-element elementor-element-558ba8c elementor-align-center elementor-widget elementor-widget-button\" data-id=\"558ba8c\" data-element_type=\"widget\" data-widget_type=\"button.default\">\n\t\t\t\t\t\t\t\t\t\t<a class=\"elementor-button elementor-button-link elementor-size-sm\" href=\"https:\/\/www.blueoceanmaldives.com\/es\/contacto\/\">\n\t\t\t\t\t\t<span class=\"elementor-button-content-wrapper\">\n\t\t\t\t\t\t\t\t\t<span class=\"elementor-button-text\">SOLICITAR M\u00c1S INFORMACI\u00d3N<\/span>\n\t\t\t\t\t<\/span>\n\t\t\t\t\t<\/a>\n\t\t\t\t\t\t\t\t<\/div>\n\t\t\t\t\t<\/div>\n\t\t\t\t<\/div>\n\t\t\t\t<\/div>\n\t\t\t\t<\/div>\n\t\t\t\t\t\t<\/div>\n\t\t\t\t<\/div>\n\t\t\t\t\t<\/div>\n\t\t\t\t<\/div>\n\t\t\t\t<\/div>\n\t\t","protected":false},"excerpt":{"rendered":"<p>Kandooma El Holiday Inn Resort Kandooma Maldives es un resort isle\u00f1o de estilo tropical situado en el atol\u00f3n de Mal\u00e9 Sur, a unos 45 minutos en lancha r\u00e1pida desde el Aeropuerto Internacional de Velana. Rodeado de aguas turquesa y playas de arena blanca impecable, ofrece la imagen cl\u00e1sica de Maldivas con una llegada sencilla, r\u00e1pida [&hellip;]<\/p>\n","protected":false},"author":9,"featured_media":4282,"parent":1096,"menu_order":0,"comment_status":"closed","ping_status":"closed","template":"","meta":{"_acf_changed":false,"footnotes":""},"class_list":["post-5096","page","type-page","status-publish","has-post-thumbnail","hentry"],"acf":[],"yoast_head":"<!-- This site is optimized with the Yoast SEO plugin v26.7 - https:\/\/yoast.com\/wordpress\/plugins\/seo\/ -->\n<title>Kandooma - Blue Ocean Maldives<\/title>\n<meta name=\"description\" content=\"Surf Kandooma Maldives at Holiday Inn Kandooma: ride Kandooma Right, a world-class right-hand reef break, with limited surfers, surf package, and daily dhoni surf trips in South Mal\u00e9 Atoll.\" \/>\n<meta name=\"robots\" content=\"index, follow, max-snippet:-1, max-image-preview:large, max-video-preview:-1\" \/>\n<link rel=\"canonical\" href=\"https:\/\/www.blueoceanmaldives.com\/es\/resorts\/kandooma\/\" \/>\n<meta property=\"og:locale\" content=\"es_ES\" \/>\n<meta property=\"og:type\" content=\"article\" \/>\n<meta property=\"og:title\" content=\"Kandooma - Blue Ocean Maldives\" \/>\n<meta property=\"og:description\" content=\"Surf Kandooma Maldives at Holiday Inn Kandooma: ride Kandooma Right, a world-class right-hand reef break, with limited surfers, surf package, and daily dhoni surf trips in South Mal\u00e9 Atoll.\" \/>\n<meta property=\"og:url\" content=\"https:\/\/www.blueoceanmaldives.com\/es\/resorts\/kandooma\/\" \/>\n<meta property=\"og:site_name\" content=\"Blue Ocean Maldives\" \/>\n<meta property=\"article:publisher\" content=\"https:\/\/www.facebook.com\/Blueoceanmaldives\/\" \/>\n<meta property=\"article:modified_time\" content=\"2026-01-11T10:06:28+00:00\" \/>\n<meta property=\"og:image\" content=\"https:\/\/www.blueoceanmaldives.com\/wp-content\/uploads\/2025\/12\/KANDOOMA-RESORT-1.jpg\" \/>\n\t<meta property=\"og:image:width\" content=\"1200\" \/>\n\t<meta property=\"og:image:height\" content=\"630\" \/>\n\t<meta property=\"og:image:type\" content=\"image\/jpeg\" \/>\n<meta name=\"twitter:card\" content=\"summary_large_image\" \/>\n<meta name=\"twitter:label1\" content=\"Tiempo de lectura\" \/>\n\t<meta name=\"twitter:data1\" content=\"2 minutos\" \/>\n<script type=\"application\/ld+json\" class=\"yoast-schema-graph\">{\"@context\":\"https:\/\/schema.org\",\"@graph\":[{\"@type\":\"WebPage\",\"@id\":\"https:\/\/www.blueoceanmaldives.com\/es\/resorts\/kandooma\/\",\"url\":\"https:\/\/www.blueoceanmaldives.com\/es\/resorts\/kandooma\/\",\"name\":\"Kandooma - Blue Ocean Maldives\",\"isPartOf\":{\"@id\":\"https:\/\/www.blueoceanmaldives.com\/#website\"},\"primaryImageOfPage\":{\"@id\":\"https:\/\/www.blueoceanmaldives.com\/es\/resorts\/kandooma\/#primaryimage\"},\"image\":{\"@id\":\"https:\/\/www.blueoceanmaldives.com\/es\/resorts\/kandooma\/#primaryimage\"},\"thumbnailUrl\":\"https:\/\/www.blueoceanmaldives.com\/wp-content\/uploads\/2025\/12\/KANDOOMA-RESORT-1.jpg\",\"datePublished\":\"2021-12-18T17:28:31+00:00\",\"dateModified\":\"2026-01-11T10:06:28+00:00\",\"description\":\"Surf Kandooma Maldives at Holiday Inn Kandooma: ride Kandooma Right, a world-class right-hand reef break, with limited surfers, surf package, and daily dhoni surf trips in South Mal\u00e9 Atoll.\",\"breadcrumb\":{\"@id\":\"https:\/\/www.blueoceanmaldives.com\/es\/resorts\/kandooma\/#breadcrumb\"},\"inLanguage\":\"es\",\"potentialAction\":[{\"@type\":\"ReadAction\",\"target\":[\"https:\/\/www.blueoceanmaldives.com\/es\/resorts\/kandooma\/\"]}]},{\"@type\":\"ImageObject\",\"inLanguage\":\"es\",\"@id\":\"https:\/\/www.blueoceanmaldives.com\/es\/resorts\/kandooma\/#primaryimage\",\"url\":\"https:\/\/www.blueoceanmaldives.com\/wp-content\/uploads\/2025\/12\/KANDOOMA-RESORT-1.jpg\",\"contentUrl\":\"https:\/\/www.blueoceanmaldives.com\/wp-content\/uploads\/2025\/12\/KANDOOMA-RESORT-1.jpg\",\"width\":1200,\"height\":630},{\"@type\":\"BreadcrumbList\",\"@id\":\"https:\/\/www.blueoceanmaldives.com\/es\/resorts\/kandooma\/#breadcrumb\",\"itemListElement\":[{\"@type\":\"ListItem\",\"position\":1,\"name\":\"Home\",\"item\":\"https:\/\/www.blueoceanmaldives.com\/es\/\"},{\"@type\":\"ListItem\",\"position\":2,\"name\":\"Resorts\",\"item\":\"https:\/\/www.blueoceanmaldives.com\/es\/resorts\/\"},{\"@type\":\"ListItem\",\"position\":3,\"name\":\"Kandooma\"}]},{\"@type\":\"WebSite\",\"@id\":\"https:\/\/www.blueoceanmaldives.com\/#website\",\"url\":\"https:\/\/www.blueoceanmaldives.com\/\",\"name\":\"Blue Ocean Maldives\",\"description\":\"Un para\u00edso para disfrutar\",\"publisher\":{\"@id\":\"https:\/\/www.blueoceanmaldives.com\/#organization\"},\"potentialAction\":[{\"@type\":\"SearchAction\",\"target\":{\"@type\":\"EntryPoint\",\"urlTemplate\":\"https:\/\/www.blueoceanmaldives.com\/?s={search_term_string}\"},\"query-input\":{\"@type\":\"PropertyValueSpecification\",\"valueRequired\":true,\"valueName\":\"search_term_string\"}}],\"inLanguage\":\"es\"},{\"@type\":\"Organization\",\"@id\":\"https:\/\/www.blueoceanmaldives.com\/#organization\",\"name\":\"Blue Ocean Maldives\",\"url\":\"https:\/\/www.blueoceanmaldives.com\/\",\"logo\":{\"@type\":\"ImageObject\",\"inLanguage\":\"es\",\"@id\":\"https:\/\/www.blueoceanmaldives.com\/#\/schema\/logo\/image\/\",\"url\":\"https:\/\/www.blueoceanmaldives.com\/wp-content\/uploads\/2021\/11\/BOM_logo2-color.png\",\"contentUrl\":\"https:\/\/www.blueoceanmaldives.com\/wp-content\/uploads\/2021\/11\/BOM_logo2-color.png\",\"width\":2339,\"height\":577,\"caption\":\"Blue Ocean Maldives\"},\"image\":{\"@id\":\"https:\/\/www.blueoceanmaldives.com\/#\/schema\/logo\/image\/\"},\"sameAs\":[\"https:\/\/www.facebook.com\/Blueoceanmaldives\/\",\"https:\/\/www.instagram.com\/blueocean_maldives\/?hl=es\"]}]}<\/script>\n<!-- \/ Yoast SEO plugin. -->","yoast_head_json":{"title":"Kandooma - Blue Ocean Maldives","description":"Surf Kandooma Maldives at Holiday Inn Kandooma: ride Kandooma Right, a world-class right-hand reef break, with limited surfers, surf package, and daily dhoni surf trips in South Mal\u00e9 Atoll.","robots":{"index":"index","follow":"follow","max-snippet":"max-snippet:-1","max-image-preview":"max-image-preview:large","max-video-preview":"max-video-preview:-1"},"canonical":"https:\/\/www.blueoceanmaldives.com\/es\/resorts\/kandooma\/","og_locale":"es_ES","og_type":"article","og_title":"Kandooma - Blue Ocean Maldives","og_description":"Surf Kandooma Maldives at Holiday Inn Kandooma: ride Kandooma Right, a world-class right-hand reef break, with limited surfers, surf package, and daily dhoni surf trips in South Mal\u00e9 Atoll.","og_url":"https:\/\/www.blueoceanmaldives.com\/es\/resorts\/kandooma\/","og_site_name":"Blue Ocean Maldives","article_publisher":"https:\/\/www.facebook.com\/Blueoceanmaldives\/","article_modified_time":"2026-01-11T10:06:28+00:00","og_image":[{"width":1200,"height":630,"url":"https:\/\/www.blueoceanmaldives.com\/wp-content\/uploads\/2025\/12\/KANDOOMA-RESORT-1.jpg","type":"image\/jpeg"}],"twitter_card":"summary_large_image","twitter_misc":{"Tiempo de lectura":"2 minutos"},"schema":{"@context":"https:\/\/schema.org","@graph":[{"@type":"WebPage","@id":"https:\/\/www.blueoceanmaldives.com\/es\/resorts\/kandooma\/","url":"https:\/\/www.blueoceanmaldives.com\/es\/resorts\/kandooma\/","name":"Kandooma - Blue Ocean Maldives","isPartOf":{"@id":"https:\/\/www.blueoceanmaldives.com\/#website"},"primaryImageOfPage":{"@id":"https:\/\/www.blueoceanmaldives.com\/es\/resorts\/kandooma\/#primaryimage"},"image":{"@id":"https:\/\/www.blueoceanmaldives.com\/es\/resorts\/kandooma\/#primaryimage"},"thumbnailUrl":"https:\/\/www.blueoceanmaldives.com\/wp-content\/uploads\/2025\/12\/KANDOOMA-RESORT-1.jpg","datePublished":"2021-12-18T17:28:31+00:00","dateModified":"2026-01-11T10:06:28+00:00","description":"Surf Kandooma Maldives at Holiday Inn Kandooma: ride Kandooma Right, a world-class right-hand reef break, with limited surfers, surf package, and daily dhoni surf trips in South Mal\u00e9 Atoll.","breadcrumb":{"@id":"https:\/\/www.blueoceanmaldives.com\/es\/resorts\/kandooma\/#breadcrumb"},"inLanguage":"es","potentialAction":[{"@type":"ReadAction","target":["https:\/\/www.blueoceanmaldives.com\/es\/resorts\/kandooma\/"]}]},{"@type":"ImageObject","inLanguage":"es","@id":"https:\/\/www.blueoceanmaldives.com\/es\/resorts\/kandooma\/#primaryimage","url":"https:\/\/www.blueoceanmaldives.com\/wp-content\/uploads\/2025\/12\/KANDOOMA-RESORT-1.jpg","contentUrl":"https:\/\/www.blueoceanmaldives.com\/wp-content\/uploads\/2025\/12\/KANDOOMA-RESORT-1.jpg","width":1200,"height":630},{"@type":"BreadcrumbList","@id":"https:\/\/www.blueoceanmaldives.com\/es\/resorts\/kandooma\/#breadcrumb","itemListElement":[{"@type":"ListItem","position":1,"name":"Home","item":"https:\/\/www.blueoceanmaldives.com\/es\/"},{"@type":"ListItem","position":2,"name":"Resorts","item":"https:\/\/www.blueoceanmaldives.com\/es\/resorts\/"},{"@type":"ListItem","position":3,"name":"Kandooma"}]},{"@type":"WebSite","@id":"https:\/\/www.blueoceanmaldives.com\/#website","url":"https:\/\/www.blueoceanmaldives.com\/","name":"Blue Ocean Maldives","description":"Un para\u00edso para disfrutar","publisher":{"@id":"https:\/\/www.blueoceanmaldives.com\/#organization"},"potentialAction":[{"@type":"SearchAction","target":{"@type":"EntryPoint","urlTemplate":"https:\/\/www.blueoceanmaldives.com\/?s={search_term_string}"},"query-input":{"@type":"PropertyValueSpecification","valueRequired":true,"valueName":"search_term_string"}}],"inLanguage":"es"},{"@type":"Organization","@id":"https:\/\/www.blueoceanmaldives.com\/#organization","name":"Blue Ocean Maldives","url":"https:\/\/www.blueoceanmaldives.com\/","logo":{"@type":"ImageObject","inLanguage":"es","@id":"https:\/\/www.blueoceanmaldives.com\/#\/schema\/logo\/image\/","url":"https:\/\/www.blueoceanmaldives.com\/wp-content\/uploads\/2021\/11\/BOM_logo2-color.png","contentUrl":"https:\/\/www.blueoceanmaldives.com\/wp-content\/uploads\/2021\/11\/BOM_logo2-color.png","width":2339,"height":577,"caption":"Blue Ocean Maldives"},"image":{"@id":"https:\/\/www.blueoceanmaldives.com\/#\/schema\/logo\/image\/"},"sameAs":["https:\/\/www.facebook.com\/Blueoceanmaldives\/","https:\/\/www.instagram.com\/blueocean_maldives\/?hl=es"]}]}},"_links":{"self":[{"href":"https:\/\/www.blueoceanmaldives.com\/es\/wp-json\/wp\/v2\/pages\/5096","targetHints":{"allow":["GET"]}}],"collection":[{"href":"https:\/\/www.blueoceanmaldives.com\/es\/wp-json\/wp\/v2\/pages"}],"about":[{"href":"https:\/\/www.blueoceanmaldives.com\/es\/wp-json\/wp\/v2\/types\/page"}],"author":[{"embeddable":true,"href":"https:\/\/www.blueoceanmaldives.com\/es\/wp-json\/wp\/v2\/users\/9"}],"replies":[{"embeddable":true,"href":"https:\/\/www.blueoceanmaldives.com\/es\/wp-json\/wp\/v2\/comments?post=5096"}],"version-history":[{"count":1,"href":"https:\/\/www.blueoceanmaldives.com\/es\/wp-json\/wp\/v2\/pages\/5096\/revisions"}],"predecessor-version":[{"id":5098,"href":"https:\/\/www.blueoceanmaldives.com\/es\/wp-json\/wp\/v2\/pages\/5096\/revisions\/5098"}],"up":[{"embeddable":true,"href":"https:\/\/www.blueoceanmaldives.com\/es\/wp-json\/wp\/v2\/pages\/1096"}],"wp:featuredmedia":[{"embeddable":true,"href":"https:\/\/www.blueoceanmaldives.com\/es\/wp-json\/wp\/v2\/media\/4282"}],"wp:attachment":[{"href":"https:\/\/www.blueoceanmaldives.com\/es\/wp-json\/wp\/v2\/media?parent=5096"}],"curies":[{"name":"wp","href":"https:\/\/api.w.org\/{rel}","templated":true}]}}