{"id":5352,"date":"2025-12-26T11:19:03","date_gmt":"2025-12-26T10:19:03","guid":{"rendered":"https:\/\/www.blueoceanmaldives.com\/producto\/the-adventure-con-barton-lynch\/"},"modified":"2026-04-13T20:37:53","modified_gmt":"2026-04-13T18:37:53","slug":"the-adventure-con-barton-lynch","status":"publish","type":"product","link":"https:\/\/www.blueoceanmaldives.com\/es\/producto\/the-adventure-con-barton-lynch\/","title":{"rendered":"LA AVENTURA CON BARTON LYNCH 2026"},"content":{"rendered":"<p>En 2026, Blue Ocean Maldives y Barton Lynch se unen para un viaje de surf realmente especial en los Atolones Centrales: una aventura \u00edntima, \u00fanica (solo una vez al a\u00f1o), pensada para surfistas que quieren vivir las Maldivas aut\u00e9nticas y compartir la experiencia con un campe\u00f3n del mundo.<br data-start=\"429\" data-end=\"433\">Barton, campe\u00f3n mundial ASP 1988 y formado en los m\u00edticos picos de Manly, aporta la pasi\u00f3n, la estrategia y esa capacidad de \u201cleer el oc\u00e9ano\u201d que lo convirti\u00f3 en una de las figuras m\u00e1s respetadas del surf.<br data-start=\"837\" data-end=\"841\">Durante el viaje, todo fluye como una sola cosa: perseguir las mejores condiciones, sumar sesiones de calidad y vivir el ritmo completo de la vida en el mar, surf, historias y momentos inolvidables a bordo. Aprender\u00e1s directamente de Barton dentro y fuera del agua, con ideas y herramientas que nacen no solo de su carrera competitiva, sino tambi\u00e9n de su experiencia como una de las voces m\u00e1s confiables del deporte, incluyendo su trabajo como comentarista ol\u00edmpico.<br \/>Esta experiencia est\u00e1 abierta a cualquiera con esp\u00edritu aventurero y mentalidad de progresi\u00f3n. Los cupos son muy limitados para mantenerlo personal, cercano y aut\u00e9ntico. Si buscas una escapada \u00e9pica en Maldivas donde las olas sean solo parte de la historia, este es tu viaje.   <\/p>\n","protected":false},"excerpt":{"rendered":"<p>The Adventure con Barton Lynch. Atolones Centrales Maldivas <\/p>\n","protected":false},"featured_media":4930,"template":"","meta":{"_acf_changed":false},"product_brand":[],"product_cat":[48,50,51],"product_tag":[],"class_list":{"0":"post-5352","1":"product","2":"type-product","3":"status-publish","4":"has-post-thumbnail","6":"product_cat-surf","7":"product_cat-yoga","8":"product_cat-coaching","10":"first","11":"instock","12":"shipping-taxable","13":"purchasable","14":"product-type-variable"},"acf":[],"yoast_head":"<!-- This site is optimized with the Yoast SEO plugin v26.7 - https:\/\/yoast.com\/wordpress\/plugins\/seo\/ -->\n<title>LA AVENTURA CON BARTON LYNCH 2026 - Blue Ocean Maldives<\/title>\n<meta name=\"robots\" content=\"noindex, follow\" \/>\n<meta property=\"og:locale\" content=\"es_ES\" \/>\n<meta property=\"og:type\" content=\"article\" \/>\n<meta property=\"og:title\" content=\"LA AVENTURA CON BARTON LYNCH 2026 - Blue Ocean Maldives\" \/>\n<meta property=\"og:description\" content=\"The Adventure con Barton Lynch. Atolones Centrales Maldivas\" \/>\n<meta property=\"og:url\" content=\"https:\/\/www.blueoceanmaldives.com\/es\/producto\/the-adventure-con-barton-lynch\/\" \/>\n<meta property=\"og:site_name\" content=\"Blue Ocean Maldives\" \/>\n<meta property=\"article:publisher\" content=\"https:\/\/www.facebook.com\/Blueoceanmaldives\/\" \/>\n<meta property=\"article:modified_time\" content=\"2026-04-13T18:37:53+00:00\" \/>\n<meta property=\"og:image\" content=\"https:\/\/www.blueoceanmaldives.com\/wp-content\/uploads\/2026\/01\/DSC_0228v1web-e1768240694506.jpg\" \/>\n\t<meta property=\"og:image:width\" content=\"700\" \/>\n\t<meta property=\"og:image:height\" content=\"433\" \/>\n\t<meta property=\"og:image:type\" content=\"image\/jpeg\" \/>\n<meta name=\"twitter:card\" content=\"summary_large_image\" \/>\n<meta name=\"twitter:label1\" content=\"Tiempo de lectura\" \/>\n\t<meta name=\"twitter:data1\" content=\"1 minuto\" \/>\n<script type=\"application\/ld+json\" class=\"yoast-schema-graph\">{\"@context\":\"https:\/\/schema.org\",\"@graph\":[{\"@type\":\"WebPage\",\"@id\":\"https:\/\/www.blueoceanmaldives.com\/es\/producto\/the-adventure-con-barton-lynch\/\",\"url\":\"https:\/\/www.blueoceanmaldives.com\/es\/producto\/the-adventure-con-barton-lynch\/\",\"name\":\"LA AVENTURA CON BARTON LYNCH 2026 - Blue Ocean Maldives\",\"isPartOf\":{\"@id\":\"https:\/\/www.blueoceanmaldives.com\/#website\"},\"primaryImageOfPage\":{\"@id\":\"https:\/\/www.blueoceanmaldives.com\/es\/producto\/the-adventure-con-barton-lynch\/#primaryimage\"},\"image\":{\"@id\":\"https:\/\/www.blueoceanmaldives.com\/es\/producto\/the-adventure-con-barton-lynch\/#primaryimage\"},\"thumbnailUrl\":\"https:\/\/www.blueoceanmaldives.com\/wp-content\/uploads\/2026\/01\/DSC_0228v1web-e1768240694506.jpg\",\"datePublished\":\"2025-12-26T10:19:03+00:00\",\"dateModified\":\"2026-04-13T18:37:53+00:00\",\"breadcrumb\":{\"@id\":\"https:\/\/www.blueoceanmaldives.com\/es\/producto\/the-adventure-con-barton-lynch\/#breadcrumb\"},\"inLanguage\":\"es\",\"potentialAction\":[{\"@type\":\"ReadAction\",\"target\":[\"https:\/\/www.blueoceanmaldives.com\/es\/producto\/the-adventure-con-barton-lynch\/\"]}]},{\"@type\":\"ImageObject\",\"inLanguage\":\"es\",\"@id\":\"https:\/\/www.blueoceanmaldives.com\/es\/producto\/the-adventure-con-barton-lynch\/#primaryimage\",\"url\":\"https:\/\/www.blueoceanmaldives.com\/wp-content\/uploads\/2026\/01\/DSC_0228v1web-e1768240694506.jpg\",\"contentUrl\":\"https:\/\/www.blueoceanmaldives.com\/wp-content\/uploads\/2026\/01\/DSC_0228v1web-e1768240694506.jpg\",\"width\":700,\"height\":433},{\"@type\":\"BreadcrumbList\",\"@id\":\"https:\/\/www.blueoceanmaldives.com\/es\/producto\/the-adventure-con-barton-lynch\/#breadcrumb\",\"itemListElement\":[{\"@type\":\"ListItem\",\"position\":1,\"name\":\"Home\",\"item\":\"https:\/\/www.blueoceanmaldives.com\/es\/\"},{\"@type\":\"ListItem\",\"position\":2,\"name\":\"Tienda\",\"item\":\"https:\/\/www.blueoceanmaldives.com\/es\/tienda\/\"},{\"@type\":\"ListItem\",\"position\":3,\"name\":\"LA AVENTURA CON BARTON LYNCH 2026\"}]},{\"@type\":\"WebSite\",\"@id\":\"https:\/\/www.blueoceanmaldives.com\/#website\",\"url\":\"https:\/\/www.blueoceanmaldives.com\/\",\"name\":\"Blue Ocean Maldives\",\"description\":\"Un para\u00edso para disfrutar\",\"publisher\":{\"@id\":\"https:\/\/www.blueoceanmaldives.com\/#organization\"},\"potentialAction\":[{\"@type\":\"SearchAction\",\"target\":{\"@type\":\"EntryPoint\",\"urlTemplate\":\"https:\/\/www.blueoceanmaldives.com\/?s={search_term_string}\"},\"query-input\":{\"@type\":\"PropertyValueSpecification\",\"valueRequired\":true,\"valueName\":\"search_term_string\"}}],\"inLanguage\":\"es\"},{\"@type\":\"Organization\",\"@id\":\"https:\/\/www.blueoceanmaldives.com\/#organization\",\"name\":\"Blue Ocean Maldives\",\"url\":\"https:\/\/www.blueoceanmaldives.com\/\",\"logo\":{\"@type\":\"ImageObject\",\"inLanguage\":\"es\",\"@id\":\"https:\/\/www.blueoceanmaldives.com\/#\/schema\/logo\/image\/\",\"url\":\"https:\/\/www.blueoceanmaldives.com\/wp-content\/uploads\/2021\/11\/BOM_logo2-color.png\",\"contentUrl\":\"https:\/\/www.blueoceanmaldives.com\/wp-content\/uploads\/2021\/11\/BOM_logo2-color.png\",\"width\":2339,\"height\":577,\"caption\":\"Blue Ocean Maldives\"},\"image\":{\"@id\":\"https:\/\/www.blueoceanmaldives.com\/#\/schema\/logo\/image\/\"},\"sameAs\":[\"https:\/\/www.facebook.com\/Blueoceanmaldives\/\",\"https:\/\/www.instagram.com\/blueocean_maldives\/?hl=es\"]}]}<\/script>\n<!-- \/ Yoast SEO plugin. -->","yoast_head_json":{"title":"LA AVENTURA CON BARTON LYNCH 2026 - Blue Ocean Maldives","robots":{"index":"noindex","follow":"follow"},"og_locale":"es_ES","og_type":"article","og_title":"LA AVENTURA CON BARTON LYNCH 2026 - Blue Ocean Maldives","og_description":"The Adventure con Barton Lynch. Atolones Centrales Maldivas","og_url":"https:\/\/www.blueoceanmaldives.com\/es\/producto\/the-adventure-con-barton-lynch\/","og_site_name":"Blue Ocean Maldives","article_publisher":"https:\/\/www.facebook.com\/Blueoceanmaldives\/","article_modified_time":"2026-04-13T18:37:53+00:00","og_image":[{"width":700,"height":433,"url":"https:\/\/www.blueoceanmaldives.com\/wp-content\/uploads\/2026\/01\/DSC_0228v1web-e1768240694506.jpg","type":"image\/jpeg"}],"twitter_card":"summary_large_image","twitter_misc":{"Tiempo de lectura":"1 minuto"},"schema":{"@context":"https:\/\/schema.org","@graph":[{"@type":"WebPage","@id":"https:\/\/www.blueoceanmaldives.com\/es\/producto\/the-adventure-con-barton-lynch\/","url":"https:\/\/www.blueoceanmaldives.com\/es\/producto\/the-adventure-con-barton-lynch\/","name":"LA AVENTURA CON BARTON LYNCH 2026 - Blue Ocean Maldives","isPartOf":{"@id":"https:\/\/www.blueoceanmaldives.com\/#website"},"primaryImageOfPage":{"@id":"https:\/\/www.blueoceanmaldives.com\/es\/producto\/the-adventure-con-barton-lynch\/#primaryimage"},"image":{"@id":"https:\/\/www.blueoceanmaldives.com\/es\/producto\/the-adventure-con-barton-lynch\/#primaryimage"},"thumbnailUrl":"https:\/\/www.blueoceanmaldives.com\/wp-content\/uploads\/2026\/01\/DSC_0228v1web-e1768240694506.jpg","datePublished":"2025-12-26T10:19:03+00:00","dateModified":"2026-04-13T18:37:53+00:00","breadcrumb":{"@id":"https:\/\/www.blueoceanmaldives.com\/es\/producto\/the-adventure-con-barton-lynch\/#breadcrumb"},"inLanguage":"es","potentialAction":[{"@type":"ReadAction","target":["https:\/\/www.blueoceanmaldives.com\/es\/producto\/the-adventure-con-barton-lynch\/"]}]},{"@type":"ImageObject","inLanguage":"es","@id":"https:\/\/www.blueoceanmaldives.com\/es\/producto\/the-adventure-con-barton-lynch\/#primaryimage","url":"https:\/\/www.blueoceanmaldives.com\/wp-content\/uploads\/2026\/01\/DSC_0228v1web-e1768240694506.jpg","contentUrl":"https:\/\/www.blueoceanmaldives.com\/wp-content\/uploads\/2026\/01\/DSC_0228v1web-e1768240694506.jpg","width":700,"height":433},{"@type":"BreadcrumbList","@id":"https:\/\/www.blueoceanmaldives.com\/es\/producto\/the-adventure-con-barton-lynch\/#breadcrumb","itemListElement":[{"@type":"ListItem","position":1,"name":"Home","item":"https:\/\/www.blueoceanmaldives.com\/es\/"},{"@type":"ListItem","position":2,"name":"Tienda","item":"https:\/\/www.blueoceanmaldives.com\/es\/tienda\/"},{"@type":"ListItem","position":3,"name":"LA AVENTURA CON BARTON LYNCH 2026"}]},{"@type":"WebSite","@id":"https:\/\/www.blueoceanmaldives.com\/#website","url":"https:\/\/www.blueoceanmaldives.com\/","name":"Blue Ocean Maldives","description":"Un para\u00edso para disfrutar","publisher":{"@id":"https:\/\/www.blueoceanmaldives.com\/#organization"},"potentialAction":[{"@type":"SearchAction","target":{"@type":"EntryPoint","urlTemplate":"https:\/\/www.blueoceanmaldives.com\/?s={search_term_string}"},"query-input":{"@type":"PropertyValueSpecification","valueRequired":true,"valueName":"search_term_string"}}],"inLanguage":"es"},{"@type":"Organization","@id":"https:\/\/www.blueoceanmaldives.com\/#organization","name":"Blue Ocean Maldives","url":"https:\/\/www.blueoceanmaldives.com\/","logo":{"@type":"ImageObject","inLanguage":"es","@id":"https:\/\/www.blueoceanmaldives.com\/#\/schema\/logo\/image\/","url":"https:\/\/www.blueoceanmaldives.com\/wp-content\/uploads\/2021\/11\/BOM_logo2-color.png","contentUrl":"https:\/\/www.blueoceanmaldives.com\/wp-content\/uploads\/2021\/11\/BOM_logo2-color.png","width":2339,"height":577,"caption":"Blue Ocean Maldives"},"image":{"@id":"https:\/\/www.blueoceanmaldives.com\/#\/schema\/logo\/image\/"},"sameAs":["https:\/\/www.facebook.com\/Blueoceanmaldives\/","https:\/\/www.instagram.com\/blueocean_maldives\/?hl=es"]}]}},"_links":{"self":[{"href":"https:\/\/www.blueoceanmaldives.com\/es\/wp-json\/wp\/v2\/product\/5352","targetHints":{"allow":["GET"]}}],"collection":[{"href":"https:\/\/www.blueoceanmaldives.com\/es\/wp-json\/wp\/v2\/product"}],"about":[{"href":"https:\/\/www.blueoceanmaldives.com\/es\/wp-json\/wp\/v2\/types\/product"}],"wp:featuredmedia":[{"embeddable":true,"href":"https:\/\/www.blueoceanmaldives.com\/es\/wp-json\/wp\/v2\/media\/4930"}],"wp:attachment":[{"href":"https:\/\/www.blueoceanmaldives.com\/es\/wp-json\/wp\/v2\/media?parent=5352"}],"wp:term":[{"taxonomy":"product_brand","embeddable":true,"href":"https:\/\/www.blueoceanmaldives.com\/es\/wp-json\/wp\/v2\/product_brand?post=5352"},{"taxonomy":"product_cat","embeddable":true,"href":"https:\/\/www.blueoceanmaldives.com\/es\/wp-json\/wp\/v2\/product_cat?post=5352"},{"taxonomy":"product_tag","embeddable":true,"href":"https:\/\/www.blueoceanmaldives.com\/es\/wp-json\/wp\/v2\/product_tag?post=5352"}],"curies":[{"name":"wp","href":"https:\/\/api.w.org\/{rel}","templated":true}]}}