{"id":5504,"date":"2025-12-23T13:02:48","date_gmt":"2025-12-23T12:02:48","guid":{"rendered":"https:\/\/www.blueoceanmaldives.com\/producto\/central-atolls-surf-trip-by-windparadise\/"},"modified":"2026-04-13T20:36:40","modified_gmt":"2026-04-13T18:36:40","slug":"central-atolls-surf-trip-by-windparadise","status":"publish","type":"product","link":"https:\/\/www.blueoceanmaldives.com\/es\/producto\/central-atolls-surf-trip-by-windparadise\/","title":{"rendered":"CENTRAL ATOLLS SURF TRIP BY WINDPARADISE 2026"},"content":{"rendered":"<p data-start=\"117\" data-end=\"358\">Viaje de Surf por los Atolones Centrales, en colaboraci\u00f3n con WinParadise, una tienda especializada en surf, foil y paddle surf, celebrando su quinta edici\u00f3n consecutiva en Maldivas junto a Blue Ocean Maldives.<\/p>\n<p data-start=\"360\" data-end=\"693\">Cinco a\u00f1os consecutivos organizando viajes a este para\u00edso del oc\u00e9ano \u00cdndico reflejan una experiencia s\u00f3lida y cuidadosamente dise\u00f1ada por y para amantes del mar. Un viaje con vida a bordo creado para disfrutar de olas consistentes, explorar lagunas de aguas cristalinas y vivir el oc\u00e9ano desde dentro, rodeados de una tripulaci\u00f3n af\u00edn y una energ\u00eda inmejorable. <\/p>\n<p data-start=\"695\" data-end=\"930\">Con una log\u00edstica impecable, un ritmo centrado en el surf y el equilibrio perfecto entre aventura y comodidad a bordo, todo est\u00e1 pensado para que te concentres en lo que de verdad importa: surfear, desconectar, recargar energ\u00eda\u2026 y volver a empezar.<\/p>\n","protected":false},"excerpt":{"rendered":"<p>Viaje de surf por los Atolones Centrales a bordo de nuestro barco exclusivo, Princess Haseena.<\/p>\n","protected":false},"featured_media":5337,"template":"","meta":{"_acf_changed":false},"product_brand":[],"product_cat":[48],"product_tag":[],"class_list":{"0":"post-5504","1":"product","2":"type-product","3":"status-publish","4":"has-post-thumbnail","6":"product_cat-surf","8":"first","9":"outofstock","10":"shipping-taxable","11":"purchasable","12":"product-type-variable"},"acf":[],"yoast_head":"<!-- This site is optimized with the Yoast SEO plugin v26.7 - https:\/\/yoast.com\/wordpress\/plugins\/seo\/ -->\n<title>CENTRAL ATOLLS SURF TRIP BY WINDPARADISE 2026 - Blue Ocean Maldives<\/title>\n<meta name=\"robots\" content=\"noindex, follow\" \/>\n<meta property=\"og:locale\" content=\"es_ES\" \/>\n<meta property=\"og:type\" content=\"article\" \/>\n<meta property=\"og:title\" content=\"CENTRAL ATOLLS SURF TRIP BY WINDPARADISE 2026 - Blue Ocean Maldives\" \/>\n<meta property=\"og:description\" content=\"Viaje de surf por los Atolones Centrales a bordo de nuestro barco exclusivo, Princess Haseena.\" \/>\n<meta property=\"og:url\" content=\"https:\/\/www.blueoceanmaldives.com\/es\/producto\/central-atolls-surf-trip-by-windparadise\/\" \/>\n<meta property=\"og:site_name\" content=\"Blue Ocean Maldives\" \/>\n<meta property=\"article:publisher\" content=\"https:\/\/www.facebook.com\/Blueoceanmaldives\/\" \/>\n<meta property=\"article:modified_time\" content=\"2026-04-13T18:36:40+00:00\" \/>\n<meta property=\"og:image\" content=\"https:\/\/www.blueoceanmaldives.com\/wp-content\/uploads\/2025\/12\/DJI_0135-copia-scaled.jpg\" \/>\n\t<meta property=\"og:image:width\" content=\"2560\" \/>\n\t<meta property=\"og:image:height\" content=\"1707\" \/>\n\t<meta property=\"og:image:type\" content=\"image\/jpeg\" \/>\n<meta name=\"twitter:card\" content=\"summary_large_image\" \/>\n<meta name=\"twitter:label1\" content=\"Tiempo de lectura\" \/>\n\t<meta name=\"twitter:data1\" content=\"1 minuto\" \/>\n<script type=\"application\/ld+json\" class=\"yoast-schema-graph\">{\"@context\":\"https:\/\/schema.org\",\"@graph\":[{\"@type\":\"WebPage\",\"@id\":\"https:\/\/www.blueoceanmaldives.com\/es\/producto\/central-atolls-surf-trip-by-windparadise\/\",\"url\":\"https:\/\/www.blueoceanmaldives.com\/es\/producto\/central-atolls-surf-trip-by-windparadise\/\",\"name\":\"CENTRAL ATOLLS SURF TRIP BY WINDPARADISE 2026 - Blue Ocean Maldives\",\"isPartOf\":{\"@id\":\"https:\/\/www.blueoceanmaldives.com\/#website\"},\"primaryImageOfPage\":{\"@id\":\"https:\/\/www.blueoceanmaldives.com\/es\/producto\/central-atolls-surf-trip-by-windparadise\/#primaryimage\"},\"image\":{\"@id\":\"https:\/\/www.blueoceanmaldives.com\/es\/producto\/central-atolls-surf-trip-by-windparadise\/#primaryimage\"},\"thumbnailUrl\":\"https:\/\/www.blueoceanmaldives.com\/wp-content\/uploads\/2025\/12\/DJI_0135-copia-scaled.jpg\",\"datePublished\":\"2025-12-23T12:02:48+00:00\",\"dateModified\":\"2026-04-13T18:36:40+00:00\",\"breadcrumb\":{\"@id\":\"https:\/\/www.blueoceanmaldives.com\/es\/producto\/central-atolls-surf-trip-by-windparadise\/#breadcrumb\"},\"inLanguage\":\"es\",\"potentialAction\":[{\"@type\":\"ReadAction\",\"target\":[\"https:\/\/www.blueoceanmaldives.com\/es\/producto\/central-atolls-surf-trip-by-windparadise\/\"]}]},{\"@type\":\"ImageObject\",\"inLanguage\":\"es\",\"@id\":\"https:\/\/www.blueoceanmaldives.com\/es\/producto\/central-atolls-surf-trip-by-windparadise\/#primaryimage\",\"url\":\"https:\/\/www.blueoceanmaldives.com\/wp-content\/uploads\/2025\/12\/DJI_0135-copia-scaled.jpg\",\"contentUrl\":\"https:\/\/www.blueoceanmaldives.com\/wp-content\/uploads\/2025\/12\/DJI_0135-copia-scaled.jpg\",\"width\":2560,\"height\":1707},{\"@type\":\"BreadcrumbList\",\"@id\":\"https:\/\/www.blueoceanmaldives.com\/es\/producto\/central-atolls-surf-trip-by-windparadise\/#breadcrumb\",\"itemListElement\":[{\"@type\":\"ListItem\",\"position\":1,\"name\":\"Home\",\"item\":\"https:\/\/www.blueoceanmaldives.com\/es\/\"},{\"@type\":\"ListItem\",\"position\":2,\"name\":\"Tienda\",\"item\":\"https:\/\/www.blueoceanmaldives.com\/es\/tienda\/\"},{\"@type\":\"ListItem\",\"position\":3,\"name\":\"CENTRAL ATOLLS SURF TRIP BY WINDPARADISE 2026\"}]},{\"@type\":\"WebSite\",\"@id\":\"https:\/\/www.blueoceanmaldives.com\/#website\",\"url\":\"https:\/\/www.blueoceanmaldives.com\/\",\"name\":\"Blue Ocean Maldives\",\"description\":\"Un para\u00edso para disfrutar\",\"publisher\":{\"@id\":\"https:\/\/www.blueoceanmaldives.com\/#organization\"},\"potentialAction\":[{\"@type\":\"SearchAction\",\"target\":{\"@type\":\"EntryPoint\",\"urlTemplate\":\"https:\/\/www.blueoceanmaldives.com\/?s={search_term_string}\"},\"query-input\":{\"@type\":\"PropertyValueSpecification\",\"valueRequired\":true,\"valueName\":\"search_term_string\"}}],\"inLanguage\":\"es\"},{\"@type\":\"Organization\",\"@id\":\"https:\/\/www.blueoceanmaldives.com\/#organization\",\"name\":\"Blue Ocean Maldives\",\"url\":\"https:\/\/www.blueoceanmaldives.com\/\",\"logo\":{\"@type\":\"ImageObject\",\"inLanguage\":\"es\",\"@id\":\"https:\/\/www.blueoceanmaldives.com\/#\/schema\/logo\/image\/\",\"url\":\"https:\/\/www.blueoceanmaldives.com\/wp-content\/uploads\/2021\/11\/BOM_logo2-color.png\",\"contentUrl\":\"https:\/\/www.blueoceanmaldives.com\/wp-content\/uploads\/2021\/11\/BOM_logo2-color.png\",\"width\":2339,\"height\":577,\"caption\":\"Blue Ocean Maldives\"},\"image\":{\"@id\":\"https:\/\/www.blueoceanmaldives.com\/#\/schema\/logo\/image\/\"},\"sameAs\":[\"https:\/\/www.facebook.com\/Blueoceanmaldives\/\",\"https:\/\/www.instagram.com\/blueocean_maldives\/?hl=es\"]}]}<\/script>\n<!-- \/ Yoast SEO plugin. -->","yoast_head_json":{"title":"CENTRAL ATOLLS SURF TRIP BY WINDPARADISE 2026 - Blue Ocean Maldives","robots":{"index":"noindex","follow":"follow"},"og_locale":"es_ES","og_type":"article","og_title":"CENTRAL ATOLLS SURF TRIP BY WINDPARADISE 2026 - Blue Ocean Maldives","og_description":"Viaje de surf por los Atolones Centrales a bordo de nuestro barco exclusivo, Princess Haseena.","og_url":"https:\/\/www.blueoceanmaldives.com\/es\/producto\/central-atolls-surf-trip-by-windparadise\/","og_site_name":"Blue Ocean Maldives","article_publisher":"https:\/\/www.facebook.com\/Blueoceanmaldives\/","article_modified_time":"2026-04-13T18:36:40+00:00","og_image":[{"width":2560,"height":1707,"url":"https:\/\/www.blueoceanmaldives.com\/wp-content\/uploads\/2025\/12\/DJI_0135-copia-scaled.jpg","type":"image\/jpeg"}],"twitter_card":"summary_large_image","twitter_misc":{"Tiempo de lectura":"1 minuto"},"schema":{"@context":"https:\/\/schema.org","@graph":[{"@type":"WebPage","@id":"https:\/\/www.blueoceanmaldives.com\/es\/producto\/central-atolls-surf-trip-by-windparadise\/","url":"https:\/\/www.blueoceanmaldives.com\/es\/producto\/central-atolls-surf-trip-by-windparadise\/","name":"CENTRAL ATOLLS SURF TRIP BY WINDPARADISE 2026 - Blue Ocean Maldives","isPartOf":{"@id":"https:\/\/www.blueoceanmaldives.com\/#website"},"primaryImageOfPage":{"@id":"https:\/\/www.blueoceanmaldives.com\/es\/producto\/central-atolls-surf-trip-by-windparadise\/#primaryimage"},"image":{"@id":"https:\/\/www.blueoceanmaldives.com\/es\/producto\/central-atolls-surf-trip-by-windparadise\/#primaryimage"},"thumbnailUrl":"https:\/\/www.blueoceanmaldives.com\/wp-content\/uploads\/2025\/12\/DJI_0135-copia-scaled.jpg","datePublished":"2025-12-23T12:02:48+00:00","dateModified":"2026-04-13T18:36:40+00:00","breadcrumb":{"@id":"https:\/\/www.blueoceanmaldives.com\/es\/producto\/central-atolls-surf-trip-by-windparadise\/#breadcrumb"},"inLanguage":"es","potentialAction":[{"@type":"ReadAction","target":["https:\/\/www.blueoceanmaldives.com\/es\/producto\/central-atolls-surf-trip-by-windparadise\/"]}]},{"@type":"ImageObject","inLanguage":"es","@id":"https:\/\/www.blueoceanmaldives.com\/es\/producto\/central-atolls-surf-trip-by-windparadise\/#primaryimage","url":"https:\/\/www.blueoceanmaldives.com\/wp-content\/uploads\/2025\/12\/DJI_0135-copia-scaled.jpg","contentUrl":"https:\/\/www.blueoceanmaldives.com\/wp-content\/uploads\/2025\/12\/DJI_0135-copia-scaled.jpg","width":2560,"height":1707},{"@type":"BreadcrumbList","@id":"https:\/\/www.blueoceanmaldives.com\/es\/producto\/central-atolls-surf-trip-by-windparadise\/#breadcrumb","itemListElement":[{"@type":"ListItem","position":1,"name":"Home","item":"https:\/\/www.blueoceanmaldives.com\/es\/"},{"@type":"ListItem","position":2,"name":"Tienda","item":"https:\/\/www.blueoceanmaldives.com\/es\/tienda\/"},{"@type":"ListItem","position":3,"name":"CENTRAL ATOLLS SURF TRIP BY WINDPARADISE 2026"}]},{"@type":"WebSite","@id":"https:\/\/www.blueoceanmaldives.com\/#website","url":"https:\/\/www.blueoceanmaldives.com\/","name":"Blue Ocean Maldives","description":"Un para\u00edso para disfrutar","publisher":{"@id":"https:\/\/www.blueoceanmaldives.com\/#organization"},"potentialAction":[{"@type":"SearchAction","target":{"@type":"EntryPoint","urlTemplate":"https:\/\/www.blueoceanmaldives.com\/?s={search_term_string}"},"query-input":{"@type":"PropertyValueSpecification","valueRequired":true,"valueName":"search_term_string"}}],"inLanguage":"es"},{"@type":"Organization","@id":"https:\/\/www.blueoceanmaldives.com\/#organization","name":"Blue Ocean Maldives","url":"https:\/\/www.blueoceanmaldives.com\/","logo":{"@type":"ImageObject","inLanguage":"es","@id":"https:\/\/www.blueoceanmaldives.com\/#\/schema\/logo\/image\/","url":"https:\/\/www.blueoceanmaldives.com\/wp-content\/uploads\/2021\/11\/BOM_logo2-color.png","contentUrl":"https:\/\/www.blueoceanmaldives.com\/wp-content\/uploads\/2021\/11\/BOM_logo2-color.png","width":2339,"height":577,"caption":"Blue Ocean Maldives"},"image":{"@id":"https:\/\/www.blueoceanmaldives.com\/#\/schema\/logo\/image\/"},"sameAs":["https:\/\/www.facebook.com\/Blueoceanmaldives\/","https:\/\/www.instagram.com\/blueocean_maldives\/?hl=es"]}]}},"_links":{"self":[{"href":"https:\/\/www.blueoceanmaldives.com\/es\/wp-json\/wp\/v2\/product\/5504","targetHints":{"allow":["GET"]}}],"collection":[{"href":"https:\/\/www.blueoceanmaldives.com\/es\/wp-json\/wp\/v2\/product"}],"about":[{"href":"https:\/\/www.blueoceanmaldives.com\/es\/wp-json\/wp\/v2\/types\/product"}],"wp:featuredmedia":[{"embeddable":true,"href":"https:\/\/www.blueoceanmaldives.com\/es\/wp-json\/wp\/v2\/media\/5337"}],"wp:attachment":[{"href":"https:\/\/www.blueoceanmaldives.com\/es\/wp-json\/wp\/v2\/media?parent=5504"}],"wp:term":[{"taxonomy":"product_brand","embeddable":true,"href":"https:\/\/www.blueoceanmaldives.com\/es\/wp-json\/wp\/v2\/product_brand?post=5504"},{"taxonomy":"product_cat","embeddable":true,"href":"https:\/\/www.blueoceanmaldives.com\/es\/wp-json\/wp\/v2\/product_cat?post=5504"},{"taxonomy":"product_tag","embeddable":true,"href":"https:\/\/www.blueoceanmaldives.com\/es\/wp-json\/wp\/v2\/product_tag?post=5504"}],"curies":[{"name":"wp","href":"https:\/\/api.w.org\/{rel}","templated":true}]}}