{"id":5720,"date":"2025-12-27T11:02:50","date_gmt":"2025-12-27T10:02:50","guid":{"rendered":"https:\/\/www.blueoceanmaldives.com\/producto\/central-atolls-surf-trip-by-yako-surf\/"},"modified":"2026-04-13T20:34:29","modified_gmt":"2026-04-13T18:34:29","slug":"central-atolls-surf-trip-by-yako-surf","status":"publish","type":"product","link":"https:\/\/www.blueoceanmaldives.com\/es\/producto\/central-atolls-surf-trip-by-yako-surf\/","title":{"rendered":"CENTRAL ATOLLS SURF TRIP BY YAKO SURF 2026"},"content":{"rendered":"<p>Viaje de surf en los Atolones Centrales: una aventura en liveaboard al coraz\u00f3n de Maldivas, combinando olas consistentes con lagunas de agua cristalina y la vibra aut\u00e9ntica de las islas.<br \/>Te espera una log\u00edstica impecable de principio a fin, un ritmo diario pensado primero para surfear, y una ruta flexible para aprovechar al m\u00e1ximo las condiciones. A bordo, el equilibrio perfecto entre comodidad y exploraci\u00f3n para que solo tengas que surfear, recargar energ\u00edas y repetir.  <\/p>\n","protected":false},"excerpt":{"rendered":"<p>Surf Trip Atolones Centrales<\/p>\n","protected":false},"featured_media":5715,"template":"","meta":{"_acf_changed":false},"product_brand":[],"product_cat":[48,51],"product_tag":[],"class_list":{"0":"post-5720","1":"product","2":"type-product","3":"status-publish","4":"has-post-thumbnail","6":"product_cat-surf","7":"product_cat-coaching","9":"first","10":"instock","11":"shipping-taxable","12":"purchasable","13":"product-type-variable"},"acf":[],"yoast_head":"<!-- This site is optimized with the Yoast SEO plugin v26.7 - https:\/\/yoast.com\/wordpress\/plugins\/seo\/ -->\n<title>CENTRAL ATOLLS SURF TRIP BY YAKO SURF 2026 - Blue Ocean Maldives<\/title>\n<meta name=\"robots\" content=\"noindex, follow\" \/>\n<meta property=\"og:locale\" content=\"es_ES\" \/>\n<meta property=\"og:type\" content=\"article\" \/>\n<meta property=\"og:title\" content=\"CENTRAL ATOLLS SURF TRIP BY YAKO SURF 2026 - Blue Ocean Maldives\" \/>\n<meta property=\"og:description\" content=\"Surf Trip Atolones Centrales\" \/>\n<meta property=\"og:url\" content=\"https:\/\/www.blueoceanmaldives.com\/es\/producto\/central-atolls-surf-trip-by-yako-surf\/\" \/>\n<meta property=\"og:site_name\" content=\"Blue Ocean Maldives\" \/>\n<meta property=\"article:publisher\" content=\"https:\/\/www.facebook.com\/Blueoceanmaldives\/\" \/>\n<meta property=\"article:modified_time\" content=\"2026-04-13T18:34:29+00:00\" \/>\n<meta property=\"og:image\" content=\"https:\/\/www.blueoceanmaldives.com\/wp-content\/uploads\/2025\/12\/DJI_0266-scaled.jpg\" \/>\n\t<meta property=\"og:image:width\" content=\"2560\" \/>\n\t<meta property=\"og:image:height\" content=\"1438\" \/>\n\t<meta property=\"og:image:type\" content=\"image\/jpeg\" \/>\n<meta name=\"twitter:card\" content=\"summary_large_image\" \/>\n<script type=\"application\/ld+json\" class=\"yoast-schema-graph\">{\"@context\":\"https:\/\/schema.org\",\"@graph\":[{\"@type\":\"WebPage\",\"@id\":\"https:\/\/www.blueoceanmaldives.com\/es\/producto\/central-atolls-surf-trip-by-yako-surf\/\",\"url\":\"https:\/\/www.blueoceanmaldives.com\/es\/producto\/central-atolls-surf-trip-by-yako-surf\/\",\"name\":\"CENTRAL ATOLLS SURF TRIP BY YAKO SURF 2026 - Blue Ocean Maldives\",\"isPartOf\":{\"@id\":\"https:\/\/www.blueoceanmaldives.com\/#website\"},\"primaryImageOfPage\":{\"@id\":\"https:\/\/www.blueoceanmaldives.com\/es\/producto\/central-atolls-surf-trip-by-yako-surf\/#primaryimage\"},\"image\":{\"@id\":\"https:\/\/www.blueoceanmaldives.com\/es\/producto\/central-atolls-surf-trip-by-yako-surf\/#primaryimage\"},\"thumbnailUrl\":\"https:\/\/www.blueoceanmaldives.com\/wp-content\/uploads\/2025\/12\/DJI_0266-scaled.jpg\",\"datePublished\":\"2025-12-27T10:02:50+00:00\",\"dateModified\":\"2026-04-13T18:34:29+00:00\",\"breadcrumb\":{\"@id\":\"https:\/\/www.blueoceanmaldives.com\/es\/producto\/central-atolls-surf-trip-by-yako-surf\/#breadcrumb\"},\"inLanguage\":\"es\",\"potentialAction\":[{\"@type\":\"ReadAction\",\"target\":[\"https:\/\/www.blueoceanmaldives.com\/es\/producto\/central-atolls-surf-trip-by-yako-surf\/\"]}]},{\"@type\":\"ImageObject\",\"inLanguage\":\"es\",\"@id\":\"https:\/\/www.blueoceanmaldives.com\/es\/producto\/central-atolls-surf-trip-by-yako-surf\/#primaryimage\",\"url\":\"https:\/\/www.blueoceanmaldives.com\/wp-content\/uploads\/2025\/12\/DJI_0266-scaled.jpg\",\"contentUrl\":\"https:\/\/www.blueoceanmaldives.com\/wp-content\/uploads\/2025\/12\/DJI_0266-scaled.jpg\",\"width\":2560,\"height\":1438},{\"@type\":\"BreadcrumbList\",\"@id\":\"https:\/\/www.blueoceanmaldives.com\/es\/producto\/central-atolls-surf-trip-by-yako-surf\/#breadcrumb\",\"itemListElement\":[{\"@type\":\"ListItem\",\"position\":1,\"name\":\"Home\",\"item\":\"https:\/\/www.blueoceanmaldives.com\/es\/\"},{\"@type\":\"ListItem\",\"position\":2,\"name\":\"Tienda\",\"item\":\"https:\/\/www.blueoceanmaldives.com\/es\/tienda\/\"},{\"@type\":\"ListItem\",\"position\":3,\"name\":\"CENTRAL ATOLLS SURF TRIP BY YAKO SURF 2026\"}]},{\"@type\":\"WebSite\",\"@id\":\"https:\/\/www.blueoceanmaldives.com\/#website\",\"url\":\"https:\/\/www.blueoceanmaldives.com\/\",\"name\":\"Blue Ocean Maldives\",\"description\":\"Un para\u00edso para disfrutar\",\"publisher\":{\"@id\":\"https:\/\/www.blueoceanmaldives.com\/#organization\"},\"potentialAction\":[{\"@type\":\"SearchAction\",\"target\":{\"@type\":\"EntryPoint\",\"urlTemplate\":\"https:\/\/www.blueoceanmaldives.com\/?s={search_term_string}\"},\"query-input\":{\"@type\":\"PropertyValueSpecification\",\"valueRequired\":true,\"valueName\":\"search_term_string\"}}],\"inLanguage\":\"es\"},{\"@type\":\"Organization\",\"@id\":\"https:\/\/www.blueoceanmaldives.com\/#organization\",\"name\":\"Blue Ocean Maldives\",\"url\":\"https:\/\/www.blueoceanmaldives.com\/\",\"logo\":{\"@type\":\"ImageObject\",\"inLanguage\":\"es\",\"@id\":\"https:\/\/www.blueoceanmaldives.com\/#\/schema\/logo\/image\/\",\"url\":\"https:\/\/www.blueoceanmaldives.com\/wp-content\/uploads\/2021\/11\/BOM_logo2-color.png\",\"contentUrl\":\"https:\/\/www.blueoceanmaldives.com\/wp-content\/uploads\/2021\/11\/BOM_logo2-color.png\",\"width\":2339,\"height\":577,\"caption\":\"Blue Ocean Maldives\"},\"image\":{\"@id\":\"https:\/\/www.blueoceanmaldives.com\/#\/schema\/logo\/image\/\"},\"sameAs\":[\"https:\/\/www.facebook.com\/Blueoceanmaldives\/\",\"https:\/\/www.instagram.com\/blueocean_maldives\/?hl=es\"]}]}<\/script>\n<!-- \/ Yoast SEO plugin. -->","yoast_head_json":{"title":"CENTRAL ATOLLS SURF TRIP BY YAKO SURF 2026 - Blue Ocean Maldives","robots":{"index":"noindex","follow":"follow"},"og_locale":"es_ES","og_type":"article","og_title":"CENTRAL ATOLLS SURF TRIP BY YAKO SURF 2026 - Blue Ocean Maldives","og_description":"Surf Trip Atolones Centrales","og_url":"https:\/\/www.blueoceanmaldives.com\/es\/producto\/central-atolls-surf-trip-by-yako-surf\/","og_site_name":"Blue Ocean Maldives","article_publisher":"https:\/\/www.facebook.com\/Blueoceanmaldives\/","article_modified_time":"2026-04-13T18:34:29+00:00","og_image":[{"width":2560,"height":1438,"url":"https:\/\/www.blueoceanmaldives.com\/wp-content\/uploads\/2025\/12\/DJI_0266-scaled.jpg","type":"image\/jpeg"}],"twitter_card":"summary_large_image","schema":{"@context":"https:\/\/schema.org","@graph":[{"@type":"WebPage","@id":"https:\/\/www.blueoceanmaldives.com\/es\/producto\/central-atolls-surf-trip-by-yako-surf\/","url":"https:\/\/www.blueoceanmaldives.com\/es\/producto\/central-atolls-surf-trip-by-yako-surf\/","name":"CENTRAL ATOLLS SURF TRIP BY YAKO SURF 2026 - Blue Ocean Maldives","isPartOf":{"@id":"https:\/\/www.blueoceanmaldives.com\/#website"},"primaryImageOfPage":{"@id":"https:\/\/www.blueoceanmaldives.com\/es\/producto\/central-atolls-surf-trip-by-yako-surf\/#primaryimage"},"image":{"@id":"https:\/\/www.blueoceanmaldives.com\/es\/producto\/central-atolls-surf-trip-by-yako-surf\/#primaryimage"},"thumbnailUrl":"https:\/\/www.blueoceanmaldives.com\/wp-content\/uploads\/2025\/12\/DJI_0266-scaled.jpg","datePublished":"2025-12-27T10:02:50+00:00","dateModified":"2026-04-13T18:34:29+00:00","breadcrumb":{"@id":"https:\/\/www.blueoceanmaldives.com\/es\/producto\/central-atolls-surf-trip-by-yako-surf\/#breadcrumb"},"inLanguage":"es","potentialAction":[{"@type":"ReadAction","target":["https:\/\/www.blueoceanmaldives.com\/es\/producto\/central-atolls-surf-trip-by-yako-surf\/"]}]},{"@type":"ImageObject","inLanguage":"es","@id":"https:\/\/www.blueoceanmaldives.com\/es\/producto\/central-atolls-surf-trip-by-yako-surf\/#primaryimage","url":"https:\/\/www.blueoceanmaldives.com\/wp-content\/uploads\/2025\/12\/DJI_0266-scaled.jpg","contentUrl":"https:\/\/www.blueoceanmaldives.com\/wp-content\/uploads\/2025\/12\/DJI_0266-scaled.jpg","width":2560,"height":1438},{"@type":"BreadcrumbList","@id":"https:\/\/www.blueoceanmaldives.com\/es\/producto\/central-atolls-surf-trip-by-yako-surf\/#breadcrumb","itemListElement":[{"@type":"ListItem","position":1,"name":"Home","item":"https:\/\/www.blueoceanmaldives.com\/es\/"},{"@type":"ListItem","position":2,"name":"Tienda","item":"https:\/\/www.blueoceanmaldives.com\/es\/tienda\/"},{"@type":"ListItem","position":3,"name":"CENTRAL ATOLLS SURF TRIP BY YAKO SURF 2026"}]},{"@type":"WebSite","@id":"https:\/\/www.blueoceanmaldives.com\/#website","url":"https:\/\/www.blueoceanmaldives.com\/","name":"Blue Ocean Maldives","description":"Un para\u00edso para disfrutar","publisher":{"@id":"https:\/\/www.blueoceanmaldives.com\/#organization"},"potentialAction":[{"@type":"SearchAction","target":{"@type":"EntryPoint","urlTemplate":"https:\/\/www.blueoceanmaldives.com\/?s={search_term_string}"},"query-input":{"@type":"PropertyValueSpecification","valueRequired":true,"valueName":"search_term_string"}}],"inLanguage":"es"},{"@type":"Organization","@id":"https:\/\/www.blueoceanmaldives.com\/#organization","name":"Blue Ocean Maldives","url":"https:\/\/www.blueoceanmaldives.com\/","logo":{"@type":"ImageObject","inLanguage":"es","@id":"https:\/\/www.blueoceanmaldives.com\/#\/schema\/logo\/image\/","url":"https:\/\/www.blueoceanmaldives.com\/wp-content\/uploads\/2021\/11\/BOM_logo2-color.png","contentUrl":"https:\/\/www.blueoceanmaldives.com\/wp-content\/uploads\/2021\/11\/BOM_logo2-color.png","width":2339,"height":577,"caption":"Blue Ocean Maldives"},"image":{"@id":"https:\/\/www.blueoceanmaldives.com\/#\/schema\/logo\/image\/"},"sameAs":["https:\/\/www.facebook.com\/Blueoceanmaldives\/","https:\/\/www.instagram.com\/blueocean_maldives\/?hl=es"]}]}},"_links":{"self":[{"href":"https:\/\/www.blueoceanmaldives.com\/es\/wp-json\/wp\/v2\/product\/5720","targetHints":{"allow":["GET"]}}],"collection":[{"href":"https:\/\/www.blueoceanmaldives.com\/es\/wp-json\/wp\/v2\/product"}],"about":[{"href":"https:\/\/www.blueoceanmaldives.com\/es\/wp-json\/wp\/v2\/types\/product"}],"wp:featuredmedia":[{"embeddable":true,"href":"https:\/\/www.blueoceanmaldives.com\/es\/wp-json\/wp\/v2\/media\/5715"}],"wp:attachment":[{"href":"https:\/\/www.blueoceanmaldives.com\/es\/wp-json\/wp\/v2\/media?parent=5720"}],"wp:term":[{"taxonomy":"product_brand","embeddable":true,"href":"https:\/\/www.blueoceanmaldives.com\/es\/wp-json\/wp\/v2\/product_brand?post=5720"},{"taxonomy":"product_cat","embeddable":true,"href":"https:\/\/www.blueoceanmaldives.com\/es\/wp-json\/wp\/v2\/product_cat?post=5720"},{"taxonomy":"product_tag","embeddable":true,"href":"https:\/\/www.blueoceanmaldives.com\/es\/wp-json\/wp\/v2\/product_tag?post=5720"}],"curies":[{"name":"wp","href":"https:\/\/api.w.org\/{rel}","templated":true}]}}