{"id":6230,"date":"2026-02-13T19:58:30","date_gmt":"2026-02-13T18:58:30","guid":{"rendered":"https:\/\/www.blueoceanmaldives.com\/?post_type=product&#038;p=6230"},"modified":"2026-04-15T12:56:07","modified_gmt":"2026-04-15T10:56:07","slug":"central-atolls-surf-trip-copy","status":"publish","type":"product","link":"https:\/\/www.blueoceanmaldives.com\/es\/producto\/central-atolls-surf-trip-copy\/","title":{"rendered":"SURF PRIME WITH ALEMAO DE MARESIAS &#8211; AYADA 2026"},"content":{"rendered":"<p>Surf Prime 2026 en Ayada es un viaje dise\u00f1ado a prop\u00f3sito para un grupo peque\u00f1o y seleccionado, que combina lujo, progreso serio en el surf y seguridad real en el oc\u00e9ano, en uno de los resorts cinco estrellas m\u00e1s ic\u00f3nicos de los atolones del sur de Maldivas. Ayada es el escenario de todo, con el nivel de confort, espacio y servicio de una isla privada, rodeado de arrecifes pr\u00edstinos y de ese paisaje remoto que solo se encuentra tan al sur. Durante 10 d\u00edas inolvidables, compartir\u00e1s el oc\u00e9ano con Alem\u00e3o de Mares\u00edas, un nombre respetado a nivel mundial en surf de olas grandes, rescate acu\u00e1tico y pilotaje de jet ski, y acceder\u00e1s a conocimiento pr\u00e1ctico de alto nivel que va mucho m\u00e1s all\u00e1 de unas vacaciones de surf est\u00e1ndar. Aprender\u00e1s t\u00e9cnicas esenciales de seguridad y salvamento, protocolos reales y una conciencia del mar m\u00e1s avanzada, adem\u00e1s de manejo de jet ski para apoyo al surf, posicionamiento y asistencia en el agua, todo ense\u00f1ado con el enfoque calmado y controlado que se utiliza en lugares como Nazar\u00e9. El punto culminante es surfear junto a Alem\u00e3o bajo supervisi\u00f3n experta, en un entorno pensado para la recuperaci\u00f3n y el confort, con la privacidad cinco estrellas de Ayada, gastronom\u00eda de primer nivel y una atm\u00f3sfera verdaderamente exclusiva entre sesiones. Surf Prime 2026 es para quienes quieren vivir Maldivas como se debe, premium, curado y limitado, sin multitudes y sin improvisaci\u00f3n.<\/p>\n","protected":false},"excerpt":{"rendered":"<p>SURF PRIME CON ALEM\u00c3O DE MARES\u00cdAS &#8211; AYADA<\/p>\n","protected":false},"featured_media":6247,"template":"","meta":{"_acf_changed":false},"product_brand":[],"product_cat":[48],"product_tag":[],"class_list":{"0":"post-6230","1":"product","2":"type-product","3":"status-publish","4":"has-post-thumbnail","6":"product_cat-surf","8":"first","9":"outofstock","10":"shipping-taxable","11":"purchasable","12":"product-type-simple"},"acf":[],"yoast_head":"<!-- This site is optimized with the Yoast SEO plugin v26.7 - https:\/\/yoast.com\/wordpress\/plugins\/seo\/ -->\n<title>SURF PRIME WITH ALEMAO DE MARESIAS - AYADA 2026 - Blue Ocean Maldives<\/title>\n<meta name=\"robots\" content=\"noindex, follow\" \/>\n<meta property=\"og:locale\" content=\"es_ES\" \/>\n<meta property=\"og:type\" content=\"article\" \/>\n<meta property=\"og:title\" content=\"SURF PRIME WITH ALEMAO DE MARESIAS - AYADA 2026 - Blue Ocean Maldives\" \/>\n<meta property=\"og:description\" content=\"SURF PRIME CON ALEM\u00c3O DE MARES\u00cdAS - AYADA\" \/>\n<meta property=\"og:url\" content=\"https:\/\/www.blueoceanmaldives.com\/es\/producto\/central-atolls-surf-trip-copy\/\" \/>\n<meta property=\"og:site_name\" content=\"Blue Ocean Maldives\" \/>\n<meta property=\"article:publisher\" content=\"https:\/\/www.facebook.com\/Blueoceanmaldives\/\" \/>\n<meta property=\"article:modified_time\" content=\"2026-04-15T10:56:07+00:00\" \/>\n<meta property=\"og:image\" content=\"https:\/\/www.blueoceanmaldives.com\/wp-content\/uploads\/2026\/02\/IMG-20260211-WA0057-scaled.jpg\" \/>\n\t<meta property=\"og:image:width\" content=\"2560\" \/>\n\t<meta property=\"og:image:height\" content=\"1707\" \/>\n\t<meta property=\"og:image:type\" content=\"image\/jpeg\" \/>\n<meta name=\"twitter:card\" content=\"summary_large_image\" \/>\n<meta name=\"twitter:label1\" content=\"Tiempo de lectura\" \/>\n\t<meta name=\"twitter:data1\" content=\"1 minuto\" \/>\n<script type=\"application\/ld+json\" class=\"yoast-schema-graph\">{\"@context\":\"https:\/\/schema.org\",\"@graph\":[{\"@type\":\"WebPage\",\"@id\":\"https:\/\/www.blueoceanmaldives.com\/es\/producto\/central-atolls-surf-trip-copy\/\",\"url\":\"https:\/\/www.blueoceanmaldives.com\/es\/producto\/central-atolls-surf-trip-copy\/\",\"name\":\"SURF PRIME WITH ALEMAO DE MARESIAS - AYADA 2026 - Blue Ocean Maldives\",\"isPartOf\":{\"@id\":\"https:\/\/www.blueoceanmaldives.com\/#website\"},\"primaryImageOfPage\":{\"@id\":\"https:\/\/www.blueoceanmaldives.com\/es\/producto\/central-atolls-surf-trip-copy\/#primaryimage\"},\"image\":{\"@id\":\"https:\/\/www.blueoceanmaldives.com\/es\/producto\/central-atolls-surf-trip-copy\/#primaryimage\"},\"thumbnailUrl\":\"https:\/\/www.blueoceanmaldives.com\/wp-content\/uploads\/2026\/02\/IMG-20260211-WA0057-scaled.jpg\",\"datePublished\":\"2026-02-13T18:58:30+00:00\",\"dateModified\":\"2026-04-15T10:56:07+00:00\",\"breadcrumb\":{\"@id\":\"https:\/\/www.blueoceanmaldives.com\/es\/producto\/central-atolls-surf-trip-copy\/#breadcrumb\"},\"inLanguage\":\"es\",\"potentialAction\":[{\"@type\":\"ReadAction\",\"target\":[\"https:\/\/www.blueoceanmaldives.com\/es\/producto\/central-atolls-surf-trip-copy\/\"]}]},{\"@type\":\"ImageObject\",\"inLanguage\":\"es\",\"@id\":\"https:\/\/www.blueoceanmaldives.com\/es\/producto\/central-atolls-surf-trip-copy\/#primaryimage\",\"url\":\"https:\/\/www.blueoceanmaldives.com\/wp-content\/uploads\/2026\/02\/IMG-20260211-WA0057-scaled.jpg\",\"contentUrl\":\"https:\/\/www.blueoceanmaldives.com\/wp-content\/uploads\/2026\/02\/IMG-20260211-WA0057-scaled.jpg\",\"width\":2560,\"height\":1707},{\"@type\":\"BreadcrumbList\",\"@id\":\"https:\/\/www.blueoceanmaldives.com\/es\/producto\/central-atolls-surf-trip-copy\/#breadcrumb\",\"itemListElement\":[{\"@type\":\"ListItem\",\"position\":1,\"name\":\"Home\",\"item\":\"https:\/\/www.blueoceanmaldives.com\/es\/\"},{\"@type\":\"ListItem\",\"position\":2,\"name\":\"Tienda\",\"item\":\"https:\/\/www.blueoceanmaldives.com\/es\/tienda\/\"},{\"@type\":\"ListItem\",\"position\":3,\"name\":\"SURF PRIME WITH ALEMAO DE MARESIAS &#8211; AYADA 2026\"}]},{\"@type\":\"WebSite\",\"@id\":\"https:\/\/www.blueoceanmaldives.com\/#website\",\"url\":\"https:\/\/www.blueoceanmaldives.com\/\",\"name\":\"Blue Ocean Maldives\",\"description\":\"Un para\u00edso para disfrutar\",\"publisher\":{\"@id\":\"https:\/\/www.blueoceanmaldives.com\/#organization\"},\"potentialAction\":[{\"@type\":\"SearchAction\",\"target\":{\"@type\":\"EntryPoint\",\"urlTemplate\":\"https:\/\/www.blueoceanmaldives.com\/?s={search_term_string}\"},\"query-input\":{\"@type\":\"PropertyValueSpecification\",\"valueRequired\":true,\"valueName\":\"search_term_string\"}}],\"inLanguage\":\"es\"},{\"@type\":\"Organization\",\"@id\":\"https:\/\/www.blueoceanmaldives.com\/#organization\",\"name\":\"Blue Ocean Maldives\",\"url\":\"https:\/\/www.blueoceanmaldives.com\/\",\"logo\":{\"@type\":\"ImageObject\",\"inLanguage\":\"es\",\"@id\":\"https:\/\/www.blueoceanmaldives.com\/#\/schema\/logo\/image\/\",\"url\":\"https:\/\/www.blueoceanmaldives.com\/wp-content\/uploads\/2021\/11\/BOM_logo2-color.png\",\"contentUrl\":\"https:\/\/www.blueoceanmaldives.com\/wp-content\/uploads\/2021\/11\/BOM_logo2-color.png\",\"width\":2339,\"height\":577,\"caption\":\"Blue Ocean Maldives\"},\"image\":{\"@id\":\"https:\/\/www.blueoceanmaldives.com\/#\/schema\/logo\/image\/\"},\"sameAs\":[\"https:\/\/www.facebook.com\/Blueoceanmaldives\/\",\"https:\/\/www.instagram.com\/blueocean_maldives\/?hl=es\"]}]}<\/script>\n<!-- \/ Yoast SEO plugin. -->","yoast_head_json":{"title":"SURF PRIME WITH ALEMAO DE MARESIAS - AYADA 2026 - Blue Ocean Maldives","robots":{"index":"noindex","follow":"follow"},"og_locale":"es_ES","og_type":"article","og_title":"SURF PRIME WITH ALEMAO DE MARESIAS - AYADA 2026 - Blue Ocean Maldives","og_description":"SURF PRIME CON ALEM\u00c3O DE MARES\u00cdAS - AYADA","og_url":"https:\/\/www.blueoceanmaldives.com\/es\/producto\/central-atolls-surf-trip-copy\/","og_site_name":"Blue Ocean Maldives","article_publisher":"https:\/\/www.facebook.com\/Blueoceanmaldives\/","article_modified_time":"2026-04-15T10:56:07+00:00","og_image":[{"width":2560,"height":1707,"url":"https:\/\/www.blueoceanmaldives.com\/wp-content\/uploads\/2026\/02\/IMG-20260211-WA0057-scaled.jpg","type":"image\/jpeg"}],"twitter_card":"summary_large_image","twitter_misc":{"Tiempo de lectura":"1 minuto"},"schema":{"@context":"https:\/\/schema.org","@graph":[{"@type":"WebPage","@id":"https:\/\/www.blueoceanmaldives.com\/es\/producto\/central-atolls-surf-trip-copy\/","url":"https:\/\/www.blueoceanmaldives.com\/es\/producto\/central-atolls-surf-trip-copy\/","name":"SURF PRIME WITH ALEMAO DE MARESIAS - AYADA 2026 - Blue Ocean Maldives","isPartOf":{"@id":"https:\/\/www.blueoceanmaldives.com\/#website"},"primaryImageOfPage":{"@id":"https:\/\/www.blueoceanmaldives.com\/es\/producto\/central-atolls-surf-trip-copy\/#primaryimage"},"image":{"@id":"https:\/\/www.blueoceanmaldives.com\/es\/producto\/central-atolls-surf-trip-copy\/#primaryimage"},"thumbnailUrl":"https:\/\/www.blueoceanmaldives.com\/wp-content\/uploads\/2026\/02\/IMG-20260211-WA0057-scaled.jpg","datePublished":"2026-02-13T18:58:30+00:00","dateModified":"2026-04-15T10:56:07+00:00","breadcrumb":{"@id":"https:\/\/www.blueoceanmaldives.com\/es\/producto\/central-atolls-surf-trip-copy\/#breadcrumb"},"inLanguage":"es","potentialAction":[{"@type":"ReadAction","target":["https:\/\/www.blueoceanmaldives.com\/es\/producto\/central-atolls-surf-trip-copy\/"]}]},{"@type":"ImageObject","inLanguage":"es","@id":"https:\/\/www.blueoceanmaldives.com\/es\/producto\/central-atolls-surf-trip-copy\/#primaryimage","url":"https:\/\/www.blueoceanmaldives.com\/wp-content\/uploads\/2026\/02\/IMG-20260211-WA0057-scaled.jpg","contentUrl":"https:\/\/www.blueoceanmaldives.com\/wp-content\/uploads\/2026\/02\/IMG-20260211-WA0057-scaled.jpg","width":2560,"height":1707},{"@type":"BreadcrumbList","@id":"https:\/\/www.blueoceanmaldives.com\/es\/producto\/central-atolls-surf-trip-copy\/#breadcrumb","itemListElement":[{"@type":"ListItem","position":1,"name":"Home","item":"https:\/\/www.blueoceanmaldives.com\/es\/"},{"@type":"ListItem","position":2,"name":"Tienda","item":"https:\/\/www.blueoceanmaldives.com\/es\/tienda\/"},{"@type":"ListItem","position":3,"name":"SURF PRIME WITH ALEMAO DE MARESIAS &#8211; AYADA 2026"}]},{"@type":"WebSite","@id":"https:\/\/www.blueoceanmaldives.com\/#website","url":"https:\/\/www.blueoceanmaldives.com\/","name":"Blue Ocean Maldives","description":"Un para\u00edso para disfrutar","publisher":{"@id":"https:\/\/www.blueoceanmaldives.com\/#organization"},"potentialAction":[{"@type":"SearchAction","target":{"@type":"EntryPoint","urlTemplate":"https:\/\/www.blueoceanmaldives.com\/?s={search_term_string}"},"query-input":{"@type":"PropertyValueSpecification","valueRequired":true,"valueName":"search_term_string"}}],"inLanguage":"es"},{"@type":"Organization","@id":"https:\/\/www.blueoceanmaldives.com\/#organization","name":"Blue Ocean Maldives","url":"https:\/\/www.blueoceanmaldives.com\/","logo":{"@type":"ImageObject","inLanguage":"es","@id":"https:\/\/www.blueoceanmaldives.com\/#\/schema\/logo\/image\/","url":"https:\/\/www.blueoceanmaldives.com\/wp-content\/uploads\/2021\/11\/BOM_logo2-color.png","contentUrl":"https:\/\/www.blueoceanmaldives.com\/wp-content\/uploads\/2021\/11\/BOM_logo2-color.png","width":2339,"height":577,"caption":"Blue Ocean Maldives"},"image":{"@id":"https:\/\/www.blueoceanmaldives.com\/#\/schema\/logo\/image\/"},"sameAs":["https:\/\/www.facebook.com\/Blueoceanmaldives\/","https:\/\/www.instagram.com\/blueocean_maldives\/?hl=es"]}]}},"_links":{"self":[{"href":"https:\/\/www.blueoceanmaldives.com\/es\/wp-json\/wp\/v2\/product\/6230","targetHints":{"allow":["GET"]}}],"collection":[{"href":"https:\/\/www.blueoceanmaldives.com\/es\/wp-json\/wp\/v2\/product"}],"about":[{"href":"https:\/\/www.blueoceanmaldives.com\/es\/wp-json\/wp\/v2\/types\/product"}],"wp:featuredmedia":[{"embeddable":true,"href":"https:\/\/www.blueoceanmaldives.com\/es\/wp-json\/wp\/v2\/media\/6247"}],"wp:attachment":[{"href":"https:\/\/www.blueoceanmaldives.com\/es\/wp-json\/wp\/v2\/media?parent=6230"}],"wp:term":[{"taxonomy":"product_brand","embeddable":true,"href":"https:\/\/www.blueoceanmaldives.com\/es\/wp-json\/wp\/v2\/product_brand?post=6230"},{"taxonomy":"product_cat","embeddable":true,"href":"https:\/\/www.blueoceanmaldives.com\/es\/wp-json\/wp\/v2\/product_cat?post=6230"},{"taxonomy":"product_tag","embeddable":true,"href":"https:\/\/www.blueoceanmaldives.com\/es\/wp-json\/wp\/v2\/product_tag?post=6230"}],"curies":[{"name":"wp","href":"https:\/\/api.w.org\/{rel}","templated":true}]}}